{"id":1364516,"date":"2025-01-17T18:32:23","date_gmt":"2025-01-17T16:32:23","guid":{"rendered":"https:\/\/games.tactic.net\/tuote\/plasto-tractor-with-frontloader-trailer-565-cm-2\/"},"modified":"2026-04-09T15:44:16","modified_gmt":"2026-04-09T12:44:16","slug":"plasto-tractor-with-frontloader-trailer-565-cm-2","status":"publish","type":"product","link":"https:\/\/games.tactic.net\/sv\/tuote\/plasto-tractor-with-frontloader-trailer-565-cm-2\/","title":{"rendered":"PLASTO Tractor with frontloader  trailer 56,5 cm"},"content":{"rendered":"<p>Barnens favorit! H\u00e5llbar Plasto traktor med frontlastare och sl\u00e4p! L\u00e4ngd 56,5 cm. H\u00f6jd16 cm. Bredd 16,5 cm. \u00a0\u00c5ldersrekommendation 1+. Tillverkad i Finland.<\/p>\n","protected":false},"excerpt":{"rendered":"<p>Barnens favorit! H\u00e5llbar Plasto traktor med frontlastare och sl\u00e4p! L\u00e4ngd 56,5 cm. H\u00f6jd16 cm. Bredd 16,5 cm. \u00a0\u00c5ldersrekommendation 1+. Tillverkad i Finland.<\/p>\n","protected":false},"featured_media":0,"template":"","meta":{"content-type":"","_monsterinsights_skip_tracking":false,"_monsterinsights_sitenote_active":false,"_monsterinsights_sitenote_note":"","_monsterinsights_sitenote_category":0},"product_brand":[],"product_cat":[2305],"product_tag":[],"brand":[{"id":2317,"name":"Plasto","slug":"plasto-5"}],"target-group":[],"discontinued":[],"class_list":{"0":"post-1364516","1":"product","2":"type-product","3":"status-publish","5":"product_cat-plasto","6":"brand-plasto-5","8":"first","9":"instock","10":"taxable","11":"shipping-taxable","12":"product-type-simple"},"aioseo_notices":[],"_links":{"self":[{"href":"https:\/\/games.tactic.net\/sv\/wp-json\/wp\/v2\/product\/1364516","targetHints":{"allow":["GET"]}}],"collection":[{"href":"https:\/\/games.tactic.net\/sv\/wp-json\/wp\/v2\/product"}],"about":[{"href":"https:\/\/games.tactic.net\/sv\/wp-json\/wp\/v2\/types\/product"}],"wp:attachment":[{"href":"https:\/\/games.tactic.net\/sv\/wp-json\/wp\/v2\/media?parent=1364516"}],"wp:term":[{"taxonomy":"product_brand","embeddable":true,"href":"https:\/\/games.tactic.net\/sv\/wp-json\/wp\/v2\/product_brand?post=1364516"},{"taxonomy":"product_cat","embeddable":true,"href":"https:\/\/games.tactic.net\/sv\/wp-json\/wp\/v2\/product_cat?post=1364516"},{"taxonomy":"product_tag","embeddable":true,"href":"https:\/\/games.tactic.net\/sv\/wp-json\/wp\/v2\/product_tag?post=1364516"},{"taxonomy":"brand","embeddable":true,"href":"https:\/\/games.tactic.net\/sv\/wp-json\/wp\/v2\/brand?post=1364516"},{"taxonomy":"target-group","embeddable":true,"href":"https:\/\/games.tactic.net\/sv\/wp-json\/wp\/v2\/target-group?post=1364516"},{"taxonomy":"discontinued","embeddable":true,"href":"https:\/\/games.tactic.net\/sv\/wp-json\/wp\/v2\/discontinued?post=1364516"}],"curies":[{"name":"wp","href":"https:\/\/api.w.org\/{rel}","templated":true}]}}