{"id":1364501,"date":"2025-01-17T18:30:58","date_gmt":"2025-01-17T16:30:58","guid":{"rendered":"https:\/\/games.tactic.net\/tuote\/plasto-baby-swing-with-ropes-black\/"},"modified":"2025-03-17T13:06:06","modified_gmt":"2025-03-17T11:06:06","slug":"plasto-baby-swing-with-ropes-black","status":"publish","type":"product","link":"https:\/\/games.tactic.net\/sv\/tuote\/plasto-baby-swing-with-ropes-black\/","title":{"rendered":"PLASTO Baby swing with ropes, black"},"content":{"rendered":"<p>I den h\u00e4r gungan sitter babyn tryggt och bekv\u00e4mt. H\u00f6jd 26 cm. Bredd 35 cm. \u00c5ldersrekommendation 10 m\u00e5nader+ . Viktgr\u00e4ns 30\u00a0kg. Tillverkad i Finland.<\/p>\n","protected":false},"excerpt":{"rendered":"<p>I den h\u00e4r gungan sitter babyn tryggt och bekv\u00e4mt. H\u00f6jd 26 cm. Bredd 35 cm. \u00c5ldersrekommendation 10 m\u00e5nader+ . Viktgr\u00e4ns 30\u00a0kg. Tillverkad i Finland.<\/p>\n","protected":false},"featured_media":0,"template":"","meta":{"content-type":"","_monsterinsights_skip_tracking":false,"_monsterinsights_sitenote_active":false,"_monsterinsights_sitenote_note":"","_monsterinsights_sitenote_category":0},"product_brand":[],"product_cat":[2305],"product_tag":[],"brand":[{"id":2317,"name":"Plasto","slug":"plasto-5"}],"target-group":[],"discontinued":[],"class_list":{"0":"post-1364501","1":"product","2":"type-product","3":"status-publish","5":"product_cat-plasto","6":"brand-plasto-5","8":"first","9":"instock","10":"taxable","11":"shipping-taxable","12":"product-type-simple"},"aioseo_notices":[],"_links":{"self":[{"href":"https:\/\/games.tactic.net\/sv\/wp-json\/wp\/v2\/product\/1364501","targetHints":{"allow":["GET"]}}],"collection":[{"href":"https:\/\/games.tactic.net\/sv\/wp-json\/wp\/v2\/product"}],"about":[{"href":"https:\/\/games.tactic.net\/sv\/wp-json\/wp\/v2\/types\/product"}],"wp:attachment":[{"href":"https:\/\/games.tactic.net\/sv\/wp-json\/wp\/v2\/media?parent=1364501"}],"wp:term":[{"taxonomy":"product_brand","embeddable":true,"href":"https:\/\/games.tactic.net\/sv\/wp-json\/wp\/v2\/product_brand?post=1364501"},{"taxonomy":"product_cat","embeddable":true,"href":"https:\/\/games.tactic.net\/sv\/wp-json\/wp\/v2\/product_cat?post=1364501"},{"taxonomy":"product_tag","embeddable":true,"href":"https:\/\/games.tactic.net\/sv\/wp-json\/wp\/v2\/product_tag?post=1364501"},{"taxonomy":"brand","embeddable":true,"href":"https:\/\/games.tactic.net\/sv\/wp-json\/wp\/v2\/brand?post=1364501"},{"taxonomy":"target-group","embeddable":true,"href":"https:\/\/games.tactic.net\/sv\/wp-json\/wp\/v2\/target-group?post=1364501"},{"taxonomy":"discontinued","embeddable":true,"href":"https:\/\/games.tactic.net\/sv\/wp-json\/wp\/v2\/discontinued?post=1364501"}],"curies":[{"name":"wp","href":"https:\/\/api.w.org\/{rel}","templated":true}]}}