{"id":1364491,"date":"2025-01-17T18:30:04","date_gmt":"2025-01-17T16:30:04","guid":{"rendered":"https:\/\/games.tactic.net\/tuote\/plasto-truck-1653-shoveldozer-1655-assorted-in-di\/"},"modified":"2026-04-09T15:43:20","modified_gmt":"2026-04-09T12:43:20","slug":"plasto-truck-1653-shoveldozer-1655-assorted-in-di","status":"publish","type":"product","link":"https:\/\/games.tactic.net\/sv\/tuote\/plasto-truck-1653-shoveldozer-1655-assorted-in-di\/","title":{"rendered":"PLASTO Truck 1653, Shoveldozer 1655 assorted in di"},"content":{"rendered":"<p>Plasto fordonssortering: extremt h\u00e5llbar lastbil och frontlastare.  L\u00e4ngden p\u00e5 fordonen 30 cm. V\u00e4lj din favorit eller b\u00e5da! \u00c5ldersrekommendation 1+. Tillverkad i Finland.<\/p>\n","protected":false},"excerpt":{"rendered":"<p>Plasto fordonssortering: extremt h\u00e5llbar lastbil och frontlastare. L\u00e4ngden p\u00e5 fordonen 30 cm. V\u00e4lj din favorit eller b\u00e5da! \u00c5ldersrekommendation 1+. Tillverkad i Finland.<\/p>\n","protected":false},"featured_media":0,"template":"","meta":{"content-type":"","_monsterinsights_skip_tracking":false,"_monsterinsights_sitenote_active":false,"_monsterinsights_sitenote_note":"","_monsterinsights_sitenote_category":0},"product_brand":[],"product_cat":[2305],"product_tag":[],"brand":[{"id":2317,"name":"Plasto","slug":"plasto-5"}],"target-group":[],"discontinued":[],"class_list":{"0":"post-1364491","1":"product","2":"type-product","3":"status-publish","5":"product_cat-plasto","6":"brand-plasto-5","8":"first","9":"instock","10":"taxable","11":"shipping-taxable","12":"product-type-simple"},"aioseo_notices":[],"_links":{"self":[{"href":"https:\/\/games.tactic.net\/sv\/wp-json\/wp\/v2\/product\/1364491","targetHints":{"allow":["GET"]}}],"collection":[{"href":"https:\/\/games.tactic.net\/sv\/wp-json\/wp\/v2\/product"}],"about":[{"href":"https:\/\/games.tactic.net\/sv\/wp-json\/wp\/v2\/types\/product"}],"wp:attachment":[{"href":"https:\/\/games.tactic.net\/sv\/wp-json\/wp\/v2\/media?parent=1364491"}],"wp:term":[{"taxonomy":"product_brand","embeddable":true,"href":"https:\/\/games.tactic.net\/sv\/wp-json\/wp\/v2\/product_brand?post=1364491"},{"taxonomy":"product_cat","embeddable":true,"href":"https:\/\/games.tactic.net\/sv\/wp-json\/wp\/v2\/product_cat?post=1364491"},{"taxonomy":"product_tag","embeddable":true,"href":"https:\/\/games.tactic.net\/sv\/wp-json\/wp\/v2\/product_tag?post=1364491"},{"taxonomy":"brand","embeddable":true,"href":"https:\/\/games.tactic.net\/sv\/wp-json\/wp\/v2\/brand?post=1364491"},{"taxonomy":"target-group","embeddable":true,"href":"https:\/\/games.tactic.net\/sv\/wp-json\/wp\/v2\/target-group?post=1364491"},{"taxonomy":"discontinued","embeddable":true,"href":"https:\/\/games.tactic.net\/sv\/wp-json\/wp\/v2\/discontinued?post=1364491"}],"curies":[{"name":"wp","href":"https:\/\/api.w.org\/{rel}","templated":true}]}}