{"id":1364453,"date":"2025-01-17T18:27:09","date_gmt":"2025-01-17T16:27:09","guid":{"rendered":"https:\/\/games.tactic.net\/tuote\/plasto-soft-neutrals-baby-walker\/"},"modified":"2026-04-09T15:41:20","modified_gmt":"2026-04-09T12:41:20","slug":"plasto-soft-neutrals-baby-walker","status":"publish","type":"product","link":"https:\/\/games.tactic.net\/sv\/tuote\/plasto-soft-neutrals-baby-walker\/","title":{"rendered":"PLASTO Soft Neutrals Baby Walker"},"content":{"rendered":"<p>Special Edition &#8211; Soft Neutrals! Lugna och avslappnande f\u00e4rger i mjuka naturliga nyanser. Stabil och s\u00e4ker Plasto l\u00e4ra-g\u00e5-vagn med tysta hjul och broms. H\u00f6jd 48 cm. \u00c5ldersrekommendation 10 M+. Ska monteras av en vuxen person. Tillverkad i Finland.<\/p>\n","protected":false},"excerpt":{"rendered":"<p>Special Edition &#8211; Soft Neutrals! Lugna och avslappnande f\u00e4rger i mjuka naturliga nyanser. Stabil och s\u00e4ker Plasto l\u00e4ra-g\u00e5-vagn med tysta hjul och broms. H\u00f6jd 48 cm. \u00c5ldersrekommendation 10 M+. Ska monteras av en vuxen person. Tillverkad i Finland.<\/p>\n","protected":false},"featured_media":0,"template":"","meta":{"content-type":"","_monsterinsights_skip_tracking":false,"_monsterinsights_sitenote_active":false,"_monsterinsights_sitenote_note":"","_monsterinsights_sitenote_category":0},"product_brand":[],"product_cat":[2305],"product_tag":[],"brand":[{"id":2317,"name":"Plasto","slug":"plasto-5"}],"target-group":[],"discontinued":[],"class_list":{"0":"post-1364453","1":"product","2":"type-product","3":"status-publish","5":"product_cat-plasto","6":"brand-plasto-5","8":"first","9":"instock","10":"taxable","11":"shipping-taxable","12":"product-type-simple"},"aioseo_notices":[],"_links":{"self":[{"href":"https:\/\/games.tactic.net\/sv\/wp-json\/wp\/v2\/product\/1364453","targetHints":{"allow":["GET"]}}],"collection":[{"href":"https:\/\/games.tactic.net\/sv\/wp-json\/wp\/v2\/product"}],"about":[{"href":"https:\/\/games.tactic.net\/sv\/wp-json\/wp\/v2\/types\/product"}],"wp:attachment":[{"href":"https:\/\/games.tactic.net\/sv\/wp-json\/wp\/v2\/media?parent=1364453"}],"wp:term":[{"taxonomy":"product_brand","embeddable":true,"href":"https:\/\/games.tactic.net\/sv\/wp-json\/wp\/v2\/product_brand?post=1364453"},{"taxonomy":"product_cat","embeddable":true,"href":"https:\/\/games.tactic.net\/sv\/wp-json\/wp\/v2\/product_cat?post=1364453"},{"taxonomy":"product_tag","embeddable":true,"href":"https:\/\/games.tactic.net\/sv\/wp-json\/wp\/v2\/product_tag?post=1364453"},{"taxonomy":"brand","embeddable":true,"href":"https:\/\/games.tactic.net\/sv\/wp-json\/wp\/v2\/brand?post=1364453"},{"taxonomy":"target-group","embeddable":true,"href":"https:\/\/games.tactic.net\/sv\/wp-json\/wp\/v2\/target-group?post=1364453"},{"taxonomy":"discontinued","embeddable":true,"href":"https:\/\/games.tactic.net\/sv\/wp-json\/wp\/v2\/discontinued?post=1364453"}],"curies":[{"name":"wp","href":"https:\/\/api.w.org\/{rel}","templated":true}]}}