{"id":1364412,"date":"2025-01-17T18:24:01","date_gmt":"2025-01-17T16:24:01","guid":{"rendered":"https:\/\/games.tactic.net\/tuote\/plasto-truck-and-shoveldozer-in-retail-box\/"},"modified":"2026-04-09T15:43:25","modified_gmt":"2026-04-09T12:43:25","slug":"plasto-truck-and-shoveldozer-in-retail-box","status":"publish","type":"product","link":"https:\/\/games.tactic.net\/sv\/tuote\/plasto-truck-and-shoveldozer-in-retail-box\/","title":{"rendered":"PLASTO Truck and Shoveldozer in retail box"},"content":{"rendered":"<p>H\u00e5llbar Plasto set inneh\u00e5ller en frontlastare och en lastbil. L\u00e4ngden p\u00e5 fordonen 30 cm. \u00c5ldersrekommendation 1+. Tillverkad\u00a0i Finland.<\/p>\n","protected":false},"excerpt":{"rendered":"<p>H\u00e5llbar Plasto set inneh\u00e5ller en frontlastare och en lastbil. L\u00e4ngden p\u00e5 fordonen 30 cm. \u00c5ldersrekommendation 1+. Tillverkad\u00a0i Finland.<\/p>\n","protected":false},"featured_media":0,"template":"","meta":{"content-type":"","_monsterinsights_skip_tracking":false,"_monsterinsights_sitenote_active":false,"_monsterinsights_sitenote_note":"","_monsterinsights_sitenote_category":0},"product_brand":[],"product_cat":[2305],"product_tag":[],"brand":[{"id":2317,"name":"Plasto","slug":"plasto-5"}],"target-group":[],"discontinued":[],"class_list":{"0":"post-1364412","1":"product","2":"type-product","3":"status-publish","5":"product_cat-plasto","6":"brand-plasto-5","8":"first","9":"instock","10":"taxable","11":"shipping-taxable","12":"product-type-simple"},"aioseo_notices":[],"_links":{"self":[{"href":"https:\/\/games.tactic.net\/sv\/wp-json\/wp\/v2\/product\/1364412","targetHints":{"allow":["GET"]}}],"collection":[{"href":"https:\/\/games.tactic.net\/sv\/wp-json\/wp\/v2\/product"}],"about":[{"href":"https:\/\/games.tactic.net\/sv\/wp-json\/wp\/v2\/types\/product"}],"wp:attachment":[{"href":"https:\/\/games.tactic.net\/sv\/wp-json\/wp\/v2\/media?parent=1364412"}],"wp:term":[{"taxonomy":"product_brand","embeddable":true,"href":"https:\/\/games.tactic.net\/sv\/wp-json\/wp\/v2\/product_brand?post=1364412"},{"taxonomy":"product_cat","embeddable":true,"href":"https:\/\/games.tactic.net\/sv\/wp-json\/wp\/v2\/product_cat?post=1364412"},{"taxonomy":"product_tag","embeddable":true,"href":"https:\/\/games.tactic.net\/sv\/wp-json\/wp\/v2\/product_tag?post=1364412"},{"taxonomy":"brand","embeddable":true,"href":"https:\/\/games.tactic.net\/sv\/wp-json\/wp\/v2\/brand?post=1364412"},{"taxonomy":"target-group","embeddable":true,"href":"https:\/\/games.tactic.net\/sv\/wp-json\/wp\/v2\/target-group?post=1364412"},{"taxonomy":"discontinued","embeddable":true,"href":"https:\/\/games.tactic.net\/sv\/wp-json\/wp\/v2\/discontinued?post=1364412"}],"curies":[{"name":"wp","href":"https:\/\/api.w.org\/{rel}","templated":true}]}}