{"id":1364392,"date":"2025-01-17T18:22:31","date_gmt":"2025-01-17T16:22:31","guid":{"rendered":"https:\/\/games.tactic.net\/tuote\/plasto-bucket-set-bioplastic\/"},"modified":"2026-04-09T15:42:38","modified_gmt":"2026-04-09T12:42:38","slug":"plasto-bucket-set-bioplastic","status":"publish","type":"product","link":"https:\/\/games.tactic.net\/sv\/tuote\/plasto-bucket-set-bioplastic\/","title":{"rendered":"PLASTO Bucket Set Bioplastic"},"content":{"rendered":"<p>Ett milj\u00f6v\u00e4nligt val! H\u00e5llbar Plasto set i bioplast \u00e4r tillverkat i Finland. Plasten i den h\u00e4r leksaken \u00e4r tillverkad av sockerr\u00f6r. Setet inneh\u00e5ller en hink, en spade och en sandform, totalt 3 delar. \u00a0Volymen p\u00e5 \u00e4r hinken 1,2 L. L\u00e4ngden p\u00e5 spaden \u00e4r 20 cm.\u00a0 \u00c5ldersrekommendation 1+. Tillverkat i Finland.<\/p>\n","protected":false},"excerpt":{"rendered":"<p>Ett milj\u00f6v\u00e4nligt val! H\u00e5llbar Plasto set i bioplast \u00e4r tillverkat i Finland. Plasten i den h\u00e4r leksaken \u00e4r tillverkad av sockerr\u00f6r. Setet inneh\u00e5ller en hink, en spade och en sandform, totalt 3 delar. \u00a0Volymen p\u00e5 \u00e4r hinken 1,2 L. L\u00e4ngden p\u00e5 spaden \u00e4r 20 cm.\u00a0 \u00c5ldersrekommendation 1+. Tillverkat i Finland.<\/p>\n","protected":false},"featured_media":0,"template":"","meta":{"content-type":"","_monsterinsights_skip_tracking":false,"_monsterinsights_sitenote_active":false,"_monsterinsights_sitenote_note":"","_monsterinsights_sitenote_category":0},"product_brand":[],"product_cat":[2305],"product_tag":[],"brand":[{"id":2317,"name":"Plasto","slug":"plasto-5"}],"target-group":[],"discontinued":[],"class_list":{"0":"post-1364392","1":"product","2":"type-product","3":"status-publish","5":"product_cat-plasto","6":"brand-plasto-5","8":"first","9":"instock","10":"taxable","11":"shipping-taxable","12":"product-type-simple"},"aioseo_notices":[],"_links":{"self":[{"href":"https:\/\/games.tactic.net\/sv\/wp-json\/wp\/v2\/product\/1364392","targetHints":{"allow":["GET"]}}],"collection":[{"href":"https:\/\/games.tactic.net\/sv\/wp-json\/wp\/v2\/product"}],"about":[{"href":"https:\/\/games.tactic.net\/sv\/wp-json\/wp\/v2\/types\/product"}],"wp:attachment":[{"href":"https:\/\/games.tactic.net\/sv\/wp-json\/wp\/v2\/media?parent=1364392"}],"wp:term":[{"taxonomy":"product_brand","embeddable":true,"href":"https:\/\/games.tactic.net\/sv\/wp-json\/wp\/v2\/product_brand?post=1364392"},{"taxonomy":"product_cat","embeddable":true,"href":"https:\/\/games.tactic.net\/sv\/wp-json\/wp\/v2\/product_cat?post=1364392"},{"taxonomy":"product_tag","embeddable":true,"href":"https:\/\/games.tactic.net\/sv\/wp-json\/wp\/v2\/product_tag?post=1364392"},{"taxonomy":"brand","embeddable":true,"href":"https:\/\/games.tactic.net\/sv\/wp-json\/wp\/v2\/brand?post=1364392"},{"taxonomy":"target-group","embeddable":true,"href":"https:\/\/games.tactic.net\/sv\/wp-json\/wp\/v2\/target-group?post=1364392"},{"taxonomy":"discontinued","embeddable":true,"href":"https:\/\/games.tactic.net\/sv\/wp-json\/wp\/v2\/discontinued?post=1364392"}],"curies":[{"name":"wp","href":"https:\/\/api.w.org\/{rel}","templated":true}]}}