{"id":1364368,"date":"2025-01-15T15:28:01","date_gmt":"2025-01-15T13:28:01","guid":{"rendered":"https:\/\/games.tactic.net\/tuote\/spelet-for-personer-som-hamnar-i-pinsamma-och-genanta-situationer\/"},"modified":"2025-06-11T09:15:28","modified_gmt":"2025-06-11T06:15:28","slug":"spelet-for-personer-som-hamnar-i-pinsamma-och-genanta-situationer","status":"archive","type":"product","link":"https:\/\/games.tactic.net\/sv\/tuote\/spelet-for-personer-som-hamnar-i-pinsamma-och-genanta-situationer\/","title":{"rendered":"Spelet f\u00f6r personer som hamnar i pinsamma och genanta situationer"},"content":{"rendered":"<p>Enkla spelregler, snabbstartat!<br \/>\nVad \u00e4r mest pinsamt?<br \/>\n\u2022Ni \u00e4r m\u00e5nga i hissen och du r\u00e5kar sl\u00e4ppa en h\u00f6gljudd fis?<br \/>\n\u2022Du grattar en kvinna till graviditeten &#8211; det visar sig att hon inte \u00e4r gravid&#8230;?!<br \/>\n\u2022Du gl\u00f6mmer l\u00e5sa d\u00f6rren n\u00e4r du bes\u00f6ker en offentlig toalett?<br \/>\nOavsett vem du \u00e4r, hittar du s\u00e4kert m\u00e5nga p\u00e5st\u00e5enden i spelet som generar dig. Och du k\u00e4nner garanterat n\u00e5gra som alltid lyckas hamna i pinsamma situationer! Kan du gissa vad som f\u00e5r de \u00f6vriga spelarna att sk\u00e4mmas mest \u00f6ver av tre valm\u00f6jligheter.<br \/>\nSnabbt och roligt spel &#8211; perfekt present!<\/p>\n","protected":false},"excerpt":{"rendered":"<p>Enkla spelregler, snabbstartat! Vad \u00e4r mest pinsamt? \u2022Ni \u00e4r m\u00e5nga i hissen och du r\u00e5kar sl\u00e4ppa en h\u00f6gljudd fis? \u2022Du grattar en kvinna till graviditeten &#8211; det visar sig att hon inte \u00e4r gravid&#8230;?! \u2022Du gl\u00f6mmer l\u00e5sa d\u00f6rren n\u00e4r du bes\u00f6ker en offentlig toalett? Oavsett vem du \u00e4r, hittar du s\u00e4kert m\u00e5nga p\u00e5st\u00e5enden i spelet [&hellip;]<\/p>\n","protected":false},"featured_media":0,"template":"","meta":{"content-type":"","_monsterinsights_skip_tracking":false,"_monsterinsights_sitenote_active":false,"_monsterinsights_sitenote_note":"","_monsterinsights_sitenote_category":0},"product_brand":[],"product_cat":[1541,1540],"product_tag":[],"brand":[],"target-group":[],"discontinued":[],"class_list":{"0":"post-1364368","1":"product","2":"type-product","3":"status-archive","5":"product_cat-party-spel-vuxenspel","6":"product_cat-partyspel","8":"first","9":"outofstock","10":"taxable","11":"shipping-taxable","12":"product-type-simple"},"aioseo_notices":[],"_links":{"self":[{"href":"https:\/\/games.tactic.net\/sv\/wp-json\/wp\/v2\/product\/1364368","targetHints":{"allow":["GET"]}}],"collection":[{"href":"https:\/\/games.tactic.net\/sv\/wp-json\/wp\/v2\/product"}],"about":[{"href":"https:\/\/games.tactic.net\/sv\/wp-json\/wp\/v2\/types\/product"}],"wp:attachment":[{"href":"https:\/\/games.tactic.net\/sv\/wp-json\/wp\/v2\/media?parent=1364368"}],"wp:term":[{"taxonomy":"product_brand","embeddable":true,"href":"https:\/\/games.tactic.net\/sv\/wp-json\/wp\/v2\/product_brand?post=1364368"},{"taxonomy":"product_cat","embeddable":true,"href":"https:\/\/games.tactic.net\/sv\/wp-json\/wp\/v2\/product_cat?post=1364368"},{"taxonomy":"product_tag","embeddable":true,"href":"https:\/\/games.tactic.net\/sv\/wp-json\/wp\/v2\/product_tag?post=1364368"},{"taxonomy":"brand","embeddable":true,"href":"https:\/\/games.tactic.net\/sv\/wp-json\/wp\/v2\/brand?post=1364368"},{"taxonomy":"target-group","embeddable":true,"href":"https:\/\/games.tactic.net\/sv\/wp-json\/wp\/v2\/target-group?post=1364368"},{"taxonomy":"discontinued","embeddable":true,"href":"https:\/\/games.tactic.net\/sv\/wp-json\/wp\/v2\/discontinued?post=1364368"}],"curies":[{"name":"wp","href":"https:\/\/api.w.org\/{rel}","templated":true}]}}