{"id":1364367,"date":"2025-01-15T15:27:29","date_gmt":"2025-01-15T13:27:29","guid":{"rendered":"https:\/\/games.tactic.net\/tuote\/spelet-for-griniga-gamla-surgubbar-gnalliga-karringar-och-andra-frustrerade-personer\/"},"modified":"2025-06-11T09:14:54","modified_gmt":"2025-06-11T06:14:54","slug":"spelet-for-griniga-gamla-surgubbar-gnalliga-karringar-och-andra-frustrerade-personer","status":"archive","type":"product","link":"https:\/\/games.tactic.net\/sv\/tuote\/spelet-for-griniga-gamla-surgubbar-gnalliga-karringar-och-andra-frustrerade-personer\/","title":{"rendered":"Spelet f\u00f6r Griniga Gamla Surgubbar, gn\u00e4lliga k\u00e4rringar och andra frustrerade personer!"},"content":{"rendered":"<p>Enkla spelregler, snabbstartat!<br \/>\nVad irriterar dig mest? Vad blir du sj\u00e4lv sur och f\u00f6rbannad p\u00e5?<br \/>\nDen som tr\u00e4nger sig f\u00f6re i k\u00f6n? Den p\u00e5 bussen som pratar h\u00f6gt i sin mobil? Eller bilisten som sv\u00e4nger utan att anv\u00e4nda blinkers?<br \/>\nOavsett vem du \u00e4r, hittar du s\u00e4kert m\u00e5nga p\u00e5st\u00e5enden i spelet som irriterar dig. Om du OCH minst en annan spelare blir sura \u00f6ver samma sak f\u00e5r ni po\u00e4ng. Snabbt och roligt spel f\u00f6r alla &#8221;griniga gamla surgubbar, gn\u00e4lliga k\u00e4rringar och andra frustrerade personer&#8221;!<br \/>\nSnabbt och roligt spel. Perfekt present!<\/p>\n","protected":false},"excerpt":{"rendered":"<p>Enkla spelregler, snabbstartat! Vad irriterar dig mest? Vad blir du sj\u00e4lv sur och f\u00f6rbannad p\u00e5? Den som tr\u00e4nger sig f\u00f6re i k\u00f6n? Den p\u00e5 bussen som pratar h\u00f6gt i sin mobil? Eller bilisten som sv\u00e4nger utan att anv\u00e4nda blinkers? Oavsett vem du \u00e4r, hittar du s\u00e4kert m\u00e5nga p\u00e5st\u00e5enden i spelet som irriterar dig. Om du [&hellip;]<\/p>\n","protected":false},"featured_media":0,"template":"","meta":{"content-type":"","_monsterinsights_skip_tracking":false,"_monsterinsights_sitenote_active":false,"_monsterinsights_sitenote_note":"","_monsterinsights_sitenote_category":0},"product_brand":[],"product_cat":[1541,1540],"product_tag":[],"brand":[],"target-group":[],"discontinued":[],"class_list":{"0":"post-1364367","1":"product","2":"type-product","3":"status-archive","5":"product_cat-party-spel-vuxenspel","6":"product_cat-partyspel","8":"first","9":"outofstock","10":"taxable","11":"shipping-taxable","12":"product-type-simple"},"aioseo_notices":[],"_links":{"self":[{"href":"https:\/\/games.tactic.net\/sv\/wp-json\/wp\/v2\/product\/1364367","targetHints":{"allow":["GET"]}}],"collection":[{"href":"https:\/\/games.tactic.net\/sv\/wp-json\/wp\/v2\/product"}],"about":[{"href":"https:\/\/games.tactic.net\/sv\/wp-json\/wp\/v2\/types\/product"}],"wp:attachment":[{"href":"https:\/\/games.tactic.net\/sv\/wp-json\/wp\/v2\/media?parent=1364367"}],"wp:term":[{"taxonomy":"product_brand","embeddable":true,"href":"https:\/\/games.tactic.net\/sv\/wp-json\/wp\/v2\/product_brand?post=1364367"},{"taxonomy":"product_cat","embeddable":true,"href":"https:\/\/games.tactic.net\/sv\/wp-json\/wp\/v2\/product_cat?post=1364367"},{"taxonomy":"product_tag","embeddable":true,"href":"https:\/\/games.tactic.net\/sv\/wp-json\/wp\/v2\/product_tag?post=1364367"},{"taxonomy":"brand","embeddable":true,"href":"https:\/\/games.tactic.net\/sv\/wp-json\/wp\/v2\/brand?post=1364367"},{"taxonomy":"target-group","embeddable":true,"href":"https:\/\/games.tactic.net\/sv\/wp-json\/wp\/v2\/target-group?post=1364367"},{"taxonomy":"discontinued","embeddable":true,"href":"https:\/\/games.tactic.net\/sv\/wp-json\/wp\/v2\/discontinued?post=1364367"}],"curies":[{"name":"wp","href":"https:\/\/api.w.org\/{rel}","templated":true}]}}