{"id":1364365,"date":"2025-01-15T15:26:19","date_gmt":"2025-01-15T13:26:19","guid":{"rendered":"https:\/\/games.tactic.net\/tuote\/ryktet-gar-after-dark-partyspel\/"},"modified":"2026-04-02T07:23:15","modified_gmt":"2026-04-02T04:23:15","slug":"ryktet-gar-after-dark-partyspel","status":"publish","type":"product","link":"https:\/\/games.tactic.net\/sv\/tuote\/ryktet-gar-after-dark-partyspel\/","title":{"rendered":"Ryktet g\u00e5r &#8211; AFTER DARK partyspel"},"content":{"rendered":"<p>Viskleken p\u00e5 papper &#8230; F\u00f6r vuxna<br \/>\nDen utmanande viskleken p\u00e5 papper f\u00f6r vuxna!<br \/>\nTa varsitt block.<br \/>\nAlla ritar sitt hemliga ord &#8211; skicka blocket vidare&#8230;<br \/>\nGissa vad som ritats. Skriv det &#8211; skicka vidare&#8230;<br \/>\nRita vad f\u00f6reg\u00e5ende spelare gissade &#8211; skicka vidare&#8230;<br \/>\nGissa vad som ritats. Skriv det! Skicka vidare&#8230;<\/p>\n","protected":false},"excerpt":{"rendered":"<p>Viskleken p\u00e5 papper &#8230; F\u00f6r vuxna Den utmanande viskleken p\u00e5 papper f\u00f6r vuxna! Ta varsitt block. Alla ritar sitt hemliga ord &#8211; skicka blocket vidare&#8230; Gissa vad som ritats. Skriv det &#8211; skicka vidare&#8230; Rita vad f\u00f6reg\u00e5ende spelare gissade &#8211; skicka vidare&#8230; Gissa vad som ritats. Skriv det! Skicka vidare&#8230;<\/p>\n","protected":false},"featured_media":0,"template":"","meta":{"content-type":"","_monsterinsights_skip_tracking":false,"_monsterinsights_sitenote_active":false,"_monsterinsights_sitenote_note":"","_monsterinsights_sitenote_category":0},"product_brand":[],"product_cat":[1461,1540],"product_tag":[1227,959,845],"brand":[{"id":2328,"name":"WOW","slug":"wow"}],"target-group":[],"discontinued":[],"class_list":{"0":"post-1364365","1":"product","2":"type-product","3":"status-publish","5":"product_cat-bradspel","6":"product_cat-partyspel","7":"product_tag-kreativitet-sv","8":"product_tag-ordforklaring","9":"product_tag-tillsammans","10":"brand-wow","12":"first","13":"instock","14":"taxable","15":"shipping-taxable","16":"product-type-simple"},"aioseo_notices":[],"_links":{"self":[{"href":"https:\/\/games.tactic.net\/sv\/wp-json\/wp\/v2\/product\/1364365","targetHints":{"allow":["GET"]}}],"collection":[{"href":"https:\/\/games.tactic.net\/sv\/wp-json\/wp\/v2\/product"}],"about":[{"href":"https:\/\/games.tactic.net\/sv\/wp-json\/wp\/v2\/types\/product"}],"wp:attachment":[{"href":"https:\/\/games.tactic.net\/sv\/wp-json\/wp\/v2\/media?parent=1364365"}],"wp:term":[{"taxonomy":"product_brand","embeddable":true,"href":"https:\/\/games.tactic.net\/sv\/wp-json\/wp\/v2\/product_brand?post=1364365"},{"taxonomy":"product_cat","embeddable":true,"href":"https:\/\/games.tactic.net\/sv\/wp-json\/wp\/v2\/product_cat?post=1364365"},{"taxonomy":"product_tag","embeddable":true,"href":"https:\/\/games.tactic.net\/sv\/wp-json\/wp\/v2\/product_tag?post=1364365"},{"taxonomy":"brand","embeddable":true,"href":"https:\/\/games.tactic.net\/sv\/wp-json\/wp\/v2\/brand?post=1364365"},{"taxonomy":"target-group","embeddable":true,"href":"https:\/\/games.tactic.net\/sv\/wp-json\/wp\/v2\/target-group?post=1364365"},{"taxonomy":"discontinued","embeddable":true,"href":"https:\/\/games.tactic.net\/sv\/wp-json\/wp\/v2\/discontinued?post=1364365"}],"curies":[{"name":"wp","href":"https:\/\/api.w.org\/{rel}","templated":true}]}}