{"id":1364364,"date":"2025-01-15T15:25:36","date_gmt":"2025-01-15T13:25:36","guid":{"rendered":"https:\/\/games.tactic.net\/tuote\/ryktet-gar-version-2-0-partyspel\/"},"modified":"2026-03-23T12:59:18","modified_gmt":"2026-03-23T10:59:18","slug":"ryktet-gar-version-2-0-partyspel","status":"publish","type":"product","link":"https:\/\/games.tactic.net\/sv\/tuote\/ryktet-gar-version-2-0-partyspel\/","title":{"rendered":"Ryktet G\u00e5r familj\/partyspel"},"content":{"rendered":"<p>Ryktet G\u00e5r &#8211; viskleken p\u00e5 papper!<br \/>\nNy design! Nya ord! Samma roliga spel!<br \/>\nS\u00e5 h\u00e4r spelas Ryktet G\u00e5r:<br \/>\nTa varsitt block och ett kort med hemliga ord. Alla ritar sitt hemliga ord. Skicka blocket vidare. Gissa vad som ritats. Skriv det! Skicka vidare. Skratta och ha kul \u2013 h\u00e5ll ryktet vid liv. Rita \u2013 gissa \u2013 rita \u2013 gissa!<\/p>\n","protected":false},"excerpt":{"rendered":"<p>Ryktet G\u00e5r &#8211; viskleken p\u00e5 papper!<br \/>\nNy design! Nya ord! Samma roliga spel!<\/p>\n","protected":false},"featured_media":0,"template":"","meta":{"content-type":"","_monsterinsights_skip_tracking":false,"_monsterinsights_sitenote_active":false,"_monsterinsights_sitenote_note":"","_monsterinsights_sitenote_category":0},"product_brand":[],"product_cat":[1461,1541,1540],"product_tag":[1227,959,845],"brand":[{"id":2328,"name":"WOW","slug":"wow"}],"target-group":[],"discontinued":[],"class_list":{"0":"post-1364364","1":"product","2":"type-product","3":"status-publish","5":"product_cat-bradspel","6":"product_cat-party-spel-vuxenspel","7":"product_cat-partyspel","8":"product_tag-kreativitet-sv","9":"product_tag-ordforklaring","10":"product_tag-tillsammans","11":"brand-wow","13":"first","14":"instock","15":"taxable","16":"shipping-taxable","17":"product-type-simple"},"aioseo_notices":[],"_links":{"self":[{"href":"https:\/\/games.tactic.net\/sv\/wp-json\/wp\/v2\/product\/1364364","targetHints":{"allow":["GET"]}}],"collection":[{"href":"https:\/\/games.tactic.net\/sv\/wp-json\/wp\/v2\/product"}],"about":[{"href":"https:\/\/games.tactic.net\/sv\/wp-json\/wp\/v2\/types\/product"}],"wp:attachment":[{"href":"https:\/\/games.tactic.net\/sv\/wp-json\/wp\/v2\/media?parent=1364364"}],"wp:term":[{"taxonomy":"product_brand","embeddable":true,"href":"https:\/\/games.tactic.net\/sv\/wp-json\/wp\/v2\/product_brand?post=1364364"},{"taxonomy":"product_cat","embeddable":true,"href":"https:\/\/games.tactic.net\/sv\/wp-json\/wp\/v2\/product_cat?post=1364364"},{"taxonomy":"product_tag","embeddable":true,"href":"https:\/\/games.tactic.net\/sv\/wp-json\/wp\/v2\/product_tag?post=1364364"},{"taxonomy":"brand","embeddable":true,"href":"https:\/\/games.tactic.net\/sv\/wp-json\/wp\/v2\/brand?post=1364364"},{"taxonomy":"target-group","embeddable":true,"href":"https:\/\/games.tactic.net\/sv\/wp-json\/wp\/v2\/target-group?post=1364364"},{"taxonomy":"discontinued","embeddable":true,"href":"https:\/\/games.tactic.net\/sv\/wp-json\/wp\/v2\/discontinued?post=1364364"}],"curies":[{"name":"wp","href":"https:\/\/api.w.org\/{rel}","templated":true}]}}