{"id":1364363,"date":"2025-01-15T15:25:06","date_gmt":"2025-01-15T13:25:06","guid":{"rendered":"https:\/\/games.tactic.net\/tuote\/piratjakten-barnspel\/"},"modified":"2025-01-15T15:25:06","modified_gmt":"2025-01-15T13:25:06","slug":"piratjakten-barnspel","status":"publish","type":"product","link":"https:\/\/games.tactic.net\/sv\/tuote\/piratjakten-barnspel\/","title":{"rendered":"Piratjakten barnspel"},"content":{"rendered":"<p>Piratjakten \u2013 Smyg ombord p\u00e5 piratskeppet och ta tillbaka skatten!<br \/>\nOm du v\u00e5gar\u2026 Alla spelar tillsammans mot piraterna!<br \/>\nEtt g\u00e4ng pirater har \u00f6verfallit er stad, stulit er guldskatt och l\u00e5st in alla vuxna i f\u00e4ngelseh\u00e5lan. Nu m\u00e5ste ni barn smyga ombord p\u00e5 piratskeppet och stj\u00e4la tillbaka skatten och nyckeln till f\u00e4ngelseh\u00e5lan!<br \/>\nN\u00e4r ni kommer ombord ska ni leta upp viktig utrustning f\u00f6r att kunna \u00f6vermanna piraterna \u2013 men var f\u00f6rsiktiga; har ni otur l\u00e5ser piraterna in er i f\u00e5ngburen, eller kanske m\u00e5ste du g\u00e5 p\u00e5 plankan!<br \/>\nSamarbete \u00e4r nyckeln till att besegra piraterna! Kommer ni att vinna, eller f\u00e5ngar piraterna in er?<br \/>\nEtt sp\u00e4nnande spel fr\u00e5n 4 \u00e5r \u2013 g\u00e5r att spela ensam ocks\u00e5!<\/p>\n","protected":false},"excerpt":{"rendered":"<p>Piratjakten \u2013 Smyg ombord p\u00e5 piratskeppet och ta tillbaka skatten!<\/p>\n","protected":false},"featured_media":0,"template":"","meta":{"content-type":"","_monsterinsights_skip_tracking":false,"_monsterinsights_sitenote_active":false,"_monsterinsights_sitenote_note":"","_monsterinsights_sitenote_category":0},"product_brand":[],"product_cat":[1462],"product_tag":[],"brand":[],"target-group":[],"discontinued":[],"class_list":{"0":"post-1364363","1":"product","2":"type-product","3":"status-publish","5":"product_cat-bradspel-barnspel","7":"first","8":"instock","9":"taxable","10":"shipping-taxable","11":"product-type-simple"},"aioseo_notices":[],"_links":{"self":[{"href":"https:\/\/games.tactic.net\/sv\/wp-json\/wp\/v2\/product\/1364363","targetHints":{"allow":["GET"]}}],"collection":[{"href":"https:\/\/games.tactic.net\/sv\/wp-json\/wp\/v2\/product"}],"about":[{"href":"https:\/\/games.tactic.net\/sv\/wp-json\/wp\/v2\/types\/product"}],"wp:attachment":[{"href":"https:\/\/games.tactic.net\/sv\/wp-json\/wp\/v2\/media?parent=1364363"}],"wp:term":[{"taxonomy":"product_brand","embeddable":true,"href":"https:\/\/games.tactic.net\/sv\/wp-json\/wp\/v2\/product_brand?post=1364363"},{"taxonomy":"product_cat","embeddable":true,"href":"https:\/\/games.tactic.net\/sv\/wp-json\/wp\/v2\/product_cat?post=1364363"},{"taxonomy":"product_tag","embeddable":true,"href":"https:\/\/games.tactic.net\/sv\/wp-json\/wp\/v2\/product_tag?post=1364363"},{"taxonomy":"brand","embeddable":true,"href":"https:\/\/games.tactic.net\/sv\/wp-json\/wp\/v2\/brand?post=1364363"},{"taxonomy":"target-group","embeddable":true,"href":"https:\/\/games.tactic.net\/sv\/wp-json\/wp\/v2\/target-group?post=1364363"},{"taxonomy":"discontinued","embeddable":true,"href":"https:\/\/games.tactic.net\/sv\/wp-json\/wp\/v2\/discontinued?post=1364363"}],"curies":[{"name":"wp","href":"https:\/\/api.w.org\/{rel}","templated":true}]}}