{"id":1364362,"date":"2025-01-15T15:24:46","date_gmt":"2025-01-15T13:24:46","guid":{"rendered":"https:\/\/games.tactic.net\/tuote\/vampyrjakten-barnspel\/"},"modified":"2025-01-15T15:24:46","modified_gmt":"2025-01-15T13:24:46","slug":"vampyrjakten-barnspel","status":"publish","type":"product","link":"https:\/\/games.tactic.net\/sv\/tuote\/vampyrjakten-barnspel\/","title":{"rendered":"Vampyrjakten barnspel"},"content":{"rendered":"<p>\u00c5rets barnspel i Sverige 2015!<br \/>\nDin nyfikenhet har lockat in dig i ett slott fullt av vampyrer. Nu b\u00f6rjar spelet!<br \/>\nI Vampyrjakten g\u00e4ller det att ta sig ut ur Draculas slott! Men du m\u00e5ste akta dig f\u00f6r att bli f\u00e5ngad och biten av Dracula. H\u00e4nder det, \u00e4ndrar du skepnad och blir vampyr du ocks\u00e5, och b\u00f6rjar jaga de andra spelarna innan de hinner ta sig ut ur slottet.<br \/>\nSp\u00e4nning och snabba v\u00e4ndningar i detta spel som \u00e4r fantastiskt kul att spela f\u00f6r hela familjen!<\/p>\n","protected":false},"excerpt":{"rendered":"<p>\u00c5rets barnspel i Sverige 2015!<\/p>\n","protected":false},"featured_media":0,"template":"","meta":{"content-type":"","_monsterinsights_skip_tracking":false,"_monsterinsights_sitenote_active":false,"_monsterinsights_sitenote_note":"","_monsterinsights_sitenote_category":0},"product_brand":[],"product_cat":[1462],"product_tag":[],"brand":[],"target-group":[],"discontinued":[],"class_list":{"0":"post-1364362","1":"product","2":"type-product","3":"status-publish","5":"product_cat-bradspel-barnspel","7":"first","8":"instock","9":"taxable","10":"shipping-taxable","11":"product-type-simple"},"aioseo_notices":[],"_links":{"self":[{"href":"https:\/\/games.tactic.net\/sv\/wp-json\/wp\/v2\/product\/1364362","targetHints":{"allow":["GET"]}}],"collection":[{"href":"https:\/\/games.tactic.net\/sv\/wp-json\/wp\/v2\/product"}],"about":[{"href":"https:\/\/games.tactic.net\/sv\/wp-json\/wp\/v2\/types\/product"}],"wp:attachment":[{"href":"https:\/\/games.tactic.net\/sv\/wp-json\/wp\/v2\/media?parent=1364362"}],"wp:term":[{"taxonomy":"product_brand","embeddable":true,"href":"https:\/\/games.tactic.net\/sv\/wp-json\/wp\/v2\/product_brand?post=1364362"},{"taxonomy":"product_cat","embeddable":true,"href":"https:\/\/games.tactic.net\/sv\/wp-json\/wp\/v2\/product_cat?post=1364362"},{"taxonomy":"product_tag","embeddable":true,"href":"https:\/\/games.tactic.net\/sv\/wp-json\/wp\/v2\/product_tag?post=1364362"},{"taxonomy":"brand","embeddable":true,"href":"https:\/\/games.tactic.net\/sv\/wp-json\/wp\/v2\/brand?post=1364362"},{"taxonomy":"target-group","embeddable":true,"href":"https:\/\/games.tactic.net\/sv\/wp-json\/wp\/v2\/target-group?post=1364362"},{"taxonomy":"discontinued","embeddable":true,"href":"https:\/\/games.tactic.net\/sv\/wp-json\/wp\/v2\/discontinued?post=1364362"}],"curies":[{"name":"wp","href":"https:\/\/api.w.org\/{rel}","templated":true}]}}