{"id":1364351,"date":"2025-01-14T13:08:26","date_gmt":"2025-01-14T11:08:26","guid":{"rendered":"https:\/\/games.tactic.net\/tuote\/tactic-ludo-fia-resespel\/"},"modified":"2025-01-14T13:08:26","modified_gmt":"2025-01-14T11:08:26","slug":"tactic-ludo-fia-resespel","status":"publish","type":"product","link":"https:\/\/games.tactic.net\/sv\/tuote\/tactic-ludo-fia-resespel\/","title":{"rendered":"Tactic Ludo \/ Fia resespel"},"content":{"rendered":"<p>Fia \u00e4r ett enkelt spel med b\u00e5de taktik och tur f\u00f6r hela familjen! F\u00f6rs\u00f6k att f\u00e5 dina fyra spelpj\u00e4ser runt spelplanen till m\u00e5l utan att bli utknuffad, samtidigt som du f\u00f6rs\u00f6ker knuffa ut dina medspelare.<\/p>\n","protected":false},"excerpt":{"rendered":"<p>Fia \u00e4r ett enkelt spel med b\u00e5de taktik och tur f\u00f6r hela familjen! F\u00f6rs\u00f6k att f\u00e5 dina fyra spelpj\u00e4ser runt spelplanen till m\u00e5l utan att bli utknuffad, samtidigt som du f\u00f6rs\u00f6ker knuffa ut dina medspelare.<\/p>\n","protected":false},"featured_media":0,"template":"","meta":{"content-type":"","_monsterinsights_skip_tracking":false,"_monsterinsights_sitenote_active":false,"_monsterinsights_sitenote_note":"","_monsterinsights_sitenote_category":0},"product_brand":[],"product_cat":[813],"product_tag":[],"brand":[],"target-group":[],"discontinued":[],"class_list":{"0":"post-1364351","1":"product","2":"type-product","3":"status-publish","5":"product_cat-resespel","7":"first","8":"instock","9":"taxable","10":"shipping-taxable","11":"product-type-simple"},"aioseo_notices":[],"_links":{"self":[{"href":"https:\/\/games.tactic.net\/sv\/wp-json\/wp\/v2\/product\/1364351","targetHints":{"allow":["GET"]}}],"collection":[{"href":"https:\/\/games.tactic.net\/sv\/wp-json\/wp\/v2\/product"}],"about":[{"href":"https:\/\/games.tactic.net\/sv\/wp-json\/wp\/v2\/types\/product"}],"wp:attachment":[{"href":"https:\/\/games.tactic.net\/sv\/wp-json\/wp\/v2\/media?parent=1364351"}],"wp:term":[{"taxonomy":"product_brand","embeddable":true,"href":"https:\/\/games.tactic.net\/sv\/wp-json\/wp\/v2\/product_brand?post=1364351"},{"taxonomy":"product_cat","embeddable":true,"href":"https:\/\/games.tactic.net\/sv\/wp-json\/wp\/v2\/product_cat?post=1364351"},{"taxonomy":"product_tag","embeddable":true,"href":"https:\/\/games.tactic.net\/sv\/wp-json\/wp\/v2\/product_tag?post=1364351"},{"taxonomy":"brand","embeddable":true,"href":"https:\/\/games.tactic.net\/sv\/wp-json\/wp\/v2\/brand?post=1364351"},{"taxonomy":"target-group","embeddable":true,"href":"https:\/\/games.tactic.net\/sv\/wp-json\/wp\/v2\/target-group?post=1364351"},{"taxonomy":"discontinued","embeddable":true,"href":"https:\/\/games.tactic.net\/sv\/wp-json\/wp\/v2\/discontinued?post=1364351"}],"curies":[{"name":"wp","href":"https:\/\/api.w.org\/{rel}","templated":true}]}}