{"id":1363013,"date":"2024-11-27T12:51:00","date_gmt":"2024-11-27T10:51:00","guid":{"rendered":"https:\/\/games.tactic.net\/tuote\/tactic-puzzle-lovers-fairies-56-pcs-puzzle\/"},"modified":"2024-11-27T12:51:00","modified_gmt":"2024-11-27T10:51:00","slug":"tactic-puzzle-lovers-fairies-56-pcs-puzzle","status":"publish","type":"product","link":"https:\/\/games.tactic.net\/sv\/tuote\/tactic-puzzle-lovers-fairies-56-pcs-puzzle\/","title":{"rendered":"Tactic Puzzle Lovers Fairies 56 pcs pussel"},"content":{"rendered":"<p>De underbara pusslen i Puzzle Lovers 56-serien \u00e4r perfekt f\u00f6r nyb\u00f6rjare och barn. Dessa pussel best\u00e5r av 56 bitar i h\u00f6g kvalitet.<\/p>\n<p>Puzzle Lovers har n\u00e5got f\u00f6r varje pusselentusiast, fr\u00e5n hobbyister till f\u00f6rv\u00e4ntansfulla nyb\u00f6rjare och barn. De h\u00f6gkvalitativa pusslen avbildar fantastiska landskap, fascinerande platser runtom v\u00e4rlden, m\u00e4ktiga djur, speciella nordiska och s\u00e4songsbaserade teman och mer.<\/p>\n","protected":false},"excerpt":{"rendered":"<p>42 x 29,7 cm.<\/p>\n","protected":false},"featured_media":0,"template":"","meta":{"content-type":"","_monsterinsights_skip_tracking":false,"_monsterinsights_sitenote_active":false,"_monsterinsights_sitenote_note":"","_monsterinsights_sitenote_category":0},"product_brand":[],"product_cat":[1520],"product_tag":[],"brand":[],"target-group":[],"discontinued":[],"class_list":{"0":"post-1363013","1":"product","2":"type-product","3":"status-publish","5":"product_cat-barn-pussel","7":"first","8":"instock","9":"taxable","10":"shipping-taxable","11":"product-type-simple"},"aioseo_notices":[],"_links":{"self":[{"href":"https:\/\/games.tactic.net\/sv\/wp-json\/wp\/v2\/product\/1363013","targetHints":{"allow":["GET"]}}],"collection":[{"href":"https:\/\/games.tactic.net\/sv\/wp-json\/wp\/v2\/product"}],"about":[{"href":"https:\/\/games.tactic.net\/sv\/wp-json\/wp\/v2\/types\/product"}],"wp:attachment":[{"href":"https:\/\/games.tactic.net\/sv\/wp-json\/wp\/v2\/media?parent=1363013"}],"wp:term":[{"taxonomy":"product_brand","embeddable":true,"href":"https:\/\/games.tactic.net\/sv\/wp-json\/wp\/v2\/product_brand?post=1363013"},{"taxonomy":"product_cat","embeddable":true,"href":"https:\/\/games.tactic.net\/sv\/wp-json\/wp\/v2\/product_cat?post=1363013"},{"taxonomy":"product_tag","embeddable":true,"href":"https:\/\/games.tactic.net\/sv\/wp-json\/wp\/v2\/product_tag?post=1363013"},{"taxonomy":"brand","embeddable":true,"href":"https:\/\/games.tactic.net\/sv\/wp-json\/wp\/v2\/brand?post=1363013"},{"taxonomy":"target-group","embeddable":true,"href":"https:\/\/games.tactic.net\/sv\/wp-json\/wp\/v2\/target-group?post=1363013"},{"taxonomy":"discontinued","embeddable":true,"href":"https:\/\/games.tactic.net\/sv\/wp-json\/wp\/v2\/discontinued?post=1363013"}],"curies":[{"name":"wp","href":"https:\/\/api.w.org\/{rel}","templated":true}]}}