{"id":1362949,"date":"2024-11-27T08:09:12","date_gmt":"2024-11-27T06:09:12","guid":{"rendered":"https:\/\/games.tactic.net\/tuote\/penol-for-future-artists-16-textile-markers\/"},"modified":"2024-11-27T08:09:12","modified_gmt":"2024-11-27T06:09:12","slug":"penol-for-future-artists-16-textile-markers","status":"publish","type":"product","link":"https:\/\/games.tactic.net\/sv\/tuote\/penol-for-future-artists-16-textile-markers\/","title":{"rendered":"Penol For Future Artists: 16 Textile markers"},"content":{"rendered":"<p>M\u00e5la enkelt p\u00e5 alla typer av tyger &#8211; f\u00f6rutom silke och ull.<br \/>\nBeh\u00f6ver inte strykas. F\u00e4rgen \u00e4r permanent n\u00e4r den har torkat.<br \/>\nS\u00e4tt p\u00e5 korken efter anv\u00e4ndning f\u00f6r att undvika att bl\u00e4cket torkar i pennan. <\/p>\n<p>Det \u00e4r din skapelse \u2013 du kan g\u00f6ra vad du vill.<\/p>\n<p>Penol \u00e4r ett danskt varum\u00e4rke som har gett skapare m\u00f6jligheten att uttrycka sina visioner sedan 1928 med kvalitetsverktyg f\u00f6r skrivande och f\u00e4rgl\u00e4ggning. Penol For Future Artists \u00e4r en produktlinje f\u00f6r ton\u00e5ringar och ungdomar samt alla som vill uttrycka sig.<\/p>\n","protected":false},"excerpt":{"rendered":"<p>Dekorera din m\u00e5larduk, t-shirt, v\u00e4ska eller dina sneakers. Med 16 f\u00e4rger att v\u00e4lja mellan, inklusive 4 i neon. <\/p>\n","protected":false},"featured_media":0,"template":"","meta":{"content-type":"","_monsterinsights_skip_tracking":false,"_monsterinsights_sitenote_active":false,"_monsterinsights_sitenote_note":"","_monsterinsights_sitenote_category":0},"product_brand":[],"product_cat":[2158],"product_tag":[],"brand":[],"target-group":[],"discontinued":[],"class_list":{"0":"post-1362949","1":"product","2":"type-product","3":"status-publish","5":"product_cat-farglaggning","7":"first","8":"instock","9":"taxable","10":"shipping-taxable","11":"product-type-simple"},"aioseo_notices":[],"_links":{"self":[{"href":"https:\/\/games.tactic.net\/sv\/wp-json\/wp\/v2\/product\/1362949","targetHints":{"allow":["GET"]}}],"collection":[{"href":"https:\/\/games.tactic.net\/sv\/wp-json\/wp\/v2\/product"}],"about":[{"href":"https:\/\/games.tactic.net\/sv\/wp-json\/wp\/v2\/types\/product"}],"wp:attachment":[{"href":"https:\/\/games.tactic.net\/sv\/wp-json\/wp\/v2\/media?parent=1362949"}],"wp:term":[{"taxonomy":"product_brand","embeddable":true,"href":"https:\/\/games.tactic.net\/sv\/wp-json\/wp\/v2\/product_brand?post=1362949"},{"taxonomy":"product_cat","embeddable":true,"href":"https:\/\/games.tactic.net\/sv\/wp-json\/wp\/v2\/product_cat?post=1362949"},{"taxonomy":"product_tag","embeddable":true,"href":"https:\/\/games.tactic.net\/sv\/wp-json\/wp\/v2\/product_tag?post=1362949"},{"taxonomy":"brand","embeddable":true,"href":"https:\/\/games.tactic.net\/sv\/wp-json\/wp\/v2\/brand?post=1362949"},{"taxonomy":"target-group","embeddable":true,"href":"https:\/\/games.tactic.net\/sv\/wp-json\/wp\/v2\/target-group?post=1362949"},{"taxonomy":"discontinued","embeddable":true,"href":"https:\/\/games.tactic.net\/sv\/wp-json\/wp\/v2\/discontinued?post=1362949"}],"curies":[{"name":"wp","href":"https:\/\/api.w.org\/{rel}","templated":true}]}}