{"id":1362805,"date":"2024-11-21T15:18:53","date_gmt":"2024-11-21T13:18:53","guid":{"rendered":"https:\/\/games.tactic.net\/tuote\/memo-flags\/"},"modified":"2024-11-21T15:18:53","modified_gmt":"2024-11-21T13:18:53","slug":"memo-flags","status":"publish","type":"product","link":"https:\/\/games.tactic.net\/sv\/tuote\/memo-flags\/","title":{"rendered":"Tactic Memo Flags minnesspel"},"content":{"rendered":"<p>Hitta paren och vinn! V\u00e4nd brickorna och f\u00f6rs\u00f6k hitta s\u00e5 m\u00e5nga par som m\u00f6jligt. Detta klassiska spel f\u00f6r barn i alla \u00e5ldrar inneh\u00e5ller 54 brickor med fina bilder.<\/p>\n","protected":false},"excerpt":{"rendered":"<p>Hitta paren och vinn! V\u00e4nd brickorna och f\u00f6rs\u00f6k hitta s\u00e5 m\u00e5nga par som m\u00f6jligt. Detta klassiska spel f\u00f6r barn i alla \u00e5ldrar inneh\u00e5ller 54 brickor med fina bilder.<\/p>\n","protected":false},"featured_media":0,"template":"","meta":{"content-type":"","_monsterinsights_skip_tracking":false,"_monsterinsights_sitenote_active":false,"_monsterinsights_sitenote_note":"","_monsterinsights_sitenote_category":0},"product_brand":[],"product_cat":[1567],"product_tag":[1235],"brand":[],"target-group":[],"discontinued":[],"class_list":{"0":"post-1362805","1":"product","2":"type-product","3":"status-publish","5":"product_cat-memo-spel-barnspel","6":"product_tag-kombinera-sv","8":"first","9":"instock","10":"taxable","11":"shipping-taxable","12":"product-type-simple"},"aioseo_notices":[],"_links":{"self":[{"href":"https:\/\/games.tactic.net\/sv\/wp-json\/wp\/v2\/product\/1362805","targetHints":{"allow":["GET"]}}],"collection":[{"href":"https:\/\/games.tactic.net\/sv\/wp-json\/wp\/v2\/product"}],"about":[{"href":"https:\/\/games.tactic.net\/sv\/wp-json\/wp\/v2\/types\/product"}],"wp:attachment":[{"href":"https:\/\/games.tactic.net\/sv\/wp-json\/wp\/v2\/media?parent=1362805"}],"wp:term":[{"taxonomy":"product_brand","embeddable":true,"href":"https:\/\/games.tactic.net\/sv\/wp-json\/wp\/v2\/product_brand?post=1362805"},{"taxonomy":"product_cat","embeddable":true,"href":"https:\/\/games.tactic.net\/sv\/wp-json\/wp\/v2\/product_cat?post=1362805"},{"taxonomy":"product_tag","embeddable":true,"href":"https:\/\/games.tactic.net\/sv\/wp-json\/wp\/v2\/product_tag?post=1362805"},{"taxonomy":"brand","embeddable":true,"href":"https:\/\/games.tactic.net\/sv\/wp-json\/wp\/v2\/brand?post=1362805"},{"taxonomy":"target-group","embeddable":true,"href":"https:\/\/games.tactic.net\/sv\/wp-json\/wp\/v2\/target-group?post=1362805"},{"taxonomy":"discontinued","embeddable":true,"href":"https:\/\/games.tactic.net\/sv\/wp-json\/wp\/v2\/discontinued?post=1362805"}],"curies":[{"name":"wp","href":"https:\/\/api.w.org\/{rel}","templated":true}]}}