{"id":1362799,"date":"2024-11-21T12:58:36","date_gmt":"2024-11-21T10:58:36","guid":{"rendered":"https:\/\/games.tactic.net\/tuote\/tactic-kimble-paw-patrol\/"},"modified":"2024-11-21T12:58:36","modified_gmt":"2024-11-21T10:58:36","slug":"tactic-kimble-paw-patrol","status":"publish","type":"product","link":"https:\/\/games.tactic.net\/sv\/tuote\/tactic-kimble-paw-patrol\/","title":{"rendered":"Tactic Kimble Paw Patrol br\u00e4dspel"},"content":{"rendered":"<p>Matchen kan b\u00f6rja! Flytta runt spelplanen. F\u00e5 dina figurer i boet innan n\u00e5gon annan tar dig. Klicka p\u00e5 pop-upp-t\u00e4rningen, anv\u00e4nd din strategi och hoppas p\u00e5 lite tur!<\/p>\n","protected":false},"excerpt":{"rendered":"<p>Matchen kan b\u00f6rja! Flytta runt spelplanen. F\u00e5 dina figurer i boet innan n\u00e5gon annan tar dig. Klicka p\u00e5 pop-upp-t\u00e4rningen, anv\u00e4nd din strategi och hoppas p\u00e5 lite tur!<\/p>\n","protected":false},"featured_media":0,"template":"","meta":{"content-type":"","_monsterinsights_skip_tracking":false,"_monsterinsights_sitenote_active":false,"_monsterinsights_sitenote_note":"","_monsterinsights_sitenote_category":0},"product_brand":[],"product_cat":[1462],"product_tag":[1238,1265,857],"brand":[{"id":1272,"name":"Kimble","slug":"kimble-3"}],"target-group":[],"discontinued":[],"class_list":{"0":"post-1362799","1":"product","2":"type-product","3":"status-publish","5":"product_cat-bradspel-barnspel","6":"product_tag-strategi-sv","7":"product_tag-taktik-sv","8":"product_tag-tur","9":"brand-kimble-3","11":"first","12":"instock","13":"taxable","14":"shipping-taxable","15":"product-type-simple"},"aioseo_notices":[],"_links":{"self":[{"href":"https:\/\/games.tactic.net\/sv\/wp-json\/wp\/v2\/product\/1362799","targetHints":{"allow":["GET"]}}],"collection":[{"href":"https:\/\/games.tactic.net\/sv\/wp-json\/wp\/v2\/product"}],"about":[{"href":"https:\/\/games.tactic.net\/sv\/wp-json\/wp\/v2\/types\/product"}],"wp:attachment":[{"href":"https:\/\/games.tactic.net\/sv\/wp-json\/wp\/v2\/media?parent=1362799"}],"wp:term":[{"taxonomy":"product_brand","embeddable":true,"href":"https:\/\/games.tactic.net\/sv\/wp-json\/wp\/v2\/product_brand?post=1362799"},{"taxonomy":"product_cat","embeddable":true,"href":"https:\/\/games.tactic.net\/sv\/wp-json\/wp\/v2\/product_cat?post=1362799"},{"taxonomy":"product_tag","embeddable":true,"href":"https:\/\/games.tactic.net\/sv\/wp-json\/wp\/v2\/product_tag?post=1362799"},{"taxonomy":"brand","embeddable":true,"href":"https:\/\/games.tactic.net\/sv\/wp-json\/wp\/v2\/brand?post=1362799"},{"taxonomy":"target-group","embeddable":true,"href":"https:\/\/games.tactic.net\/sv\/wp-json\/wp\/v2\/target-group?post=1362799"},{"taxonomy":"discontinued","embeddable":true,"href":"https:\/\/games.tactic.net\/sv\/wp-json\/wp\/v2\/discontinued?post=1362799"}],"curies":[{"name":"wp","href":"https:\/\/api.w.org\/{rel}","templated":true}]}}