{"id":1362485,"date":"2024-11-13T10:08:58","date_gmt":"2024-11-13T08:08:58","guid":{"rendered":"https:\/\/games.tactic.net\/tuote\/3-in-1-lottodominomemo-rubble-crew\/"},"modified":"2024-11-13T10:08:58","modified_gmt":"2024-11-13T08:08:58","slug":"3-in-1-lottodominomemo-rubble-crew","status":"publish","type":"product","link":"https:\/\/games.tactic.net\/sv\/tuote\/3-in-1-lottodominomemo-rubble-crew\/","title":{"rendered":"Tactic Rubble &#038; Crew 3 in 1 Lotto, Domino, Memo"},"content":{"rendered":"<p>Tre h\u00e4rliga spel i en l\u00e5da! Den h\u00e4r l\u00e5dan inneh\u00e5ller tre klassiska spel: Memo, Lotto och Domino. Samla s\u00e5 m\u00e5nga par som m\u00f6jligt (Memo), leta upp kort som passar ihop med bilderna p\u00e5 brickan (Lotto) och bygg en l\u00e5ng kedja av brickor (Domino). Massor med skoj som passar alla!<\/p>\n","protected":false},"excerpt":{"rendered":"<p>Tre h\u00e4rliga spel i en l\u00e5da! Den h\u00e4r l\u00e5dan inneh\u00e5ller tre klassiska spel: Memo, Lotto och Domino. Samla s\u00e5 m\u00e5nga par som m\u00f6jligt (Memo), leta upp kort som passar ihop med bilderna p\u00e5 brickan (Lotto) och bygg en l\u00e5ng kedja av brickor (Domino). Massor med skoj som passar alla!<\/p>\n","protected":false},"featured_media":0,"template":"","meta":{"content-type":"","_monsterinsights_skip_tracking":false,"_monsterinsights_sitenote_active":false,"_monsterinsights_sitenote_note":"","_monsterinsights_sitenote_category":0},"product_brand":[],"product_cat":[1462,1567],"product_tag":[1235],"brand":[],"target-group":[],"discontinued":[],"class_list":{"0":"post-1362485","1":"product","2":"type-product","3":"status-publish","5":"product_cat-bradspel-barnspel","6":"product_cat-memo-spel-barnspel","7":"product_tag-kombinera-sv","9":"first","10":"instock","11":"taxable","12":"shipping-taxable","13":"product-type-simple"},"aioseo_notices":[],"_links":{"self":[{"href":"https:\/\/games.tactic.net\/sv\/wp-json\/wp\/v2\/product\/1362485","targetHints":{"allow":["GET"]}}],"collection":[{"href":"https:\/\/games.tactic.net\/sv\/wp-json\/wp\/v2\/product"}],"about":[{"href":"https:\/\/games.tactic.net\/sv\/wp-json\/wp\/v2\/types\/product"}],"wp:attachment":[{"href":"https:\/\/games.tactic.net\/sv\/wp-json\/wp\/v2\/media?parent=1362485"}],"wp:term":[{"taxonomy":"product_brand","embeddable":true,"href":"https:\/\/games.tactic.net\/sv\/wp-json\/wp\/v2\/product_brand?post=1362485"},{"taxonomy":"product_cat","embeddable":true,"href":"https:\/\/games.tactic.net\/sv\/wp-json\/wp\/v2\/product_cat?post=1362485"},{"taxonomy":"product_tag","embeddable":true,"href":"https:\/\/games.tactic.net\/sv\/wp-json\/wp\/v2\/product_tag?post=1362485"},{"taxonomy":"brand","embeddable":true,"href":"https:\/\/games.tactic.net\/sv\/wp-json\/wp\/v2\/brand?post=1362485"},{"taxonomy":"target-group","embeddable":true,"href":"https:\/\/games.tactic.net\/sv\/wp-json\/wp\/v2\/target-group?post=1362485"},{"taxonomy":"discontinued","embeddable":true,"href":"https:\/\/games.tactic.net\/sv\/wp-json\/wp\/v2\/discontinued?post=1362485"}],"curies":[{"name":"wp","href":"https:\/\/api.w.org\/{rel}","templated":true}]}}