{"id":1362177,"date":"2024-10-31T15:21:05","date_gmt":"2024-10-31T13:21:05","guid":{"rendered":"https:\/\/games.tactic.net\/tuote\/travel-animal-yatzy\/"},"modified":"2024-10-31T15:21:05","modified_gmt":"2024-10-31T13:21:05","slug":"travel-animal-yatzy","status":"publish","type":"product","link":"https:\/\/games.tactic.net\/sv\/tuote\/travel-animal-yatzy\/","title":{"rendered":"Tactic Animal Yatzy t\u00e4rningsspel"},"content":{"rendered":"<p>Spela det fartfyllda Animal Yatzy ! Kasta de fem t\u00e4rningarna och f\u00f6rs\u00f6k att f\u00e5 de olika kombinationerna i po\u00e4ngblocket. Den spelare som har h\u00f6gst po\u00e4ng n\u00e4r spelet \u00e4r slut vinner. <\/p>\n","protected":false},"excerpt":{"rendered":"<p>Spela det fartfyllda Animal Yatzy ! Kasta de fem t\u00e4rningarna och f\u00f6rs\u00f6k att f\u00e5 de olika kombinationerna i po\u00e4ngblocket. Den spelare som har h\u00f6gst po\u00e4ng n\u00e4r spelet \u00e4r slut vinner.<\/p>\n","protected":false},"featured_media":0,"template":"","meta":{"content-type":"","_monsterinsights_skip_tracking":false,"_monsterinsights_sitenote_active":false,"_monsterinsights_sitenote_note":"","_monsterinsights_sitenote_category":0},"product_brand":[],"product_cat":[1462],"product_tag":[1240,1238],"brand":[],"target-group":[],"discontinued":[],"class_list":{"0":"post-1362177","1":"product","2":"type-product","3":"status-publish","5":"product_cat-bradspel-barnspel","6":"product_tag-rakning-sv","7":"product_tag-strategi-sv","9":"first","10":"instock","11":"taxable","12":"shipping-taxable","13":"product-type-simple"},"aioseo_notices":[],"_links":{"self":[{"href":"https:\/\/games.tactic.net\/sv\/wp-json\/wp\/v2\/product\/1362177","targetHints":{"allow":["GET"]}}],"collection":[{"href":"https:\/\/games.tactic.net\/sv\/wp-json\/wp\/v2\/product"}],"about":[{"href":"https:\/\/games.tactic.net\/sv\/wp-json\/wp\/v2\/types\/product"}],"wp:attachment":[{"href":"https:\/\/games.tactic.net\/sv\/wp-json\/wp\/v2\/media?parent=1362177"}],"wp:term":[{"taxonomy":"product_brand","embeddable":true,"href":"https:\/\/games.tactic.net\/sv\/wp-json\/wp\/v2\/product_brand?post=1362177"},{"taxonomy":"product_cat","embeddable":true,"href":"https:\/\/games.tactic.net\/sv\/wp-json\/wp\/v2\/product_cat?post=1362177"},{"taxonomy":"product_tag","embeddable":true,"href":"https:\/\/games.tactic.net\/sv\/wp-json\/wp\/v2\/product_tag?post=1362177"},{"taxonomy":"brand","embeddable":true,"href":"https:\/\/games.tactic.net\/sv\/wp-json\/wp\/v2\/brand?post=1362177"},{"taxonomy":"target-group","embeddable":true,"href":"https:\/\/games.tactic.net\/sv\/wp-json\/wp\/v2\/target-group?post=1362177"},{"taxonomy":"discontinued","embeddable":true,"href":"https:\/\/games.tactic.net\/sv\/wp-json\/wp\/v2\/discontinued?post=1362177"}],"curies":[{"name":"wp","href":"https:\/\/api.w.org\/{rel}","templated":true}]}}