{"id":1362063,"date":"2024-10-16T08:19:14","date_gmt":"2024-10-16T05:19:14","guid":{"rendered":"https:\/\/games.tactic.net\/tuote\/tactic-puzzle-lovers-greater-flamingos-500-pcs-puzzle\/"},"modified":"2024-10-16T08:19:14","modified_gmt":"2024-10-16T05:19:14","slug":"tactic-puzzle-lovers-greater-flamingos-500-pcs-puzzle","status":"publish","type":"product","link":"https:\/\/games.tactic.net\/sv\/tuote\/tactic-puzzle-lovers-greater-flamingos-500-pcs-puzzle\/","title":{"rendered":"Tactic Puzzle Lovers Greater Flamingos 500 pcs pussel"},"content":{"rendered":"<p>Puzzle Lovers 500 \u00e4r en linje roliga pussel f\u00f6r b\u00e5de nyb\u00f6rjare och riktiga pussel\u00e4lskare. Varje pussel best\u00e5r av 500 h\u00f6gkvalitativa bitar.<\/p>\n<p>Puzzle Lovers har n\u00e5got f\u00f6r varje pusselentusiast, fr\u00e5n hobbyister till f\u00f6rv\u00e4ntansfulla nyb\u00f6rjare och barn. De h\u00f6gkvalitativa pusslen avbildar fantastiska landskap, fascinerande platser runtom v\u00e4rlden, m\u00e4ktiga djur, speciella nordiska och s\u00e4songsbaserade teman och mer.<\/p>\n","protected":false},"excerpt":{"rendered":"<p>47 x 31 cm.<\/p>\n","protected":false},"featured_media":0,"template":"","meta":{"content-type":"","_monsterinsights_skip_tracking":false,"_monsterinsights_sitenote_active":false,"_monsterinsights_sitenote_note":"","_monsterinsights_sitenote_category":0},"product_brand":[],"product_cat":[915],"product_tag":[],"brand":[],"target-group":[],"discontinued":[],"class_list":{"0":"post-1362063","1":"product","2":"type-product","3":"status-publish","5":"product_cat-500-bitar","7":"first","8":"instock","9":"taxable","10":"shipping-taxable","11":"product-type-simple"},"aioseo_notices":[],"_links":{"self":[{"href":"https:\/\/games.tactic.net\/sv\/wp-json\/wp\/v2\/product\/1362063","targetHints":{"allow":["GET"]}}],"collection":[{"href":"https:\/\/games.tactic.net\/sv\/wp-json\/wp\/v2\/product"}],"about":[{"href":"https:\/\/games.tactic.net\/sv\/wp-json\/wp\/v2\/types\/product"}],"wp:attachment":[{"href":"https:\/\/games.tactic.net\/sv\/wp-json\/wp\/v2\/media?parent=1362063"}],"wp:term":[{"taxonomy":"product_brand","embeddable":true,"href":"https:\/\/games.tactic.net\/sv\/wp-json\/wp\/v2\/product_brand?post=1362063"},{"taxonomy":"product_cat","embeddable":true,"href":"https:\/\/games.tactic.net\/sv\/wp-json\/wp\/v2\/product_cat?post=1362063"},{"taxonomy":"product_tag","embeddable":true,"href":"https:\/\/games.tactic.net\/sv\/wp-json\/wp\/v2\/product_tag?post=1362063"},{"taxonomy":"brand","embeddable":true,"href":"https:\/\/games.tactic.net\/sv\/wp-json\/wp\/v2\/brand?post=1362063"},{"taxonomy":"target-group","embeddable":true,"href":"https:\/\/games.tactic.net\/sv\/wp-json\/wp\/v2\/target-group?post=1362063"},{"taxonomy":"discontinued","embeddable":true,"href":"https:\/\/games.tactic.net\/sv\/wp-json\/wp\/v2\/discontinued?post=1362063"}],"curies":[{"name":"wp","href":"https:\/\/api.w.org\/{rel}","templated":true}]}}