{"id":1362027,"date":"2024-10-09T17:15:58","date_gmt":"2024-10-09T14:15:58","guid":{"rendered":"https:\/\/games.tactic.net\/tuote\/tactic-moomin-yatzy\/"},"modified":"2024-10-09T17:15:58","modified_gmt":"2024-10-09T14:15:58","slug":"tactic-moomin-yatzy","status":"publish","type":"product","link":"https:\/\/games.tactic.net\/sv\/tuote\/tactic-moomin-yatzy\/","title":{"rendered":"Tactic Moomin Yatzy t\u00e4rningsspel"},"content":{"rendered":"<p>Vem blir m\u00e4stare i Mumin-Yatzy? Har du lite skicklighet och tur i fingerspetsarna? Sl\u00e5 t\u00e4rningarna och f\u00f6rs\u00f6k f\u00e5 b\u00e4sta m\u00f6jliga po\u00e4ng i olika kombinationer. \u00c4ldre spelare kan testa sin Yatzy-lycka i det l\u00e4ngre spelet, och yngre f\u00f6rs\u00f6ker f\u00e5 s\u00e5 m\u00e5nga lika figurer som m\u00f6jligt! Lycka tilL!<\/p>\n","protected":false},"excerpt":{"rendered":"<p>Vem blir m\u00e4stare i Mumin-Yatzy? Har du lite skicklighet och tur i fingerspetsarna? Sl\u00e5 t\u00e4rningarna och f\u00f6rs\u00f6k f\u00e5 b\u00e4sta m\u00f6jliga po\u00e4ng i olika kombinationer. \u00c4ldre spelare kan testa sin Yatzy-lycka i det l\u00e4ngre spelet, och yngre f\u00f6rs\u00f6ker f\u00e5 s\u00e5 m\u00e5nga lika figurer som m\u00f6jligt! Lycka tilL!<\/p>\n","protected":false},"featured_media":0,"template":"","meta":{"content-type":"","_monsterinsights_skip_tracking":false,"_monsterinsights_sitenote_active":false,"_monsterinsights_sitenote_note":"","_monsterinsights_sitenote_category":0},"product_brand":[],"product_cat":[1532],"product_tag":[932,857],"brand":[],"target-group":[],"discontinued":[],"class_list":{"0":"post-1362027","1":"product","2":"type-product","3":"status-publish","5":"product_cat-resespel-barnspel","6":"product_tag-tidsfordriv","7":"product_tag-tur","9":"first","10":"instock","11":"taxable","12":"shipping-taxable","13":"product-type-simple"},"aioseo_notices":[],"_links":{"self":[{"href":"https:\/\/games.tactic.net\/sv\/wp-json\/wp\/v2\/product\/1362027","targetHints":{"allow":["GET"]}}],"collection":[{"href":"https:\/\/games.tactic.net\/sv\/wp-json\/wp\/v2\/product"}],"about":[{"href":"https:\/\/games.tactic.net\/sv\/wp-json\/wp\/v2\/types\/product"}],"wp:attachment":[{"href":"https:\/\/games.tactic.net\/sv\/wp-json\/wp\/v2\/media?parent=1362027"}],"wp:term":[{"taxonomy":"product_brand","embeddable":true,"href":"https:\/\/games.tactic.net\/sv\/wp-json\/wp\/v2\/product_brand?post=1362027"},{"taxonomy":"product_cat","embeddable":true,"href":"https:\/\/games.tactic.net\/sv\/wp-json\/wp\/v2\/product_cat?post=1362027"},{"taxonomy":"product_tag","embeddable":true,"href":"https:\/\/games.tactic.net\/sv\/wp-json\/wp\/v2\/product_tag?post=1362027"},{"taxonomy":"brand","embeddable":true,"href":"https:\/\/games.tactic.net\/sv\/wp-json\/wp\/v2\/brand?post=1362027"},{"taxonomy":"target-group","embeddable":true,"href":"https:\/\/games.tactic.net\/sv\/wp-json\/wp\/v2\/target-group?post=1362027"},{"taxonomy":"discontinued","embeddable":true,"href":"https:\/\/games.tactic.net\/sv\/wp-json\/wp\/v2\/discontinued?post=1362027"}],"curies":[{"name":"wp","href":"https:\/\/api.w.org\/{rel}","templated":true}]}}