{"id":1362023,"date":"2024-10-08T16:16:38","date_gmt":"2024-10-08T13:16:38","guid":{"rendered":"https:\/\/games.tactic.net\/tuote\/bruder-fendt-209-s-tractor-with-frontloader-and-tipping-trailer-toy\/"},"modified":"2024-10-08T16:16:38","modified_gmt":"2024-10-08T13:16:38","slug":"bruder-fendt-209-s-tractor-with-frontloader-and-tipping-trailer-toy","status":"archive","type":"product","link":"https:\/\/games.tactic.net\/sv\/tuote\/bruder-fendt-209-s-tractor-with-frontloader-and-tipping-trailer-toy\/","title":{"rendered":"Bruder Fendt 209 S tractor with frontloader and tipping trailer toy"},"content":{"rendered":"<p>Fendt 209S med frontlastare och sidovagn<br \/>\nF\u00f6r anv\u00e4ndning i ving\u00e5rdar, betesmarker, underh\u00e5llsarbete och allm\u00e4nt i tr\u00e5nga eller alpina f\u00f6rh\u00e5llanden erbjuder originaltillverkarna s\u00e5 kallade kompakta traktorer med l\u00e4gre h\u00e4stkrafter och mindre fordonsm\u00e5tt\/vikter. En s\u00e5dan traktor \u00e4r Fendt 209 S, som nu ocks\u00e5 finns som leksaksmodell fr\u00e5n BRUDER i skala 1:16. Leksakstraktorn fr\u00e5n Profi-serien har alla funktioner som sina \u201dst\u00f6rre\u201d BRUDER-kollegor och kan kombineras med alla jordbrukstrailers och redskap fr\u00e5n Profi-serien. P\u00e5 grund av de mindre m\u00e5tten p\u00e5 originalet kr\u00e4vdes \u00e4ven justeringar av frontlastarf\u00e4stet p\u00e5 1:16-modellen. Denna traktor, med ett mycket f\u00f6rm\u00e5nligt pris\/prestandaf\u00f6rh\u00e5llande, kompletterar BRUDERs traktorsortiment b\u00e5de vad g\u00e4ller modellval (stora traktorer\/sm\u00e5 traktorer) och priskategorier.<\/p>\n<p>Fordonets kaross: \u2013 Monteringsf\u00e4ste f\u00f6r frontlastare<br \/>\n\u2013 Standard fram- och bakkoppling<\/p>\n<p>Chassi: \u2013 Styrbar och terr\u00e4ngg\u00e5ende pendelaxel fram<br \/>\n\u2013 D\u00e4ck med m\u00f6nster<\/p>\n<p>R\u00f6relse\/funktion: \u2013 Styrbar med extra styrst\u00e5ng genom traktorns taklucka<\/p>\n<p>Allm\u00e4nt: \u2013 Traktorserie: 1000<br \/>\n\u2013 Varning! Ej l\u00e4mplig f\u00f6r barn under 36 m\u00e5nader. Kv\u00e4vningsrisk p\u00e5 grund av sm\u00e5 delar som kan sv\u00e4ljas.<br \/>\n\u2013 \u00c5ldersrekommendation: l\u00e4mplig f\u00f6r lek b\u00e5de inomhus och utomhus fr\u00e5n 3 \u00e5r<br \/>\n\u2013 Tillverkad av h\u00f6gkvalitativa plaster som ABS<br \/>\n\u2013 Kompatibel med figur<br \/>\n\u2013 Tillverkad av Bruder<br \/>\n\u2013 Skala 1:16<\/p>\n<p>Inkl. sidovagn: \u2013 Bakre dragkrok<br \/>\n\u2013 Tippbar flakvagn<br \/>\n\u2013 F\u00e4llbara sidov\u00e4ggar<br \/>\n\u2013 F\u00e4llbart st\u00f6dben<br \/>\n\u2013 Terr\u00e4ngg\u00e5ende tandemaxel<br \/>\n\u2013 D\u00e4ck med m\u00f6nster<\/p>\n","protected":false},"excerpt":{"rendered":"<p>Fendt 209S fr\u00e5n Bruder \u00e4r en detaljerad leksakstraktor i skala 1:16, med monteringsf\u00e4ste f\u00f6r frontlastare och en sidovagn. Traktorn har ett styrbart chassi med terr\u00e4ngg\u00e5ende pendelaxel och d\u00e4ck med m\u00f6nster. Sidovagnen har en tippbar flakvagn och f\u00e4llbara sidov\u00e4ggar f\u00f6r \u00f6kad lekgl\u00e4dje.<\/p>\n","protected":false},"featured_media":0,"template":"","meta":{"content-type":"","_monsterinsights_skip_tracking":false,"_monsterinsights_sitenote_active":false,"_monsterinsights_sitenote_note":"","_monsterinsights_sitenote_category":0},"product_brand":[],"product_cat":[2018],"product_tag":[],"brand":[],"target-group":[],"discontinued":[],"class_list":{"0":"post-1362023","1":"product","2":"type-product","3":"status-archive","5":"product_cat-bruder-5","7":"first","8":"outofstock","9":"taxable","10":"shipping-taxable","11":"product-type-simple"},"aioseo_notices":[],"_links":{"self":[{"href":"https:\/\/games.tactic.net\/sv\/wp-json\/wp\/v2\/product\/1362023","targetHints":{"allow":["GET"]}}],"collection":[{"href":"https:\/\/games.tactic.net\/sv\/wp-json\/wp\/v2\/product"}],"about":[{"href":"https:\/\/games.tactic.net\/sv\/wp-json\/wp\/v2\/types\/product"}],"wp:attachment":[{"href":"https:\/\/games.tactic.net\/sv\/wp-json\/wp\/v2\/media?parent=1362023"}],"wp:term":[{"taxonomy":"product_brand","embeddable":true,"href":"https:\/\/games.tactic.net\/sv\/wp-json\/wp\/v2\/product_brand?post=1362023"},{"taxonomy":"product_cat","embeddable":true,"href":"https:\/\/games.tactic.net\/sv\/wp-json\/wp\/v2\/product_cat?post=1362023"},{"taxonomy":"product_tag","embeddable":true,"href":"https:\/\/games.tactic.net\/sv\/wp-json\/wp\/v2\/product_tag?post=1362023"},{"taxonomy":"brand","embeddable":true,"href":"https:\/\/games.tactic.net\/sv\/wp-json\/wp\/v2\/brand?post=1362023"},{"taxonomy":"target-group","embeddable":true,"href":"https:\/\/games.tactic.net\/sv\/wp-json\/wp\/v2\/target-group?post=1362023"},{"taxonomy":"discontinued","embeddable":true,"href":"https:\/\/games.tactic.net\/sv\/wp-json\/wp\/v2\/discontinued?post=1362023"}],"curies":[{"name":"wp","href":"https:\/\/api.w.org\/{rel}","templated":true}]}}