{"id":1362007,"date":"2024-10-04T09:17:23","date_gmt":"2024-10-04T06:17:23","guid":{"rendered":"https:\/\/games.tactic.net\/tuote\/penol-for-future-artists-36-soft-brush-markers\/"},"modified":"2024-10-04T09:17:23","modified_gmt":"2024-10-04T06:17:23","slug":"penol-for-future-artists-36-soft-brush-markers","status":"publish","type":"product","link":"https:\/\/games.tactic.net\/sv\/tuote\/penol-for-future-artists-36-soft-brush-markers\/","title":{"rendered":"Penol For Future Artists: 36 Soft Brush Markers"},"content":{"rendered":"<p>Vattenbaserat bl\u00e4ck i klara f\u00e4rger av japanskt bl\u00e4ck. S\u00e4tt p\u00e5 locket efter anv\u00e4ndning f\u00f6r att undvika uttorkning av bl\u00e4cket i pennan. <\/p>\n<p>Det \u00e4r din skapelse \u2013 du kan g\u00f6ra vad du vill.<\/p>\n<p>Penol \u00e4r ett danskt varum\u00e4rke som har gett skapare m\u00f6jligheten att uttrycka sina visioner sedan 1928 med kvalitetsverktyg f\u00f6r skrivande och f\u00e4rgl\u00e4ggning. Penol For Future Artists \u00e4r en produktlinje f\u00f6r ton\u00e5ringar och ungdomar samt alla som vill uttrycka sig.<\/p>\n","protected":false},"excerpt":{"rendered":"<p>Brush markers i blandbara f\u00e4rger med en v\u00e4ldigt mjuk och len spets f\u00f6r skrivande, dekoration och ritande p\u00e5 papper. Den mjuka spetsen kan varieras fr\u00e5n fina linjer till st\u00f6rre drag.<\/p>\n","protected":false},"featured_media":0,"template":"","meta":{"content-type":"","_monsterinsights_skip_tracking":false,"_monsterinsights_sitenote_active":false,"_monsterinsights_sitenote_note":"","_monsterinsights_sitenote_category":0},"product_brand":[],"product_cat":[2158],"product_tag":[],"brand":[],"target-group":[],"discontinued":[],"class_list":{"0":"post-1362007","1":"product","2":"type-product","3":"status-publish","5":"product_cat-farglaggning","7":"first","8":"instock","9":"taxable","10":"shipping-taxable","11":"product-type-simple"},"aioseo_notices":[],"_links":{"self":[{"href":"https:\/\/games.tactic.net\/sv\/wp-json\/wp\/v2\/product\/1362007","targetHints":{"allow":["GET"]}}],"collection":[{"href":"https:\/\/games.tactic.net\/sv\/wp-json\/wp\/v2\/product"}],"about":[{"href":"https:\/\/games.tactic.net\/sv\/wp-json\/wp\/v2\/types\/product"}],"wp:attachment":[{"href":"https:\/\/games.tactic.net\/sv\/wp-json\/wp\/v2\/media?parent=1362007"}],"wp:term":[{"taxonomy":"product_brand","embeddable":true,"href":"https:\/\/games.tactic.net\/sv\/wp-json\/wp\/v2\/product_brand?post=1362007"},{"taxonomy":"product_cat","embeddable":true,"href":"https:\/\/games.tactic.net\/sv\/wp-json\/wp\/v2\/product_cat?post=1362007"},{"taxonomy":"product_tag","embeddable":true,"href":"https:\/\/games.tactic.net\/sv\/wp-json\/wp\/v2\/product_tag?post=1362007"},{"taxonomy":"brand","embeddable":true,"href":"https:\/\/games.tactic.net\/sv\/wp-json\/wp\/v2\/brand?post=1362007"},{"taxonomy":"target-group","embeddable":true,"href":"https:\/\/games.tactic.net\/sv\/wp-json\/wp\/v2\/target-group?post=1362007"},{"taxonomy":"discontinued","embeddable":true,"href":"https:\/\/games.tactic.net\/sv\/wp-json\/wp\/v2\/discontinued?post=1362007"}],"curies":[{"name":"wp","href":"https:\/\/api.w.org\/{rel}","templated":true}]}}