{"id":1361988,"date":"2024-10-02T10:17:26","date_gmt":"2024-10-02T07:17:26","guid":{"rendered":"https:\/\/games.tactic.net\/tuote\/bruder-mercedes-benz-sprinter-sopbil\/"},"modified":"2024-10-02T10:17:26","modified_gmt":"2024-10-02T07:17:26","slug":"bruder-mercedes-benz-sprinter-sopbil","status":"publish","type":"product","link":"https:\/\/games.tactic.net\/sv\/tuote\/bruder-mercedes-benz-sprinter-sopbil\/","title":{"rendered":"Bruder Mercedes-Benz Sprinter sopbil"},"content":{"rendered":"<p>Banbrytande, effektiv, p\u00e5litlig \u2013 s\u00e5 beskriver Mercedes Benz den nya Sprintern. Den senaste generationen Sprinter forts\u00e4tter att vara den m\u00e5ngsidiga och popul\u00e4ra transportexperten. BRUDER<br \/>\nomfattande sortiment inkluderar de senaste sprintrarna i en m\u00e4ngd olika utf\u00f6randen.<\/p>\n<p>En kompakt sopbil baserad p\u00e5 Sprintern \u00e4r tillg\u00e4nglig f\u00f6r avfallshantering i tr\u00e5nga innerstadsomr\u00e5den och g\u00e5gator. Detta viktiga fordon f\u00f6r alla kommunala tj\u00e4nsteleverant\u00f6rer finns nu \u00e5terigen i skala 1:16 f\u00f6r BRUDER<br \/>\nkommersiella fordon. Sm\u00e5 soptunnor och avfallsbeh\u00e5llare kan t\u00f6mmas med samma uppm\u00e4rksamhet p\u00e5 detaljer som originalet. Det finns tv\u00e5 sidoluckor f\u00f6r sopp\u00e5sar och bortgl\u00f6mt avfall. N\u00e4r soptunnorna eller avfallsbeh\u00e5llarna t\u00f6ms \u00f6ppnas bakluckan automatiskt n\u00e4r de lyfts upp f\u00f6r t\u00f6mning. Efter att soptunnorna har t\u00f6mts och s\u00e4nkts igen, st\u00e4ngs luckan p\u00e5 nytt. Fordonet t\u00f6ms genom att l\u00e5sa upp och \u00f6ppna bakluckan och sedan tippa fordonets kropp.<\/p>\n","protected":false},"excerpt":{"rendered":"<p>Banbrytande, effektiv, p\u00e5litlig \u2013 s\u00e5 beskriver Mercedes Benz den nya Sprintern. Den senaste generationen Sprinter forts\u00e4tter att vara den m\u00e5ngsidiga och popul\u00e4ra transportexperten. BRUDER omfattande sortiment inkluderar de senaste sprintrarna i en m\u00e4ngd olika utf\u00f6randen. En kompakt sopbil baserad p\u00e5 Sprintern \u00e4r tillg\u00e4nglig f\u00f6r avfallshantering i tr\u00e5nga innerstadsomr\u00e5den och g\u00e5gator. Detta viktiga fordon f\u00f6r alla [&hellip;]<\/p>\n","protected":false},"featured_media":0,"template":"","meta":{"content-type":"","_monsterinsights_skip_tracking":false,"_monsterinsights_sitenote_active":false,"_monsterinsights_sitenote_note":"","_monsterinsights_sitenote_category":0},"product_brand":[],"product_cat":[823],"product_tag":[],"brand":[],"target-group":[],"discontinued":[],"class_list":{"0":"post-1361988","1":"product","2":"type-product","3":"status-publish","5":"product_cat-bruder","7":"first","8":"instock","9":"taxable","10":"shipping-taxable","11":"product-type-simple"},"aioseo_notices":[],"_links":{"self":[{"href":"https:\/\/games.tactic.net\/sv\/wp-json\/wp\/v2\/product\/1361988","targetHints":{"allow":["GET"]}}],"collection":[{"href":"https:\/\/games.tactic.net\/sv\/wp-json\/wp\/v2\/product"}],"about":[{"href":"https:\/\/games.tactic.net\/sv\/wp-json\/wp\/v2\/types\/product"}],"wp:attachment":[{"href":"https:\/\/games.tactic.net\/sv\/wp-json\/wp\/v2\/media?parent=1361988"}],"wp:term":[{"taxonomy":"product_brand","embeddable":true,"href":"https:\/\/games.tactic.net\/sv\/wp-json\/wp\/v2\/product_brand?post=1361988"},{"taxonomy":"product_cat","embeddable":true,"href":"https:\/\/games.tactic.net\/sv\/wp-json\/wp\/v2\/product_cat?post=1361988"},{"taxonomy":"product_tag","embeddable":true,"href":"https:\/\/games.tactic.net\/sv\/wp-json\/wp\/v2\/product_tag?post=1361988"},{"taxonomy":"brand","embeddable":true,"href":"https:\/\/games.tactic.net\/sv\/wp-json\/wp\/v2\/brand?post=1361988"},{"taxonomy":"target-group","embeddable":true,"href":"https:\/\/games.tactic.net\/sv\/wp-json\/wp\/v2\/target-group?post=1361988"},{"taxonomy":"discontinued","embeddable":true,"href":"https:\/\/games.tactic.net\/sv\/wp-json\/wp\/v2\/discontinued?post=1361988"}],"curies":[{"name":"wp","href":"https:\/\/api.w.org\/{rel}","templated":true}]}}