{"id":1361946,"date":"2024-09-30T09:17:31","date_gmt":"2024-09-30T06:17:31","guid":{"rendered":"https:\/\/games.tactic.net\/tuote\/tittut-i-djungeln\/"},"modified":"2024-09-30T09:17:31","modified_gmt":"2024-09-30T06:17:31","slug":"tittut-i-djungeln","status":"publish","type":"product","link":"https:\/\/games.tactic.net\/sv\/tuote\/tittut-i-djungeln\/","title":{"rendered":"Tittut i djungeln"},"content":{"rendered":"<p>Tittut i djungeln g\u00e5r ut p\u00e5 att varje djur ska hitta sin unge och ta hem den till boet i mitten. Genom att titta p\u00e5 korten som v\u00e4nds upp f\u00e5r en information om vilka egenskaper djuren ska ha f\u00f6r att f\u00e5 g\u00e5 fram och leta p\u00e5 en ny ruta. Egenskaper s\u00e5 som att vara randig, ha en svans som g\u00e5r upp\u00e5t eller en tunga som sticker ut. <\/p>\n<p>Spelet \u00e4r ett enkelt, gulligt spel f\u00f6r mindre barn d\u00e4r de f\u00e5r l\u00e4ra sig spelregler och turordning. <\/p>\n","protected":false},"excerpt":{"rendered":"<p>De lekfulla babydjuren spelar en omg\u00e5ng kurrag\u00f6mma. \u00c5terf\u00f6rena de bed\u00e5rande sm\u00e5 med sina f\u00f6r\u00e4ldrar. Hitta de r\u00e4tta djuren p\u00e5 spelbr\u00e4det och led dem hem. Kan du hitta dem alla? Detta hj\u00e4rtev\u00e4rmande djungel\u00e4ventyr fr\u00e4mjar tidiga s\u00f6kf\u00e4rdigheter p\u00e5 ett roligt s\u00e4tt.<\/p>\n","protected":false},"featured_media":0,"template":"","meta":{"content-type":"","_monsterinsights_skip_tracking":false,"_monsterinsights_sitenote_active":false,"_monsterinsights_sitenote_note":"","_monsterinsights_sitenote_category":0},"product_brand":[],"product_cat":[1462],"product_tag":[1220,1226,932,857],"brand":[],"target-group":[],"discontinued":[],"class_list":{"0":"post-1361946","1":"product","2":"type-product","3":"status-publish","5":"product_cat-bradspel-barnspel","6":"product_tag-aktion-sv","7":"product_tag-hastighet-sv","8":"product_tag-tidsfordriv","9":"product_tag-tur","11":"first","12":"instock","13":"taxable","14":"shipping-taxable","15":"product-type-simple"},"aioseo_notices":[],"_links":{"self":[{"href":"https:\/\/games.tactic.net\/sv\/wp-json\/wp\/v2\/product\/1361946","targetHints":{"allow":["GET"]}}],"collection":[{"href":"https:\/\/games.tactic.net\/sv\/wp-json\/wp\/v2\/product"}],"about":[{"href":"https:\/\/games.tactic.net\/sv\/wp-json\/wp\/v2\/types\/product"}],"wp:attachment":[{"href":"https:\/\/games.tactic.net\/sv\/wp-json\/wp\/v2\/media?parent=1361946"}],"wp:term":[{"taxonomy":"product_brand","embeddable":true,"href":"https:\/\/games.tactic.net\/sv\/wp-json\/wp\/v2\/product_brand?post=1361946"},{"taxonomy":"product_cat","embeddable":true,"href":"https:\/\/games.tactic.net\/sv\/wp-json\/wp\/v2\/product_cat?post=1361946"},{"taxonomy":"product_tag","embeddable":true,"href":"https:\/\/games.tactic.net\/sv\/wp-json\/wp\/v2\/product_tag?post=1361946"},{"taxonomy":"brand","embeddable":true,"href":"https:\/\/games.tactic.net\/sv\/wp-json\/wp\/v2\/brand?post=1361946"},{"taxonomy":"target-group","embeddable":true,"href":"https:\/\/games.tactic.net\/sv\/wp-json\/wp\/v2\/target-group?post=1361946"},{"taxonomy":"discontinued","embeddable":true,"href":"https:\/\/games.tactic.net\/sv\/wp-json\/wp\/v2\/discontinued?post=1361946"}],"curies":[{"name":"wp","href":"https:\/\/api.w.org\/{rel}","templated":true}]}}