{"id":1361861,"date":"2024-09-25T10:13:12","date_gmt":"2024-09-25T07:13:12","guid":{"rendered":"https:\/\/games.tactic.net\/tuote\/picasso-tiles-50pc-magnetic-race-track-building-blocks\/"},"modified":"2024-10-16T13:58:02","modified_gmt":"2024-10-16T10:58:02","slug":"picasso-tiles-50pc-magnetic-race-track-building-blocks","status":"publish","type":"product","link":"https:\/\/games.tactic.net\/sv\/tuote\/picasso-tiles-50pc-magnetic-race-track-building-blocks\/","title":{"rendered":"PicassoTiles 50pc Magnetic Race Track Building Blocks"},"content":{"rendered":"<p>BARNETS HJ\u00c4RNUTVECKLING &#8211; Fr\u00e4mjar probleml\u00f6sningsf\u00e4rdigheter, hand-\u00f6ga-koordination och tr\u00e4nar finmotorik. Racerbilssetet har snabbkopplade magnetkanter f\u00f6r att enkelt s\u00e4tta ihop bitarna och konstruera den arkitektoniska strukturen och designen enkelt via fysikens lagar och magneternas kraft. Utrustad med 16 stolpar och 4 lutningar f\u00f6r att m\u00f6jligg\u00f6ra skapandet av flerlagers 3D-racerbanor och racerbilar som kan g\u00e5 upp och ner p\u00e5 olika niv\u00e5er.<\/p>\n<p>2 LED-BILAR ING\u00c5R &#8211; Levereras med 2 LED-racerbilar som g\u00f6r att barn kan fokusera, uppm\u00e4rksamma och anv\u00e4nda sin fantasi f\u00f6r att bygga racerbanans design med hj\u00e4lp av de olika formerna och bitarna f\u00f6r att skapa den strukturella design som kr\u00e4vs f\u00f6r att bilarna ska k\u00f6ra i loopar. (2 x AA-batterier per bil kr\u00e4vs och ing\u00e5r INTE). Gatuskyltar och trafikskyltar ing\u00e5r f\u00f6r att efterlikna milj\u00f6n och maximera rolleken n\u00e4r man leker i grupper eller individuellt.<\/p>\n<p>L\u00c4RANDE \u00c4R KUL &#8211; Uppmuntra till kreativitet f\u00f6r STEM-l\u00e4rande, vilket \u00e4r nyckelfaktorn till framg\u00e5ng i dagens st\u00e4ndigt f\u00f6r\u00e4nderliga milj\u00f6. Roligt och underh\u00e5llande, perfekt pedagogisk present f\u00f6r skolbarn som aldrig g\u00e5r ur tiden. Magnetiska byggplattor Klara 3-D-f\u00e4rg Magnetiska byggblock Spelbr\u00e4dor f\u00f6r f\u00f6rskola, rollek, gruppkaktivitet, klassrumssamarbete, f\u00f6rskola och mer. L\u00e4tt att konstruera och l\u00e4tt att st\u00e4lla undan f\u00f6r f\u00f6rvaring.<\/p>\n<p>L\u00c4RANDE GENOM ATT LEKA &#8211; Det \u00e4r aldrig f\u00f6r tidigt att b\u00f6rja utveckla barns kreativitet och STEM-f\u00e4rdigheter fr\u00e5n visuellt l\u00e4rande. Barn kan f\u00f6rv\u00e4rva en stark k\u00e4nsla f\u00f6r f\u00e4rg, geometriska former inklusive 3-D-former, nummerantal, magnetiska polariteter, arkitektonisk design och strukturell teknik i tidig \u00e5lder.<\/p>\n<p>DR\u00d6M STORT &#038; BYGG STORT &#8211; Inga begr\u00e4nsningar, skalbar f\u00f6r att bygga s\u00e5 stort som \u00f6nskat genom att l\u00e4gga till fler set  f\u00f6r att komplettera m\u00e4sterverket.<br \/>\nVETENSKAPLIGT &#038; ARTISTISKT &#8211; PicassoTiles har gjort det igen. STEAM Science, Technology, Engineering, Art, and Math, allt-i-ett som g\u00f6r att barnen kan l\u00e4ra sig genom intuitivt spel och f\u00e5 fram det b\u00e4sta av allt f\u00f6r att vara konstn\u00e4rligt kreativa samtidigt som de \u00e4r tekniskt, arkitektoniskt och intelligent avancerade.<br \/>\nTILLVERKAD AV BARNV\u00c4NLIGT, ICKE-GIFTIGT, BPA-FRITT och blyfritt testat f\u00f6r att s\u00e4kerst\u00e4lla kvalitet och uppfylla s\u00e4kerhetsstandarder f\u00f6r barn att leka fritt!<\/p>\n<p>I l\u00e5dan:<br \/>\n8 st &#8211; Kvartsrunda sv\u00e4ngar<br \/>\n12 st &#8211; Fyrkantiga sp\u00e5rtiles<br \/>\n16 st &#8211; St\u00f6dkolonner<br \/>\n4 st &#8211; Rektangul\u00e4ra sp\u00e5rtiles<br \/>\n4 st &#8211; H\u00f6ga trianglar<br \/>\n4 st &#8211; Sluttningar<br \/>\n2 st &#8211; LED-bilar<\/p>\n<p>OBS! (2 x AA-batterier per bil kr\u00e4vs och ING\u00c5R INTE)<br \/>\nVARNING: Blinkande ljus.<\/p>\n","protected":false},"excerpt":{"rendered":"<p>Ett h\u00f6gkvalitativt magnetiskt bilbaneset med totalt 50 delar!<\/p>\n","protected":false},"featured_media":0,"template":"","meta":{"content-type":"","_monsterinsights_skip_tracking":false,"_monsterinsights_sitenote_active":false,"_monsterinsights_sitenote_note":"","_monsterinsights_sitenote_category":0},"product_brand":[],"product_cat":[2292],"product_tag":[],"brand":[],"target-group":[],"discontinued":[],"class_list":{"0":"post-1361861","1":"product","2":"type-product","3":"status-publish","5":"product_cat-picassotiles-leksaker","7":"first","8":"instock","9":"taxable","10":"shipping-taxable","11":"product-type-simple"},"aioseo_notices":[],"_links":{"self":[{"href":"https:\/\/games.tactic.net\/sv\/wp-json\/wp\/v2\/product\/1361861","targetHints":{"allow":["GET"]}}],"collection":[{"href":"https:\/\/games.tactic.net\/sv\/wp-json\/wp\/v2\/product"}],"about":[{"href":"https:\/\/games.tactic.net\/sv\/wp-json\/wp\/v2\/types\/product"}],"wp:attachment":[{"href":"https:\/\/games.tactic.net\/sv\/wp-json\/wp\/v2\/media?parent=1361861"}],"wp:term":[{"taxonomy":"product_brand","embeddable":true,"href":"https:\/\/games.tactic.net\/sv\/wp-json\/wp\/v2\/product_brand?post=1361861"},{"taxonomy":"product_cat","embeddable":true,"href":"https:\/\/games.tactic.net\/sv\/wp-json\/wp\/v2\/product_cat?post=1361861"},{"taxonomy":"product_tag","embeddable":true,"href":"https:\/\/games.tactic.net\/sv\/wp-json\/wp\/v2\/product_tag?post=1361861"},{"taxonomy":"brand","embeddable":true,"href":"https:\/\/games.tactic.net\/sv\/wp-json\/wp\/v2\/brand?post=1361861"},{"taxonomy":"target-group","embeddable":true,"href":"https:\/\/games.tactic.net\/sv\/wp-json\/wp\/v2\/target-group?post=1361861"},{"taxonomy":"discontinued","embeddable":true,"href":"https:\/\/games.tactic.net\/sv\/wp-json\/wp\/v2\/discontinued?post=1361861"}],"curies":[{"name":"wp","href":"https:\/\/api.w.org\/{rel}","templated":true}]}}