{"id":1361857,"date":"2024-09-25T10:12:54","date_gmt":"2024-09-25T07:12:54","guid":{"rendered":"https:\/\/games.tactic.net\/tuote\/picasso-tiles-50pc-marble-run-set\/"},"modified":"2024-10-16T13:57:58","modified_gmt":"2024-10-16T10:57:58","slug":"picasso-tiles-50pc-marble-run-set","status":"publish","type":"product","link":"https:\/\/games.tactic.net\/sv\/tuote\/picasso-tiles-50pc-marble-run-set\/","title":{"rendered":"PicassoTiles 50pc Marble run set"},"content":{"rendered":"<p>ROLIGT &#038; UTBILDANDE: V\u00e5rt popul\u00e4ra magnetiska byggset f\u00f6rb\u00e4ttrar barnets hj\u00e4rnutveckling genom lek. De snabbkopplande, magnetiserade och livfulla f\u00e4rgplattorna l\u00e5ter barn intuitivt konstruera sina egna designer enkelt samtidigt som de fr\u00e4mjar probleml\u00f6sning, hand-\u00f6ga-koordination, rumslig medvetenhet och finmotoriska f\u00e4rdigheter &#8211; allt medan de leker!<\/p>\n<p>VETENSKAPLIGT &#038; ARTISTISKT: Denna STEAM-leksak kombinerar vetenskap, teknik, teknik, konst och matematik allt-i-ett. Det g\u00f6r att barn kan fokusera, uppm\u00e4rksamma och anv\u00e4nda sina kreativa sinnen f\u00f6r att utveckla det logiska t\u00e4nkandet som kr\u00e4vs f\u00f6r att f\u00e5 kulan att glida framg\u00e5ngsrikt genom banan.<\/p>\n<p>O\u00c4NDLIGA M\u00d6JLIGHETER: Utrustad med 8 olika former, inklusive kolumner, sluttningar, trattar och U-sv\u00e4ngar, till\u00e5ter 3-D-racerbana flerlagersdesigner som g\u00f6r att barn kan anv\u00e4nda sina fantasier. Kompatibel med andra PicassoTiles-set kan den utvidgas till o\u00e4ndligt st\u00f6rre kombinationer.<\/p>\n<p>H\u00c5LLBAR, S\u00c4KER &#038; ICKE-TOKSISK: Tillverkad av BPA-fria, barns\u00e4kra och blyfria material, dessa h\u00f6gkvalitativa block testas f\u00f6r att s\u00e4kerst\u00e4lla kvalitet och uppfylla s\u00e4kerhetsstandarder f\u00f6r barn att leka fritt<\/p>\n<p>STOR G\u00c5VA F\u00d6R ALLA BARN \u00c5LDRAR 3 &#038; UPP: Tillverkad av f\u00f6r\u00e4ldrar, vi utvecklar alla v\u00e5ra leksaker med noggrann uppm\u00e4rksamhet p\u00e5 alla barns behov. G\u00e5r ut\u00f6ver traditionella leksaker, detta interaktiva lekset \u00e4r roligt f\u00f6r b\u00e5de pojkar och flickor, p\u00e5 alla inl\u00e4rningsniv\u00e5er. Underh\u00e5llande f\u00f6r ett barn som leker sj\u00e4lv eller med flera, Marble Run Race Track \u00e4r ett bra s\u00e4tt f\u00f6r f\u00f6r\u00e4ldrar att tillbringa kvalitetstid med sina barn och k\u00e4nna en k\u00e4nsla av prestation tillsammans.<\/p>\n<p>Funktioner:<\/p>\n<p>STEM &#038; STEAM L\u00c4RANDE &#8211; L\u00e5ter barn f\u00f6rv\u00e4rva en stark k\u00e4nsla av f\u00e4rg, geometriska former och arkitektonisk design f\u00f6r logiktr\u00e4ning och hj\u00e4rnutveckling.<\/p>\n<p>ICKE-TOKSISK, BPA-FRI och BLYFRI &#8211; Denna barns\u00e4kra produkt testas f\u00f6r att s\u00e4kerst\u00e4lla kvalitet och uppfylla s\u00e4kerhetsstandarder f\u00f6r barn att leka fritt<\/p>\n<p>TERAPEUTISK &#8211; V\u00e5ra leksaker fr\u00e4mjar mindre sk\u00e4rmtid och frig\u00f6r barn fr\u00e5n elektroniska enheter som TV, spel, smartphones och surfplattor.<\/p>\n<p>L\u00c4RANDE GENOM SPEL &#8211; Det \u00e4r aldrig f\u00f6r tidigt att b\u00f6rja utveckla kreativitet, v\u00e5ra leksaker ger barn en f\u00f6rspr\u00e5ng med visuell inl\u00e4rning tack vare den starka k\u00e4nslan av f\u00e4rg, 3D-former och strukturell teknik. Ytterligare PicassoTiles-expansionsset (s\u00e4ljs separat) inkluderar alfabetet, siffror och till och med periodiska tabellselement.<\/p>\n<p>DR\u00d6M STORT &#038; BYGG STORT &#8211; Inga begr\u00e4nsningar, de magnetiska plattorna \u00e4r skalbara och kan byggas s\u00e5 stora som \u00f6nskat genom att l\u00e4gga till fler bitar. Barn kan skapa sitt eget m\u00e4sterverk av marmorloppbanan varje g\u00e5ng de spelar.<\/p>\n<p>BONDING GENOM SPEL &#8211; Underh\u00e5llande f\u00f6r ett barn som leker sj\u00e4lv eller f\u00f6r flera parter, Marble Run Race Track \u00e4r ett bra s\u00e4tt f\u00f6r f\u00f6r\u00e4ldrar att tillbringa kvalitetstid med sina barn och k\u00e4nna en k\u00e4nsla av prestation tillsammans.<\/p>\n<p>\u00d6VER OCH UT\u00d6VER GENOMSNITTLIGA LEKSAKER &#8211; Tillverkad av f\u00f6r\u00e4ldrar, vi utvecklar alla v\u00e5ra leksaker med \u00f6verl\u00e4gsen uppm\u00e4rksamhet p\u00e5 detaljer. Vi vet hur man f\u00e5ngar ett barns fantasi och hur man h\u00e5ller dem fokuserade.<\/p>\n<p>I l\u00e5dan:<br \/>\n8 x kvartsrunda sv\u00e4ngar<br \/>\n21 x magnetiska kvadratiska sp\u00e5rplattor<br \/>\n8 x l\u00e5nga raka kanst\u00f6d \/ st\u00f6dkolumner<br \/>\n4 x raka kanor<br \/>\n2 x U-sv\u00e4ngskanor<br \/>\n1 x centrifugaltrattar<br \/>\n2 x sluttningar<br \/>\n3 x st\u00e5lviktade kulor<br \/>\n1 x kvadrat<\/p>\n","protected":false},"excerpt":{"rendered":"<p>Detta magnetiska kulbaneset inneh\u00e5ller 50 livfulla, f\u00e4rgglada och genomskinliga magnetiska byggklossar och plattor som kopplas samman intuitivt f\u00f6r att fr\u00e4mja \u00f6ga-hand-koordination, finmotorik och kreativt t\u00e4nkande genom lek.<\/p>\n","protected":false},"featured_media":0,"template":"","meta":{"content-type":"","_monsterinsights_skip_tracking":false,"_monsterinsights_sitenote_active":false,"_monsterinsights_sitenote_note":"","_monsterinsights_sitenote_category":0},"product_brand":[],"product_cat":[2292],"product_tag":[],"brand":[],"target-group":[],"discontinued":[],"class_list":{"0":"post-1361857","1":"product","2":"type-product","3":"status-publish","5":"product_cat-picassotiles-leksaker","7":"first","8":"instock","9":"taxable","10":"shipping-taxable","11":"product-type-simple"},"aioseo_notices":[],"_links":{"self":[{"href":"https:\/\/games.tactic.net\/sv\/wp-json\/wp\/v2\/product\/1361857","targetHints":{"allow":["GET"]}}],"collection":[{"href":"https:\/\/games.tactic.net\/sv\/wp-json\/wp\/v2\/product"}],"about":[{"href":"https:\/\/games.tactic.net\/sv\/wp-json\/wp\/v2\/types\/product"}],"wp:attachment":[{"href":"https:\/\/games.tactic.net\/sv\/wp-json\/wp\/v2\/media?parent=1361857"}],"wp:term":[{"taxonomy":"product_brand","embeddable":true,"href":"https:\/\/games.tactic.net\/sv\/wp-json\/wp\/v2\/product_brand?post=1361857"},{"taxonomy":"product_cat","embeddable":true,"href":"https:\/\/games.tactic.net\/sv\/wp-json\/wp\/v2\/product_cat?post=1361857"},{"taxonomy":"product_tag","embeddable":true,"href":"https:\/\/games.tactic.net\/sv\/wp-json\/wp\/v2\/product_tag?post=1361857"},{"taxonomy":"brand","embeddable":true,"href":"https:\/\/games.tactic.net\/sv\/wp-json\/wp\/v2\/brand?post=1361857"},{"taxonomy":"target-group","embeddable":true,"href":"https:\/\/games.tactic.net\/sv\/wp-json\/wp\/v2\/target-group?post=1361857"},{"taxonomy":"discontinued","embeddable":true,"href":"https:\/\/games.tactic.net\/sv\/wp-json\/wp\/v2\/discontinued?post=1361857"}],"curies":[{"name":"wp","href":"https:\/\/api.w.org\/{rel}","templated":true}]}}