{"id":1361853,"date":"2024-09-25T10:12:34","date_gmt":"2024-09-25T07:12:34","guid":{"rendered":"https:\/\/games.tactic.net\/tuote\/picasso-tiles-150pc-marble-run-set\/"},"modified":"2024-10-16T13:57:54","modified_gmt":"2024-10-16T10:57:54","slug":"picasso-tiles-150pc-marble-run-set","status":"publish","type":"product","link":"https:\/\/games.tactic.net\/sv\/tuote\/picasso-tiles-150pc-marble-run-set\/","title":{"rendered":"PicassoTiles 150pc Marble run set"},"content":{"rendered":"<p>\u00d6PPNA M\u00d6JLIGHETER &#8211; Inneh\u00e5ller 150 livfulla, f\u00e4rgglada, genomskinliga och magnetiska byggblock och plattor som intuitivt kopplas samman f\u00f6r att \u00f6va hand-\u00f6ga koordination, motorisk f\u00e4rdighetstr\u00e4ning och barns hj\u00e4rnutveckling. Utrustad med 10 olika geometriska former, inklusive kolumner, sluttningar, skjutbanor, trattar, U-sv\u00e4ngar och st\u00e5lviktade kulor, banan i  3-D till\u00e5ter designer i flera lager som g\u00f6r att barn kan stimulera fantasin.<\/p>\n<p>PROBLEML\u00d6SNING &#8211; F\u00f6rb\u00e4ttrar och uppmuntrar STEM-l\u00e4rande (Vetenskap, Teknik, Ingenj\u00f6rskonst och Matematik), vilket \u00e4r en nyckelfaktor f\u00f6r framg\u00e5ng i dagens st\u00e4ndigt f\u00f6r\u00e4nderliga v\u00e4rld. Med sammanl\u00e4nkande 3D-former l\u00e4r barn om geometriska former, principer och polariteter av magneter, nummerr\u00e4kning, arkitektoniska och strukturella designer. De magnetiska plattorna l\u00e5ter barn konstruera sina egna designer medan rumslig medvetenhet och finmotoriska f\u00e4rdigheter &#8211; allt medan de leker!<\/p>\n<p>FR\u00c4MJAR KREATIVITET &#8211; Barn kan dr\u00f6mma upp sina egna m\u00e4sterverk med variationen av ljusa f\u00e4rger och roliga former. Att bygga i fler lager g\u00f6r att barn kan uppm\u00e4rksamma och anv\u00e4nda sina kreativa sinnen f\u00f6r att fokusera och utveckla det logiska t\u00e4nkandet som kr\u00e4vs f\u00f6r att g\u00f6ra den tillg\u00e4ngliga v\u00e4gen \u00e5kbar f\u00f6r kulorna. De sp\u00e4nnande actionbitarna f\u00e5ngar barns fokus samtidigt som de uppmuntrar samarbete med andra barn f\u00f6r att g\u00f6ra l\u00e4randet roligt.<\/p>\n<p>M\u00c5NGSIDIGHET &#8211; Magnetiska byggblock \u00e4r skalbara f\u00f6r att kunna bygga s\u00e5 stort som \u00f6nskat genom att l\u00e4gga till fler bitar. Det h\u00e4r setet \u00e4r kompatibelt och kan integreras med andra PicassoTiles byggset f\u00f6r o\u00e4ndliga m\u00f6jligheter. <\/p>\n<p>FANTASTISK PRESENTID\u00c9 F\u00d6R BARN I ALLA \u00c5LDRAR: En leksak som ger mer \u00e4n traditionella leksaker. Detta interaktiva lekset \u00e4r en popul\u00e4r utbildningspresent f\u00f6r b\u00e5de pojkar och flickor, p\u00e5 alla inl\u00e4rningsniv\u00e5er. Roligt och underh\u00e5llande, det \u00e4r idealiskt f\u00f6r f\u00f6rskola, l\u00e5tsaslek, gruppaktivitet, klassrumssamarbete, f\u00f6rskoleklass och mer. ICKE-TOXISK, BPA-FRI, BLYFRI och BARN-S\u00c4KER, komponenterna testas f\u00f6r att s\u00e4kerst\u00e4lla kvalitet och uppfylla s\u00e4kerhetsstandarder s\u00e5 barn kan leka fritt.<br \/>\nGJORD AV F\u00d6R\u00c4LDRAR &#8211; Vi utvecklar alla v\u00e5ra lekset med noggrann och \u00f6verl\u00e4gsen uppm\u00e4rksamhet p\u00e5 detaljer. Vi vet hur man f\u00e5ngar ett barns fantasi och hur man h\u00e5ller dem fokuserade.<br \/>\nSTEM &#038; STEAM L\u00c4RANDE &#8211; L\u00e5ter barn f\u00f6rv\u00e4rva en stark k\u00e4nsla av f\u00e4rg, geometriska former och arkitektonisk design f\u00f6r logiktr\u00e4ning, fantasi och hj\u00e4rnutveckling.<br \/>\nERS\u00c4TTER SK\u00c4RMTID &#8211; V\u00e5ra kreativa och taktila leksaker fr\u00e4mjar mindre sk\u00e4rmtid och uppmuntrar faktiskt spel. Bygg- och l\u00e4randeleksaker hj\u00e4lper till att minska tiden som spenderas med elektroniska enheter som TV, spel, smartphones och surfplattor.<br \/>\nUTBILDNING &#8211; Det \u00e4r aldrig f\u00f6r tidigt att b\u00f6rja utveckla ett barns kreativitet i ung \u00e5lder. PicassoTiles inspirerar ungdomar genom lek och ger dem ett f\u00f6rspr\u00e5ng.<br \/>\nKVALITETSTID I LEKANDET &#8211; Underh\u00e5llande f\u00f6r ett barn som spelar sj\u00e4lv eller f\u00f6r flera parter, \u00e4r den magnetiska kulbanan ett bra s\u00e4tt f\u00f6r f\u00f6r\u00e4ldrar och mor- och farf\u00f6r\u00e4ldrar att tillbringa kvalitetstid med sina barn och k\u00e4nna en k\u00e4nsla av prestation tillsammans.<br \/>\nROLIGT F\u00d6R ALLA BARN\u00c5LDRAR &#8211; Dessa 3-D-byggblock f\u00e5ngar fantasin hos f\u00f6rskolebarn och tidiga grundskolebarn. L\u00e4tt att bygga med och l\u00e4tt att l\u00e4gga undan f\u00f6r f\u00f6rvaring, de passar lika bra hemma som i klassrummet.<br \/>\nICKETOXISK, BPA-FRI och BLYFRI &#8211; Denna barns\u00e4kra produkt testas f\u00f6r att s\u00e4kerst\u00e4lla kvalitet och uppfylla s\u00e4kerhetsstandarder f\u00f6r barn att leka fritt.<\/p>\n<p>Inuti l\u00e5dan:<br \/>\n27 x kvartsrunda sv\u00e4ngar<br \/>\n48 x magnetiska kvadratiska sp\u00e5rplattor<br \/>\n32 x l\u00e5nga raka kanor \/ st\u00f6dkolumner<br \/>\n12 x raka bandelar<br \/>\n8 x U-sv\u00e4ng bandelar<br \/>\n4 x centripetala trattar<br \/>\n4 x sluttningar<br \/>\n4 x liksidiga trianglar<br \/>\n4 x likbenta trianglar<br \/>\n6 x st\u00e5lviktade kulor<br \/>\n1 x kvadrat<\/p>\n","protected":false},"excerpt":{"rendered":"<p>En rolig och kreativ kulbana d\u00e4r barn kan bygga och utforska olika banor. Skapa sp\u00e4nnande konstruktioner och utmana dig sj\u00e4lv till att bygga \u00e4nnu mer avancerade banor. Setet inneh\u00e5ller 150 livfulla, f\u00e4rgglada, genomskinliga och magnetiska byggblock och plattor som intuitivt kopplas samman f\u00f6r att \u00f6va hand-\u00f6ga koordination, motorisk f\u00e4rdighetstr\u00e4ning och kreativt t\u00e4nkande genom lek. <\/p>\n","protected":false},"featured_media":0,"template":"","meta":{"content-type":"","_monsterinsights_skip_tracking":false,"_monsterinsights_sitenote_active":false,"_monsterinsights_sitenote_note":"","_monsterinsights_sitenote_category":0},"product_brand":[],"product_cat":[2292],"product_tag":[],"brand":[],"target-group":[],"discontinued":[],"class_list":{"0":"post-1361853","1":"product","2":"type-product","3":"status-publish","5":"product_cat-picassotiles-leksaker","7":"first","8":"instock","9":"taxable","10":"shipping-taxable","11":"product-type-simple"},"aioseo_notices":[],"_links":{"self":[{"href":"https:\/\/games.tactic.net\/sv\/wp-json\/wp\/v2\/product\/1361853","targetHints":{"allow":["GET"]}}],"collection":[{"href":"https:\/\/games.tactic.net\/sv\/wp-json\/wp\/v2\/product"}],"about":[{"href":"https:\/\/games.tactic.net\/sv\/wp-json\/wp\/v2\/types\/product"}],"wp:attachment":[{"href":"https:\/\/games.tactic.net\/sv\/wp-json\/wp\/v2\/media?parent=1361853"}],"wp:term":[{"taxonomy":"product_brand","embeddable":true,"href":"https:\/\/games.tactic.net\/sv\/wp-json\/wp\/v2\/product_brand?post=1361853"},{"taxonomy":"product_cat","embeddable":true,"href":"https:\/\/games.tactic.net\/sv\/wp-json\/wp\/v2\/product_cat?post=1361853"},{"taxonomy":"product_tag","embeddable":true,"href":"https:\/\/games.tactic.net\/sv\/wp-json\/wp\/v2\/product_tag?post=1361853"},{"taxonomy":"brand","embeddable":true,"href":"https:\/\/games.tactic.net\/sv\/wp-json\/wp\/v2\/brand?post=1361853"},{"taxonomy":"target-group","embeddable":true,"href":"https:\/\/games.tactic.net\/sv\/wp-json\/wp\/v2\/target-group?post=1361853"},{"taxonomy":"discontinued","embeddable":true,"href":"https:\/\/games.tactic.net\/sv\/wp-json\/wp\/v2\/discontinued?post=1361853"}],"curies":[{"name":"wp","href":"https:\/\/api.w.org\/{rel}","templated":true}]}}