{"id":1361849,"date":"2024-09-25T10:12:17","date_gmt":"2024-09-25T07:12:17","guid":{"rendered":"https:\/\/games.tactic.net\/tuote\/picasso-tiles-72-pc-ice-winter-theme-magnetic-tiles-set\/"},"modified":"2025-09-30T09:28:41","modified_gmt":"2025-09-30T06:28:41","slug":"picasso-tiles-72-pc-ice-winter-theme-magnetic-tiles-set","status":"publish","type":"product","link":"https:\/\/games.tactic.net\/sv\/tuote\/picasso-tiles-72-pc-ice-winter-theme-magnetic-tiles-set\/","title":{"rendered":"PicassoTiles 72 pc Ice Winter Theme Magnetic Tiles set"},"content":{"rendered":"<p>FROSTIGT UNDERLAND: Magnetiska Byggplattor F\u00f6rdjupa dig i Isvintertemat med dessa genomskinliga block, som erbjuder en f\u00e4ngslande visuell resa f\u00f6r barn. Varje platta har kraftfulla magneter, vilket s\u00e4kerst\u00e4ller stabila anslutningar f\u00f6r stabilitet under skapandet. Tillverkade med starka magneter \u00e4r dessa block konstruerade f\u00f6r att t\u00e5la konstant lek. En felfri introduktion eller ett komplement till din samling av magnetiska plattor, \u00e5tf\u00f6ljd av 2 charmiga karakt\u00e4rsfigurer, 2 karakt\u00e4rs-accessoarer, 1 trappa, fungerande f\u00f6nster och d\u00f6rrar. <\/p>\n<p>ST\u00c4RKANDE STEM-UTBILDNING: Detta set fungerar som en dynamisk plattform f\u00f6r att fr\u00e4mja f\u00e4rdigheter inklusive exakt hand-\u00f6ga koordination, skicklig probleml\u00f6sning, rumslig medvetenhet och obegr\u00e4nsad kreativitet. Det banar v\u00e4g f\u00f6r tidiga inl\u00e4rningserfarenheter som etsar djupa minnen i ditt barns utveckling, och en positiv f\u00f6rst\u00e5else f\u00f6r former &#038; STEAM (Vetenskap, Teknik, Ingenj\u00f6rskonst, Konst och Matematik) l\u00e4gger grunden f\u00f6r en framtid fylld med b\u00e5de utbildning och n\u00f6je. <\/p>\n<p>SL\u00c4PP L\u00d6S OBEG\u00c4NSAD KREATIVITET: Ge dig ut p\u00e5 en resa bortom fantasin. Se hur barn sj\u00e4lvst\u00e4ndigt konceptualiserar och monterar invecklade bitar och l\u00e5ser upp v\u00e4rldens underverk. Detta \u00e4r inte bara en STEAM-leksak; det \u00e4r en kanal f\u00f6r intuitivt lekande, som driver barn fram\u00e5t med intelligens och framsteg, samtidigt som de gl\u00e4djer sig \u00e5t uppt\u00e4ckterna.<\/p>\n<p>UTBYTBARA MAGNETISKA PLATTOR: Det magnetiska setet kommer med 8 f\u00f6nster och 16 d\u00f6rrklaffklipp, var och en utrustad med magneter f\u00f6r s\u00f6ml\u00f6s f\u00e4stning till varje kvadratisk platta. Dynamiska klipp-in insatser underl\u00e4ttar konstruktionen av st\u00f6rre strukturer, komplett med fungerande f\u00f6nster och d\u00f6rrar. Oavsett om du skapar ett kungligt slott, ett vision\u00e4rt dr\u00f6mhus, livliga stadssilhuetter, rustika lador, h\u00f6ga skyskrapor eller vilken arkitektonisk fantasi ditt barn \u00e4n f\u00f6rest\u00e4ller sig, \u00e4r m\u00f6jligheterna gr\u00e4nsl\u00f6sa.<\/p>\n<p>H\u00c5LLBAR &#038; S\u00c4KER: Rekommenderas f\u00f6r barn fr\u00e5n 3 \u00e5r och upp\u00e5t, v\u00e5rt kvalitativa magnetset \u00e4r designat f\u00f6r att s\u00e4kerst\u00e4lla att barnen har en positiv och trevlig upplevelse. PicassoTiles\u2019 magnetiska plattor \u00e4r tillverkade av icke-toxisk ABS-plast som \u00e4r BPA-fri och otroligt s\u00e4ker f\u00f6r barn. Lika underh\u00e5llande att bygga med sj\u00e4lv som det \u00e4r att bygga med flera. Den perfekta g\u00e5van f\u00f6r varje tillf\u00e4lle!<\/p>\n<p>I L\u00c5DAN:<br \/>\n67 x Vinter\/Is Temaplattor<br \/>\n2 x Karakt\u00e4rsfigurer<br \/>\n2 x handverktyg<br \/>\n1 x Trappa<\/p>\n","protected":false},"excerpt":{"rendered":"<p>FROSTIGT UNDERLAND: Magnetiska Byggplattor F\u00f6rdjupa dig i Isvintertemat med dessa genomskinliga block, som erbjuder en f\u00e4ngslande visuell resa f\u00f6r barn.<\/p>\n","protected":false},"featured_media":0,"template":"","meta":{"content-type":"","_monsterinsights_skip_tracking":false,"_monsterinsights_sitenote_active":false,"_monsterinsights_sitenote_note":"","_monsterinsights_sitenote_category":0},"product_brand":[],"product_cat":[2292],"product_tag":[],"brand":[],"target-group":[],"discontinued":[],"class_list":{"0":"post-1361849","1":"product","2":"type-product","3":"status-publish","5":"product_cat-picassotiles-leksaker","7":"first","8":"instock","9":"taxable","10":"shipping-taxable","11":"product-type-simple"},"aioseo_notices":[],"_links":{"self":[{"href":"https:\/\/games.tactic.net\/sv\/wp-json\/wp\/v2\/product\/1361849","targetHints":{"allow":["GET"]}}],"collection":[{"href":"https:\/\/games.tactic.net\/sv\/wp-json\/wp\/v2\/product"}],"about":[{"href":"https:\/\/games.tactic.net\/sv\/wp-json\/wp\/v2\/types\/product"}],"wp:attachment":[{"href":"https:\/\/games.tactic.net\/sv\/wp-json\/wp\/v2\/media?parent=1361849"}],"wp:term":[{"taxonomy":"product_brand","embeddable":true,"href":"https:\/\/games.tactic.net\/sv\/wp-json\/wp\/v2\/product_brand?post=1361849"},{"taxonomy":"product_cat","embeddable":true,"href":"https:\/\/games.tactic.net\/sv\/wp-json\/wp\/v2\/product_cat?post=1361849"},{"taxonomy":"product_tag","embeddable":true,"href":"https:\/\/games.tactic.net\/sv\/wp-json\/wp\/v2\/product_tag?post=1361849"},{"taxonomy":"brand","embeddable":true,"href":"https:\/\/games.tactic.net\/sv\/wp-json\/wp\/v2\/brand?post=1361849"},{"taxonomy":"target-group","embeddable":true,"href":"https:\/\/games.tactic.net\/sv\/wp-json\/wp\/v2\/target-group?post=1361849"},{"taxonomy":"discontinued","embeddable":true,"href":"https:\/\/games.tactic.net\/sv\/wp-json\/wp\/v2\/discontinued?post=1361849"}],"curies":[{"name":"wp","href":"https:\/\/api.w.org\/{rel}","templated":true}]}}