{"id":1361845,"date":"2024-09-25T10:11:59","date_gmt":"2024-09-25T07:11:59","guid":{"rendered":"https:\/\/games.tactic.net\/tuote\/picasso-tiles-16pc-magnetic-tiles-set\/"},"modified":"2026-03-06T08:54:10","modified_gmt":"2026-03-06T06:54:10","slug":"picasso-tiles-16pc-magnetic-tiles-set","status":"archive","type":"product","link":"https:\/\/games.tactic.net\/sv\/tuote\/picasso-tiles-16pc-magnetic-tiles-set\/","title":{"rendered":"PicassoTiles 16pc Magnetic Tiles set"},"content":{"rendered":"<p>M\u00e5ngsidig design som \u00e4r kompatibel med andra fullstora magnetiska byggklossar fr\u00e5n PicassoTiles f\u00f6r att ut\u00f6ka kreativa m\u00f6jligheter.<\/p>\n<p>I l\u00e5dan:<\/p>\n<p>6 romber<br \/>\n2 pentagoner<br \/>\n2 hexagoner<br \/>\n2 likbenta trapetsoider<br \/>\n4 Pythagoreiska trianglar<br \/>\nLek och STEM-l\u00e4rande:<br \/>\nPicassoTiles magnetiska byggklossar f\u00f6rvandlar l\u00e4rande till ett \u00e4ventyr, vilket inspirerar till fantasifull lek, probleml\u00f6sning och st\u00e4ndig underh\u00e5llning. Genom interaktiv utforskning av naturvetenskap, teknik, ingenj\u00f6rskonst och matematik (STEM) utvecklar barn viktiga f\u00e4rdigheter som hand-\u00f6ga-koordination, probleml\u00f6sning och rumslig medvetenhet, vilket g\u00f6r l\u00e4randet b\u00e5de roligt och v\u00e4rdefullt.<\/p>\n","protected":false},"excerpt":{"rendered":"<p>Detta f\u00e4rgglada set med 16 delar inneh\u00e5ller ett roligt urval av plattor f\u00f6r magnetiska bygglekar, och de geometriska formerna g\u00f6r leken \u00e4nnu mer sp\u00e4nnande.<\/p>\n","protected":false},"featured_media":0,"template":"","meta":{"content-type":"","_monsterinsights_skip_tracking":false,"_monsterinsights_sitenote_active":false,"_monsterinsights_sitenote_note":"","_monsterinsights_sitenote_category":0},"product_brand":[],"product_cat":[2292],"product_tag":[],"brand":[],"target-group":[],"discontinued":[],"class_list":{"0":"post-1361845","1":"product","2":"type-product","3":"status-archive","5":"product_cat-picassotiles-leksaker","7":"first","8":"outofstock","9":"taxable","10":"shipping-taxable","11":"product-type-simple"},"aioseo_notices":[],"_links":{"self":[{"href":"https:\/\/games.tactic.net\/sv\/wp-json\/wp\/v2\/product\/1361845","targetHints":{"allow":["GET"]}}],"collection":[{"href":"https:\/\/games.tactic.net\/sv\/wp-json\/wp\/v2\/product"}],"about":[{"href":"https:\/\/games.tactic.net\/sv\/wp-json\/wp\/v2\/types\/product"}],"wp:attachment":[{"href":"https:\/\/games.tactic.net\/sv\/wp-json\/wp\/v2\/media?parent=1361845"}],"wp:term":[{"taxonomy":"product_brand","embeddable":true,"href":"https:\/\/games.tactic.net\/sv\/wp-json\/wp\/v2\/product_brand?post=1361845"},{"taxonomy":"product_cat","embeddable":true,"href":"https:\/\/games.tactic.net\/sv\/wp-json\/wp\/v2\/product_cat?post=1361845"},{"taxonomy":"product_tag","embeddable":true,"href":"https:\/\/games.tactic.net\/sv\/wp-json\/wp\/v2\/product_tag?post=1361845"},{"taxonomy":"brand","embeddable":true,"href":"https:\/\/games.tactic.net\/sv\/wp-json\/wp\/v2\/brand?post=1361845"},{"taxonomy":"target-group","embeddable":true,"href":"https:\/\/games.tactic.net\/sv\/wp-json\/wp\/v2\/target-group?post=1361845"},{"taxonomy":"discontinued","embeddable":true,"href":"https:\/\/games.tactic.net\/sv\/wp-json\/wp\/v2\/discontinued?post=1361845"}],"curies":[{"name":"wp","href":"https:\/\/api.w.org\/{rel}","templated":true}]}}