{"id":1361841,"date":"2024-09-25T10:11:38","date_gmt":"2024-09-25T07:11:38","guid":{"rendered":"https:\/\/games.tactic.net\/tuote\/picasso-tiles-152pc-magnetic-tiles-set\/"},"modified":"2024-10-16T13:57:42","modified_gmt":"2024-10-16T10:57:42","slug":"picasso-tiles-152pc-magnetic-tiles-set","status":"publish","type":"product","link":"https:\/\/games.tactic.net\/sv\/tuote\/picasso-tiles-152pc-magnetic-tiles-set\/","title":{"rendered":"PicassoTiles 152pc Magnetic Tiles set"},"content":{"rendered":"<p>DR\u00d6M STORT &#038; BYGG STORT: PicassoTiles\u2019 152-delars set med magnetiska byggplattor, hyllat f\u00f6r sin prisbel\u00f6nta och STEM-godk\u00e4nda design, hj\u00e4lper till i de kritiska utvecklingsstadierna f\u00f6r barn fr\u00e5n 3 \u00e5r och upp\u00e5t genom att uppmuntra tillv\u00e4xt genom lek. Med obegr\u00e4nsade m\u00f6jligheter f\u00f6r \u00f6ppna strukturer kan barn k\u00e4nna igen former och utveckla en stark k\u00e4nsla f\u00f6r f\u00e4rg, vilket fr\u00e4mjar kreativitet. Setet erbjuder obegr\u00e4nsade lekideer, vilket m\u00f6jligg\u00f6r s\u00f6ml\u00f6s integration med andra leksaker f\u00f6r ut\u00f6kade byggm\u00f6jligheter, oavsett om det \u00e4r inomhus eller utomhus. Ytterligare spegelbitar f\u00f6rb\u00e4ttrar leken genom att l\u00e4gga till ett reflekterande element till strukturerna, medan de starka magneterna s\u00e4kerst\u00e4ller robust konstruktion p\u00e5 m\u00e5nga olika s\u00e4tt. Dessutom fr\u00e4mjar plattorna en organiserad lekmilj\u00f6, de kan enkelt s\u00e4ttas ihop kompakt f\u00f6r enkel st\u00e4dning och f\u00f6rvaring, vilket bidrar till ett snyggt och prydligt lekrum eller klassrum.<\/p>\n<p>BPA-FRI, BLYFRI och ICKE-TOXISK: Testad f\u00f6r att s\u00e4kerst\u00e4lla kvalitet och uppfylla s\u00e4kerhetsstandarder f\u00f6r barn att leka fritt. PicassoTiles Magnetiska Transparenta Byggblock \u00e4r gjorda f\u00f6r sm\u00e5barns lek, utbildningssyfte och mer. Det finns inga begr\u00e4nsningar, setet \u00e4r skalbart f\u00f6r att bygga s\u00e5 stort som \u00f6nskas genom att komplettera med fler bitar. <\/p>\n<p>I L\u00c5DAN:<\/p>\n<p>8 x L-formade plattor<br \/>\n34 x Liksidiga trianglar<br \/>\n28 x Spetsiga trianglar<br \/>\n1 x Magnetisk bildel<br \/>\n12 x Kvarts cirklar<br \/>\n18 x Sm\u00e5 rektanglar<br \/>\n24 x Kvadrater<br \/>\n6 x Spegelplattor<br \/>\n4 x Designade kvadrater<br \/>\n4 x H-formade plattor<br \/>\n8 x L\u00e5nga trianglar<br \/>\n5 x R\u00e4tvinkliga trianglar<\/p>\n","protected":false},"excerpt":{"rendered":"<p>Magnetplattsetet med 152 delar hj\u00e4lper barn att k\u00e4nna igen former och utveckla en stark k\u00e4nsla f\u00f6r f\u00e4rger genom att bygga obegr\u00e4nsade och fantasifulla konstruktioner \u2013 fr\u00e5n en liten bil till ett stort slott.<\/p>\n","protected":false},"featured_media":0,"template":"","meta":{"content-type":"","_monsterinsights_skip_tracking":false,"_monsterinsights_sitenote_active":false,"_monsterinsights_sitenote_note":"","_monsterinsights_sitenote_category":0},"product_brand":[],"product_cat":[2292],"product_tag":[],"brand":[],"target-group":[],"discontinued":[],"class_list":{"0":"post-1361841","1":"product","2":"type-product","3":"status-publish","5":"product_cat-picassotiles-leksaker","7":"first","8":"instock","9":"taxable","10":"shipping-taxable","11":"product-type-simple"},"aioseo_notices":[],"_links":{"self":[{"href":"https:\/\/games.tactic.net\/sv\/wp-json\/wp\/v2\/product\/1361841","targetHints":{"allow":["GET"]}}],"collection":[{"href":"https:\/\/games.tactic.net\/sv\/wp-json\/wp\/v2\/product"}],"about":[{"href":"https:\/\/games.tactic.net\/sv\/wp-json\/wp\/v2\/types\/product"}],"wp:attachment":[{"href":"https:\/\/games.tactic.net\/sv\/wp-json\/wp\/v2\/media?parent=1361841"}],"wp:term":[{"taxonomy":"product_brand","embeddable":true,"href":"https:\/\/games.tactic.net\/sv\/wp-json\/wp\/v2\/product_brand?post=1361841"},{"taxonomy":"product_cat","embeddable":true,"href":"https:\/\/games.tactic.net\/sv\/wp-json\/wp\/v2\/product_cat?post=1361841"},{"taxonomy":"product_tag","embeddable":true,"href":"https:\/\/games.tactic.net\/sv\/wp-json\/wp\/v2\/product_tag?post=1361841"},{"taxonomy":"brand","embeddable":true,"href":"https:\/\/games.tactic.net\/sv\/wp-json\/wp\/v2\/brand?post=1361841"},{"taxonomy":"target-group","embeddable":true,"href":"https:\/\/games.tactic.net\/sv\/wp-json\/wp\/v2\/target-group?post=1361841"},{"taxonomy":"discontinued","embeddable":true,"href":"https:\/\/games.tactic.net\/sv\/wp-json\/wp\/v2\/discontinued?post=1361841"}],"curies":[{"name":"wp","href":"https:\/\/api.w.org\/{rel}","templated":true}]}}