{"id":1361522,"date":"2024-09-09T11:09:00","date_gmt":"2024-09-09T08:09:00","guid":{"rendered":"https:\/\/games.tactic.net\/tuote\/cirkusdjuren\/"},"modified":"2024-09-26T08:44:28","modified_gmt":"2024-09-26T05:44:28","slug":"cirkusdjuren","status":"publish","type":"product","link":"https:\/\/games.tactic.net\/sv\/tuote\/cirkusdjuren\/","title":{"rendered":"Cirkusdjuren"},"content":{"rendered":"<p>S\u00e4tt ig\u00e5ng med skratt och sp\u00e4nning i spelet Cirkusdjuren.<br \/>\nH\u00e4r t\u00e4vlar du mot dina v\u00e4nner om att bli showens stj\u00e4rna genom att samla flest cirkusbrickor till ditt t\u00e4lt. V\u00e4lj din favoritkarakt\u00e4r bland den balanserande elefanten, den cyklande bj\u00f6rnen, den eldsprutande tigern eller den akrobatiska h\u00e4sten och ge dig ut i manegen. Men se upp \u2013 musen kan tar dina brickor n\u00e4r den kan, och den l\u00e5ngsamma seng\u00e5ngaren kan hamna i v\u00e4gen f\u00f6r dig och stoppa din v\u00e4g fram\u00e5t.<br \/>\nMed en spelplan fylld av f\u00e4rg och \u00f6verraskningar, snurrar varje runda snabbt fram med t\u00e4rningskast, smarta drag och snabba reaktioner. Hitta r\u00e4tt f\u00e4lt, v\u00e4lj kluriga strategier och var snabbare \u00e4n dina motst\u00e5ndare f\u00f6r att samla dina 15 cirkusbrickor f\u00f6rst och ta hem segern!<br \/>\nPerfekt f\u00f6r b\u00e5de stora och sm\u00e5, Cirkusdjuren \u00e4r spelet som garanterar skratt, gl\u00e4dje och massor av sp\u00e4nning. \u00c4r du redo att bli stj\u00e4rnan i showen? L\u00e5t cirkusen b\u00f6rja!<\/p>\n<p><img decoding=\"async\" src=\"https:\\\\\\\\games.tactic.net\\\\pic\\\\logo\\\\SE_2024_Arets-Barnspel_nominerad.png\"><\/p>\n","protected":false},"excerpt":{"rendered":"<p>S\u00e4tt ig\u00e5ng med skratt och sp\u00e4nning i spelet Cirkusdjuren. H\u00e4r t\u00e4vlar du mot dina v\u00e4nner om att bli showens stj\u00e4rna genom att samla flest cirkusbrickor till ditt t\u00e4lt. V\u00e4lj din favoritkarakt\u00e4r bland den balanserande elefanten, den cyklande bj\u00f6rnen, den eldsprutande tigern eller den akrobatiska h\u00e4sten och ge dig ut i manegen. Men se upp \u2013 [&hellip;]<\/p>\n","protected":false},"featured_media":0,"template":"","meta":{"content-type":"","_monsterinsights_skip_tracking":false,"_monsterinsights_sitenote_active":false,"_monsterinsights_sitenote_note":"","_monsterinsights_sitenote_category":0},"product_brand":[],"product_cat":[1462],"product_tag":[1220,1226,932,857],"brand":[],"target-group":[],"discontinued":[],"class_list":{"0":"post-1361522","1":"product","2":"type-product","3":"status-publish","5":"product_cat-bradspel-barnspel","6":"product_tag-aktion-sv","7":"product_tag-hastighet-sv","8":"product_tag-tidsfordriv","9":"product_tag-tur","11":"first","12":"instock","13":"taxable","14":"shipping-taxable","15":"product-type-simple"},"aioseo_notices":[],"_links":{"self":[{"href":"https:\/\/games.tactic.net\/sv\/wp-json\/wp\/v2\/product\/1361522","targetHints":{"allow":["GET"]}}],"collection":[{"href":"https:\/\/games.tactic.net\/sv\/wp-json\/wp\/v2\/product"}],"about":[{"href":"https:\/\/games.tactic.net\/sv\/wp-json\/wp\/v2\/types\/product"}],"wp:attachment":[{"href":"https:\/\/games.tactic.net\/sv\/wp-json\/wp\/v2\/media?parent=1361522"}],"wp:term":[{"taxonomy":"product_brand","embeddable":true,"href":"https:\/\/games.tactic.net\/sv\/wp-json\/wp\/v2\/product_brand?post=1361522"},{"taxonomy":"product_cat","embeddable":true,"href":"https:\/\/games.tactic.net\/sv\/wp-json\/wp\/v2\/product_cat?post=1361522"},{"taxonomy":"product_tag","embeddable":true,"href":"https:\/\/games.tactic.net\/sv\/wp-json\/wp\/v2\/product_tag?post=1361522"},{"taxonomy":"brand","embeddable":true,"href":"https:\/\/games.tactic.net\/sv\/wp-json\/wp\/v2\/brand?post=1361522"},{"taxonomy":"target-group","embeddable":true,"href":"https:\/\/games.tactic.net\/sv\/wp-json\/wp\/v2\/target-group?post=1361522"},{"taxonomy":"discontinued","embeddable":true,"href":"https:\/\/games.tactic.net\/sv\/wp-json\/wp\/v2\/discontinued?post=1361522"}],"curies":[{"name":"wp","href":"https:\/\/api.w.org\/{rel}","templated":true}]}}