{"id":1361520,"date":"2024-09-09T10:08:30","date_gmt":"2024-09-09T07:08:30","guid":{"rendered":"https:\/\/games.tactic.net\/tuote\/bad-people\/"},"modified":"2024-11-27T10:33:08","modified_gmt":"2024-11-27T08:33:08","slug":"bad-people","status":"publish","type":"product","link":"https:\/\/games.tactic.net\/sv\/tuote\/bad-people\/","title":{"rendered":"Bad People"},"content":{"rendered":"<p>Bad People \u00e4r ett kontroversiellt och humoristiskt partyspel d\u00e4r du och dina v\u00e4nner r\u00f6star p\u00e5 varandra i en rad dr\u00e4pande och ofta chockerande scenarier. Medan ni avsl\u00f6jar varandras m\u00f6rkaste sidor och skrattar \u00e5t de brutala svaren, \u00e4r det ni kanske f\u00e5r veta n\u00e5got ov\u00e4ntat om varandra. Detta spel \u00e4r f\u00f6r den som v\u00e5gar \u2013 och f\u00f6r v\u00e4nner som t\u00e5l att h\u00f6ra sanningen!<\/p>\n","protected":false},"excerpt":{"rendered":"<p>Vem i g\u00e4nget \u00e4r den v\u00e4rsta personen? Bad People \u00e4r spelet som avsl\u00f6jar vad dina v\u00e4nner verkligen tycker \u2013 och det \u00e4r inte alltid vackert!<\/p>\n","protected":false},"featured_media":0,"template":"","meta":{"content-type":"","_monsterinsights_skip_tracking":false,"_monsterinsights_sitenote_active":false,"_monsterinsights_sitenote_note":"","_monsterinsights_sitenote_category":0},"product_brand":[],"product_cat":[1541],"product_tag":[932],"brand":[],"target-group":[],"discontinued":[],"class_list":{"0":"post-1361520","1":"product","2":"type-product","3":"status-publish","5":"product_cat-party-spel-vuxenspel","6":"product_tag-tidsfordriv","8":"first","9":"instock","10":"taxable","11":"shipping-taxable","12":"product-type-simple"},"aioseo_notices":[],"_links":{"self":[{"href":"https:\/\/games.tactic.net\/sv\/wp-json\/wp\/v2\/product\/1361520","targetHints":{"allow":["GET"]}}],"collection":[{"href":"https:\/\/games.tactic.net\/sv\/wp-json\/wp\/v2\/product"}],"about":[{"href":"https:\/\/games.tactic.net\/sv\/wp-json\/wp\/v2\/types\/product"}],"wp:attachment":[{"href":"https:\/\/games.tactic.net\/sv\/wp-json\/wp\/v2\/media?parent=1361520"}],"wp:term":[{"taxonomy":"product_brand","embeddable":true,"href":"https:\/\/games.tactic.net\/sv\/wp-json\/wp\/v2\/product_brand?post=1361520"},{"taxonomy":"product_cat","embeddable":true,"href":"https:\/\/games.tactic.net\/sv\/wp-json\/wp\/v2\/product_cat?post=1361520"},{"taxonomy":"product_tag","embeddable":true,"href":"https:\/\/games.tactic.net\/sv\/wp-json\/wp\/v2\/product_tag?post=1361520"},{"taxonomy":"brand","embeddable":true,"href":"https:\/\/games.tactic.net\/sv\/wp-json\/wp\/v2\/brand?post=1361520"},{"taxonomy":"target-group","embeddable":true,"href":"https:\/\/games.tactic.net\/sv\/wp-json\/wp\/v2\/target-group?post=1361520"},{"taxonomy":"discontinued","embeddable":true,"href":"https:\/\/games.tactic.net\/sv\/wp-json\/wp\/v2\/discontinued?post=1361520"}],"curies":[{"name":"wp","href":"https:\/\/api.w.org\/{rel}","templated":true}]}}