{"id":1361516,"date":"2024-09-06T15:09:47","date_gmt":"2024-09-06T12:09:47","guid":{"rendered":"https:\/\/games.tactic.net\/tuote\/sommarskuggan-jakten-pa-drakten\/"},"modified":"2024-11-22T14:31:59","modified_gmt":"2024-11-22T12:31:59","slug":"sommarskuggan-jakten-pa-drakten","status":"publish","type":"product","link":"https:\/\/games.tactic.net\/sv\/tuote\/sommarskuggan-jakten-pa-drakten\/","title":{"rendered":"Sommarskuggan &#8211; Jakten p\u00e5 dr\u00e4kten"},"content":{"rendered":"<p>I Sommarskuggan: Jakten p\u00e5 dr\u00e4kten t\u00e4vlar spelarna om att bli n\u00e4sta Sommarskugga! Spelet tar plats i TV-huset d\u00e4r ni ska samla skatter genom att sl\u00e5 t\u00e4rningar och r\u00f6ra er runt spelbr\u00e4det. Varje g\u00e5ng du stannar p\u00e5 en plats kan du hitta en skatt \u2013 men se upp, det kan ocks\u00e5 vara slime! Dessutom smyger olika figurer runt f\u00f6r att st\u00e4lla till problem. Skicka dem p\u00e5 dina motspelare f\u00f6r att hindra deras framfart. Den som f\u00f6rst hittar fyra skatter och n\u00e5r chefens kontor blir n\u00e4sta Sommarskugga. Ett sp\u00e4nnande och roligt \u00e4ventyr f\u00f6r hela familjen, fyllt med taktik, tur och bus!<\/p>\n<p>Den h\u00e4r produkten \u00e4r tillverkad i Finland i Tactic Games egen fabrik. V\u00e5r produktion s\u00e4kerst\u00e4ller sp\u00e5rbarheten av alla material, och vi blev FSC-certifierade \u00e5r 2021. Vi arbetar dessutom med att noga \u00f6vervaka v\u00e5ra koldioxidutsl\u00e4pp.<\/p>\n","protected":false},"excerpt":{"rendered":"<p>Stig in i den sp\u00e4nnande v\u00e4rlden av Sommarskuggan och testa om du kan bli n\u00e4sta skugga! Samla skatter, undvik slimef\u00e4llor och man\u00f6vrera figurerna som vill s\u00e4tta k\u00e4ppar i hjulen f\u00f6r dig. Den som f\u00f6rst hittar fyra skatter och n\u00e5r chefens kontor f\u00e5r m\u00f6jlighet att ta fatt p\u00e5 Sommarskuggedr\u00e4kten och vinner spelet. \u00c4r du redo f\u00f6r en fartfylld jakt full av \u00e4ventyr? Passar perfekt f\u00f6r hela familjen!<\/p>\n","protected":false},"featured_media":0,"template":"","meta":{"content-type":"","_monsterinsights_skip_tracking":false,"_monsterinsights_sitenote_active":false,"_monsterinsights_sitenote_note":"","_monsterinsights_sitenote_category":0},"product_brand":[],"product_cat":[1462],"product_tag":[],"brand":[],"target-group":[],"discontinued":[],"class_list":{"0":"post-1361516","1":"product","2":"type-product","3":"status-publish","5":"product_cat-bradspel-barnspel","7":"first","8":"instock","9":"taxable","10":"shipping-taxable","11":"product-type-simple"},"aioseo_notices":[],"_links":{"self":[{"href":"https:\/\/games.tactic.net\/sv\/wp-json\/wp\/v2\/product\/1361516","targetHints":{"allow":["GET"]}}],"collection":[{"href":"https:\/\/games.tactic.net\/sv\/wp-json\/wp\/v2\/product"}],"about":[{"href":"https:\/\/games.tactic.net\/sv\/wp-json\/wp\/v2\/types\/product"}],"wp:attachment":[{"href":"https:\/\/games.tactic.net\/sv\/wp-json\/wp\/v2\/media?parent=1361516"}],"wp:term":[{"taxonomy":"product_brand","embeddable":true,"href":"https:\/\/games.tactic.net\/sv\/wp-json\/wp\/v2\/product_brand?post=1361516"},{"taxonomy":"product_cat","embeddable":true,"href":"https:\/\/games.tactic.net\/sv\/wp-json\/wp\/v2\/product_cat?post=1361516"},{"taxonomy":"product_tag","embeddable":true,"href":"https:\/\/games.tactic.net\/sv\/wp-json\/wp\/v2\/product_tag?post=1361516"},{"taxonomy":"brand","embeddable":true,"href":"https:\/\/games.tactic.net\/sv\/wp-json\/wp\/v2\/brand?post=1361516"},{"taxonomy":"target-group","embeddable":true,"href":"https:\/\/games.tactic.net\/sv\/wp-json\/wp\/v2\/target-group?post=1361516"},{"taxonomy":"discontinued","embeddable":true,"href":"https:\/\/games.tactic.net\/sv\/wp-json\/wp\/v2\/discontinued?post=1361516"}],"curies":[{"name":"wp","href":"https:\/\/api.w.org\/{rel}","templated":true}]}}