{"id":1361411,"date":"2024-08-29T14:09:41","date_gmt":"2024-08-29T11:09:41","guid":{"rendered":"https:\/\/games.tactic.net\/tuote\/tactic-bad-choices\/"},"modified":"2024-11-27T10:45:25","modified_gmt":"2024-11-27T08:45:25","slug":"tactic-bad-choices","status":"publish","type":"product","link":"https:\/\/games.tactic.net\/sv\/tuote\/tactic-bad-choices\/","title":{"rendered":"Bad Choices"},"content":{"rendered":"<p>Bad Choices \u00e4r det roliga spelet som blandar det b\u00e4sta av popul\u00e4ra partyspel f\u00f6r vuxna. G\u00f6r dig redo att dela med dig av dina galnaste historier och \u00f6verraska dina v\u00e4nner med fr\u00e5gor som kommer att f\u00e5 er att skratta h\u00f6gt \u2013 eller bli generade! Idealiskt f\u00f6r spelkv\u00e4llar med n\u00e4ra v\u00e4nner som \u00e4r modiga nog att vara uppriktiga. Men observera: detta spel \u00e4r inte f\u00f6r den f\u00f6rsiktige!<\/p>\n","protected":false},"excerpt":{"rendered":"<p>Bad Choices \u00e4r det ultimata spelet f\u00f6r v\u00e4nner som v\u00e5gar avsl\u00f6ja sina mest skamliga hemligheter. Ett galet partyspel som garanterar b\u00e5de skratt och chock!<\/p>\n","protected":false},"featured_media":0,"template":"","meta":{"content-type":"","_monsterinsights_skip_tracking":false,"_monsterinsights_sitenote_active":false,"_monsterinsights_sitenote_note":"","_monsterinsights_sitenote_category":0},"product_brand":[],"product_cat":[1541],"product_tag":[],"brand":[],"target-group":[],"discontinued":[],"class_list":{"0":"post-1361411","1":"product","2":"type-product","3":"status-publish","5":"product_cat-party-spel-vuxenspel","7":"first","8":"instock","9":"taxable","10":"shipping-taxable","11":"product-type-simple"},"aioseo_notices":[],"_links":{"self":[{"href":"https:\/\/games.tactic.net\/sv\/wp-json\/wp\/v2\/product\/1361411","targetHints":{"allow":["GET"]}}],"collection":[{"href":"https:\/\/games.tactic.net\/sv\/wp-json\/wp\/v2\/product"}],"about":[{"href":"https:\/\/games.tactic.net\/sv\/wp-json\/wp\/v2\/types\/product"}],"wp:attachment":[{"href":"https:\/\/games.tactic.net\/sv\/wp-json\/wp\/v2\/media?parent=1361411"}],"wp:term":[{"taxonomy":"product_brand","embeddable":true,"href":"https:\/\/games.tactic.net\/sv\/wp-json\/wp\/v2\/product_brand?post=1361411"},{"taxonomy":"product_cat","embeddable":true,"href":"https:\/\/games.tactic.net\/sv\/wp-json\/wp\/v2\/product_cat?post=1361411"},{"taxonomy":"product_tag","embeddable":true,"href":"https:\/\/games.tactic.net\/sv\/wp-json\/wp\/v2\/product_tag?post=1361411"},{"taxonomy":"brand","embeddable":true,"href":"https:\/\/games.tactic.net\/sv\/wp-json\/wp\/v2\/brand?post=1361411"},{"taxonomy":"target-group","embeddable":true,"href":"https:\/\/games.tactic.net\/sv\/wp-json\/wp\/v2\/target-group?post=1361411"},{"taxonomy":"discontinued","embeddable":true,"href":"https:\/\/games.tactic.net\/sv\/wp-json\/wp\/v2\/discontinued?post=1361411"}],"curies":[{"name":"wp","href":"https:\/\/api.w.org\/{rel}","templated":true}]}}