{"id":1361407,"date":"2024-08-28T11:09:16","date_gmt":"2024-08-28T08:09:16","guid":{"rendered":"https:\/\/games.tactic.net\/tuote\/bruder-roadmax-traktor-med-frontlastare\/"},"modified":"2024-08-28T11:09:16","modified_gmt":"2024-08-28T08:09:16","slug":"bruder-roadmax-traktor-med-frontlastare","status":"publish","type":"product","link":"https:\/\/games.tactic.net\/sv\/tuote\/bruder-roadmax-traktor-med-frontlastare\/","title":{"rendered":"Bruder ROADMAX traktor med frontlastare"},"content":{"rendered":"<p>BRUDERs jordbruksv\u00e4rld \u00e4r extremt popul\u00e4r, s\u00e4rskilt bland v\u00e5ra yngsta kunder. Med den nya ROADMAX-traktorn erbjuder BRUDER en fantastisk traktor f\u00f6r barn fr\u00e5n 2 \u00e5r. Modellen har en detaljerad hytt och stora d\u00e4ck med traktorm\u00f6nster. Traktorn \u00e4r utrustad med en stor, fullt fungerande avtagbar frontlastare, perfekt f\u00f6r lek i sandl\u00e5dan.<\/p>\n<p>Det finns fler ROADMAX-produkter i BRUDERs omfattande sortiment som matchar denna traktor och \u00e4r l\u00e4mpliga f\u00f6r barn fr\u00e5n 2 \u00e5r.<\/p>\n<p>Egenskaper:<br \/>\nFullt fungerande avtagbar frontlastare<br \/>\nTraktord\u00e4ck med m\u00f6nster<\/p>\n<p>Allm\u00e4n information:<br \/>\nRekommenderad \u00e5lder: l\u00e4mplig fr\u00e5n 2 \u00e5r f\u00f6r lek b\u00e5de inomhus och utomhus<br \/>\nTillverkad av h\u00f6gkvalitativa plaster s\u00e5som ABS<br \/>\nTillverkad av Bruder<\/p>\n","protected":false},"excerpt":{"rendered":"<p>Ge din lilla bonde en riktig traktorfavorit med BRUDER ROADMAX-traktor! Med en detaljerad hytt, stora traktord\u00e4ck och en fullt fungerande frontlastare \u00e4r den h\u00e4r traktorn perfekt f\u00f6r b\u00e5de inomhus- och utomhuslek. L\u00e4mplig fr\u00e5n 2 \u00e5r.<\/p>\n","protected":false},"featured_media":0,"template":"","meta":{"content-type":"","_monsterinsights_skip_tracking":false,"_monsterinsights_sitenote_active":false,"_monsterinsights_sitenote_note":"","_monsterinsights_sitenote_category":0},"product_brand":[],"product_cat":[823],"product_tag":[],"brand":[],"target-group":[],"discontinued":[],"class_list":{"0":"post-1361407","1":"product","2":"type-product","3":"status-publish","5":"product_cat-bruder","7":"first","8":"outofstock","9":"taxable","10":"shipping-taxable","11":"product-type-simple"},"aioseo_notices":[],"_links":{"self":[{"href":"https:\/\/games.tactic.net\/sv\/wp-json\/wp\/v2\/product\/1361407","targetHints":{"allow":["GET"]}}],"collection":[{"href":"https:\/\/games.tactic.net\/sv\/wp-json\/wp\/v2\/product"}],"about":[{"href":"https:\/\/games.tactic.net\/sv\/wp-json\/wp\/v2\/types\/product"}],"wp:attachment":[{"href":"https:\/\/games.tactic.net\/sv\/wp-json\/wp\/v2\/media?parent=1361407"}],"wp:term":[{"taxonomy":"product_brand","embeddable":true,"href":"https:\/\/games.tactic.net\/sv\/wp-json\/wp\/v2\/product_brand?post=1361407"},{"taxonomy":"product_cat","embeddable":true,"href":"https:\/\/games.tactic.net\/sv\/wp-json\/wp\/v2\/product_cat?post=1361407"},{"taxonomy":"product_tag","embeddable":true,"href":"https:\/\/games.tactic.net\/sv\/wp-json\/wp\/v2\/product_tag?post=1361407"},{"taxonomy":"brand","embeddable":true,"href":"https:\/\/games.tactic.net\/sv\/wp-json\/wp\/v2\/brand?post=1361407"},{"taxonomy":"target-group","embeddable":true,"href":"https:\/\/games.tactic.net\/sv\/wp-json\/wp\/v2\/target-group?post=1361407"},{"taxonomy":"discontinued","embeddable":true,"href":"https:\/\/games.tactic.net\/sv\/wp-json\/wp\/v2\/discontinued?post=1361407"}],"curies":[{"name":"wp","href":"https:\/\/api.w.org\/{rel}","templated":true}]}}