{"id":1361405,"date":"2024-08-27T15:10:04","date_gmt":"2024-08-27T12:10:04","guid":{"rendered":"https:\/\/games.tactic.net\/tuote\/rappakalja-remix\/"},"modified":"2025-02-26T12:51:20","modified_gmt":"2025-02-26T10:51:20","slug":"rappakalja-remix","status":"publish","type":"product","link":"https:\/\/games.tactic.net\/sv\/tuote\/rappakalja-remix\/","title":{"rendered":"Rappakalja Remix"},"content":{"rendered":"<p>Grunderna i Rappakalja Remix \u00e4r desamma som i vanliga Rappakalja.<br \/>\nI varje omg\u00e5ng f\u00e5r en person ta ett kort. P\u00e5 kortet \u00e4r det antingen ett ord, en bild, ett namn eller en l\u00e5ttext. Kortet l\u00e4ses d\u00e5 upp f\u00f6r alla spelare eller, om det \u00e4r en bild visas bilden s\u00e5 att alla kan se den.<br \/>\nSpelarna skriver d\u00e5 t.ex. vad filmen handlar om, eller det som flest m\u00e4nniskor s\u00e5g i bilden osv osv. Po\u00e4ngen \u00e4r f\u00f6rst\u00e5s att skriva ett \u00f6vertygande svar, s\u00e5 de andra spelarna kan tro att ens svar \u00e4r det korrekta.<br \/>\nSpelaren som tog kortet f\u00e5r titta p\u00e5 kortets baksida och skriva det korrekta svaret p\u00e5 en separat lapp. <\/p>\n<p>N\u00e4r alla spelarna svarat samlas lapparna ihop och l\u00e4ses upp av kortl\u00e4saren. Spelarna v\u00e4ljer ut det svar som de tror \u00e4r det korrekta. Po\u00e4ng delas ut till de som gissat r\u00e4tt, och till spelare som skrivit svar som en annan spelare gissat p\u00e5.<br \/>\nDen som \u00e4r b\u00e4st p\u00e5 att bluffa vinner! <\/p>\n","protected":false},"excerpt":{"rendered":"<p>Remix \u00e4r ett Rappakalja-spel d\u00e4r bluffandet tas till nya niv\u00e5er!<br \/>\nH\u00e4r ska du ge den mest \u00f6vertygande f\u00f6rklaringen p\u00e5 vad en film eller en l\u00e5t handlar om, vad en person egentligen \u00e4r k\u00e4nd f\u00f6r, eller vad en bild f\u00f6rest\u00e4ller. \u00c4r du redo att manipulera dina medspelare och f\u00e5 dem att tro att just din f\u00f6rklaring \u00e4r den som \u00e4r korrekt? Och kan du samtidigt s\u00e5lla bland alla bluffar och v\u00e4lja det korrekta svaret? <\/p>\n","protected":false},"featured_media":0,"template":"","meta":{"content-type":"","_monsterinsights_skip_tracking":false,"_monsterinsights_sitenote_active":false,"_monsterinsights_sitenote_note":"","_monsterinsights_sitenote_category":0},"product_brand":[],"product_cat":[365],"product_tag":[932],"brand":[],"target-group":[],"discontinued":[],"class_list":{"0":"post-1361405","1":"product","2":"type-product","3":"status-publish","5":"product_cat-familjespel","6":"product_tag-tidsfordriv","8":"first","9":"instock","10":"taxable","11":"shipping-taxable","12":"product-type-simple"},"aioseo_notices":[],"_links":{"self":[{"href":"https:\/\/games.tactic.net\/sv\/wp-json\/wp\/v2\/product\/1361405","targetHints":{"allow":["GET"]}}],"collection":[{"href":"https:\/\/games.tactic.net\/sv\/wp-json\/wp\/v2\/product"}],"about":[{"href":"https:\/\/games.tactic.net\/sv\/wp-json\/wp\/v2\/types\/product"}],"wp:attachment":[{"href":"https:\/\/games.tactic.net\/sv\/wp-json\/wp\/v2\/media?parent=1361405"}],"wp:term":[{"taxonomy":"product_brand","embeddable":true,"href":"https:\/\/games.tactic.net\/sv\/wp-json\/wp\/v2\/product_brand?post=1361405"},{"taxonomy":"product_cat","embeddable":true,"href":"https:\/\/games.tactic.net\/sv\/wp-json\/wp\/v2\/product_cat?post=1361405"},{"taxonomy":"product_tag","embeddable":true,"href":"https:\/\/games.tactic.net\/sv\/wp-json\/wp\/v2\/product_tag?post=1361405"},{"taxonomy":"brand","embeddable":true,"href":"https:\/\/games.tactic.net\/sv\/wp-json\/wp\/v2\/brand?post=1361405"},{"taxonomy":"target-group","embeddable":true,"href":"https:\/\/games.tactic.net\/sv\/wp-json\/wp\/v2\/target-group?post=1361405"},{"taxonomy":"discontinued","embeddable":true,"href":"https:\/\/games.tactic.net\/sv\/wp-json\/wp\/v2\/discontinued?post=1361405"}],"curies":[{"name":"wp","href":"https:\/\/api.w.org\/{rel}","templated":true}]}}