{"id":1361401,"date":"2024-08-27T13:10:40","date_gmt":"2024-08-27T10:10:40","guid":{"rendered":"https:\/\/games.tactic.net\/tuote\/bruder-roadmax-tractor-with-frontloader-and-tipping-trailer-toy\/"},"modified":"2024-08-27T13:10:40","modified_gmt":"2024-08-27T10:10:40","slug":"bruder-roadmax-tractor-with-frontloader-and-tipping-trailer-toy","status":"publish","type":"product","link":"https:\/\/games.tactic.net\/sv\/tuote\/bruder-roadmax-tractor-with-frontloader-and-tipping-trailer-toy\/","title":{"rendered":"Bruder ROADMAX traktor med frontlastare och tippvagn"},"content":{"rendered":"<p>BRUDERs jordbruksv\u00e4rld \u00e4r extremt popul\u00e4r, s\u00e4rskilt bland v\u00e5ra yngsta kunder. Med den nya ROADMAX-traktorn erbjuder BRUDER en fantastisk traktor f\u00f6r barn fr\u00e5n 2 \u00e5r. Modellen har en detaljerad hytt och stora, typiska traktord\u00e4ck. Traktorn \u00e4r utrustad med en stor, fullt fungerande avtagbar frontlastare, perfekt f\u00f6r lek i sandl\u00e5dan. F\u00f6r \u00e4nnu mer skoj i barnrummet och sandl\u00e5dan kommer denna kombination med en funktionell tippvagn.<\/p>\n<p>Det finns fler ROADMAX-produkter i BRUDER<br \/>\nomfattande sortiment som matchar denna traktor och \u00e4r l\u00e4mpliga f\u00f6r barn fr\u00e5n 2 \u00e5r.<\/p>\n<p>Funktioner:<br \/>\nFullt fungerande avtagbar frontlastare<br \/>\nTraktord\u00e4ck med m\u00f6nster<br \/>\nInkl. tippvagn<\/p>\n<p>Allm\u00e4n information:<br \/>\nRekommenderad \u00e5lder: l\u00e4mplig fr\u00e5n 2 \u00e5r f\u00f6r lek b\u00e5de inomhus och utomhus<br \/>\nTillverkad av h\u00f6gkvalitativa plaster s\u00e5som ABS<br \/>\nTillverkad av Bruder<\/p>\n","protected":false},"excerpt":{"rendered":"<p>Ge ditt barn en rolig och l\u00e4rorik lekupplevelse med BRUDER ROADMAX-traktor med frontlastare och tippvagn! Denna h\u00e5llbara och funktionella traktor \u00e4r perfekt f\u00f6r b\u00e5de inomhus- och utomhuslek och l\u00e5ter ditt barn utveckla sina motoriska f\u00e4rdigheter. L\u00e4mplig fr\u00e5n 2 \u00e5r.<\/p>\n","protected":false},"featured_media":0,"template":"","meta":{"content-type":"","_monsterinsights_skip_tracking":false,"_monsterinsights_sitenote_active":false,"_monsterinsights_sitenote_note":"","_monsterinsights_sitenote_category":0},"product_brand":[],"product_cat":[823],"product_tag":[],"brand":[],"target-group":[],"discontinued":[],"class_list":{"0":"post-1361401","1":"product","2":"type-product","3":"status-publish","5":"product_cat-bruder","7":"first","8":"outofstock","9":"taxable","10":"shipping-taxable","11":"product-type-simple"},"aioseo_notices":[],"_links":{"self":[{"href":"https:\/\/games.tactic.net\/sv\/wp-json\/wp\/v2\/product\/1361401","targetHints":{"allow":["GET"]}}],"collection":[{"href":"https:\/\/games.tactic.net\/sv\/wp-json\/wp\/v2\/product"}],"about":[{"href":"https:\/\/games.tactic.net\/sv\/wp-json\/wp\/v2\/types\/product"}],"wp:attachment":[{"href":"https:\/\/games.tactic.net\/sv\/wp-json\/wp\/v2\/media?parent=1361401"}],"wp:term":[{"taxonomy":"product_brand","embeddable":true,"href":"https:\/\/games.tactic.net\/sv\/wp-json\/wp\/v2\/product_brand?post=1361401"},{"taxonomy":"product_cat","embeddable":true,"href":"https:\/\/games.tactic.net\/sv\/wp-json\/wp\/v2\/product_cat?post=1361401"},{"taxonomy":"product_tag","embeddable":true,"href":"https:\/\/games.tactic.net\/sv\/wp-json\/wp\/v2\/product_tag?post=1361401"},{"taxonomy":"brand","embeddable":true,"href":"https:\/\/games.tactic.net\/sv\/wp-json\/wp\/v2\/brand?post=1361401"},{"taxonomy":"target-group","embeddable":true,"href":"https:\/\/games.tactic.net\/sv\/wp-json\/wp\/v2\/target-group?post=1361401"},{"taxonomy":"discontinued","embeddable":true,"href":"https:\/\/games.tactic.net\/sv\/wp-json\/wp\/v2\/discontinued?post=1361401"}],"curies":[{"name":"wp","href":"https:\/\/api.w.org\/{rel}","templated":true}]}}