{"id":1361385,"date":"2024-08-26T16:10:59","date_gmt":"2024-08-26T13:10:59","guid":{"rendered":"https:\/\/games.tactic.net\/tuote\/tactic-lets-learn-trivia-game-around-the-world-se\/"},"modified":"2024-08-26T16:10:59","modified_gmt":"2024-08-26T13:10:59","slug":"tactic-lets-learn-trivia-game-around-the-world-se","status":"publish","type":"product","link":"https:\/\/games.tactic.net\/sv\/tuote\/tactic-lets-learn-trivia-game-around-the-world-se\/","title":{"rendered":"Tactic L\u00e4r dig Fr\u00e5gespel V\u00e4rlden runt"},"content":{"rendered":"<p>Testa dina kunskaper: 500 fr\u00e5gor om v\u00e5r v\u00e4rld<\/p>\n<p>Res runt i v\u00e4rlden! Testa dina kunskaper och utmana dina v\u00e4nner. Det h\u00e4r spelet inneh\u00e5ller 500 fr\u00e5gor inom allt mellan himmel och jord runtom i v\u00e4rlden. Ett spel f\u00f6r hela familjen.  Reglerna \u00e4r enkla: samla fem brickor genom att svara r\u00e4tt p\u00e5 fem fr\u00e5gor. Kom upp till en ny niv\u00e5 utan att f\u00f6rlora dina po\u00e4ng eller best\u00e4m dig f\u00f6r att inte svara om du inte k\u00e4nner f\u00f6r att gissa.<\/p>\n<p>Samla flera Top5-spel i olika teman och anv\u00e4nd de olika korten utifr\u00e5n din kunskapsniv\u00e5. Blanda kort fr\u00e5n olika spel och l\u00e4r av varandra.<\/p>\n<p>L\u00e4r dig serien inneh\u00e5ller en stor bredd av spel f\u00f6r l\u00e4rande och underh\u00e5llning inom m\u00e5nga olika omr\u00e5den.<\/p>\n<p>Den h\u00e4r produkten \u00e4r tillverkad i Finland i Tactic Games egen fabrik. V\u00e5r produktion s\u00e4kerst\u00e4ller sp\u00e5rbarheten av alla material, och vi blev FSC-certifierade \u00e5r 2021. Vi arbetar dessutom med att noga \u00f6vervaka v\u00e5ra koldioxidutsl\u00e4pp.<\/p>\n","protected":false},"excerpt":{"rendered":"<p>Testa dina kunskaper: 500 fr\u00e5gor om v\u00e5r v\u00e4rld Res runt i v\u00e4rlden! Testa dina kunskaper och utmana dina v\u00e4nner. Det h\u00e4r spelet inneh\u00e5ller 500 fr\u00e5gor inom allt mellan himmel och jord runtom i v\u00e4rlden. Ett spel f\u00f6r hela familjen. Reglerna \u00e4r enkla: samla fem brickor genom att svara r\u00e4tt p\u00e5 fem fr\u00e5gor. Kom upp till [&hellip;]<\/p>\n","protected":false},"featured_media":0,"template":"","meta":{"content-type":"","_monsterinsights_skip_tracking":false,"_monsterinsights_sitenote_active":false,"_monsterinsights_sitenote_note":"","_monsterinsights_sitenote_category":0},"product_brand":[],"product_cat":[1519,813],"product_tag":[1254],"brand":[{"id":864,"name":"Let's Learn","slug":"letslearn-sv"}],"target-group":[],"discontinued":[],"class_list":{"0":"post-1361385","1":"product","2":"type-product","3":"status-publish","5":"product_cat-lar-spel-barnspel","6":"product_cat-resespel","7":"product_tag-pedagogisk-sv","8":"brand-letslearn-sv","10":"first","11":"instock","12":"taxable","13":"shipping-taxable","14":"product-type-simple"},"aioseo_notices":[],"_links":{"self":[{"href":"https:\/\/games.tactic.net\/sv\/wp-json\/wp\/v2\/product\/1361385","targetHints":{"allow":["GET"]}}],"collection":[{"href":"https:\/\/games.tactic.net\/sv\/wp-json\/wp\/v2\/product"}],"about":[{"href":"https:\/\/games.tactic.net\/sv\/wp-json\/wp\/v2\/types\/product"}],"wp:attachment":[{"href":"https:\/\/games.tactic.net\/sv\/wp-json\/wp\/v2\/media?parent=1361385"}],"wp:term":[{"taxonomy":"product_brand","embeddable":true,"href":"https:\/\/games.tactic.net\/sv\/wp-json\/wp\/v2\/product_brand?post=1361385"},{"taxonomy":"product_cat","embeddable":true,"href":"https:\/\/games.tactic.net\/sv\/wp-json\/wp\/v2\/product_cat?post=1361385"},{"taxonomy":"product_tag","embeddable":true,"href":"https:\/\/games.tactic.net\/sv\/wp-json\/wp\/v2\/product_tag?post=1361385"},{"taxonomy":"brand","embeddable":true,"href":"https:\/\/games.tactic.net\/sv\/wp-json\/wp\/v2\/brand?post=1361385"},{"taxonomy":"target-group","embeddable":true,"href":"https:\/\/games.tactic.net\/sv\/wp-json\/wp\/v2\/target-group?post=1361385"},{"taxonomy":"discontinued","embeddable":true,"href":"https:\/\/games.tactic.net\/sv\/wp-json\/wp\/v2\/discontinued?post=1361385"}],"curies":[{"name":"wp","href":"https:\/\/api.w.org\/{rel}","templated":true}]}}