{"id":1361382,"date":"2024-08-26T16:10:21","date_gmt":"2024-08-26T13:10:21","guid":{"rendered":"https:\/\/games.tactic.net\/tuote\/gamestorm-crime-scene-tokyo-2000\/"},"modified":"2024-08-26T16:10:21","modified_gmt":"2024-08-26T13:10:21","slug":"gamestorm-crime-scene-tokyo-2000","status":"publish","type":"product","link":"https:\/\/games.tactic.net\/sv\/tuote\/gamestorm-crime-scene-tokyo-2000\/","title":{"rendered":"Gamestorm Crime Scene Tokyo 2000"},"content":{"rendered":"<p>Du kommer att l\u00e4gga ihop bevisen och l\u00f6sa pusslen, medan den f\u00e4ngslande ber\u00e4ttelsen och de uppslukande bilderna drar in dig i platsen f\u00f6r brottet. Hitta ledtr\u00e5darna, l\u00f6s fallet.<\/p>\n<p>Crime Scene har en massor av utmanande uppgifter att utf\u00f6ra, medan den sp\u00e4nnande ber\u00e4ttelsen f\u00f6r dig n\u00e4rmare och n\u00e4rmare slutet. Varje spel inneh\u00e5ller en unik ber\u00e4ttelse som \u00e4r skriven av den finska deckarf\u00f6rfattaren Arttu Tuominen.<\/p>\n<p>Den h\u00e4r produkten \u00e4r tillverkad i Finland i Tactic Games egen fabrik. V\u00e5r produktion s\u00e4kerst\u00e4ller sp\u00e5rbarheten av alla material, och vi blev FSC-certifierade \u00e5r 2021. Vi arbetar dessutom med att noga \u00f6vervaka v\u00e5ra koldioxidutsl\u00e4pp.<\/p>\n","protected":false},"excerpt":{"rendered":"<p>Du kommer att l\u00e4gga ihop bevisen och l\u00f6sa pusslen, medan den f\u00e4ngslande ber\u00e4ttelsen och de uppslukande bilderna drar in dig i platsen f\u00f6r brottet. Hitta ledtr\u00e5darna, l\u00f6s fallet. Crime Scene har en massor av utmanande uppgifter att utf\u00f6ra, medan den sp\u00e4nnande ber\u00e4ttelsen f\u00f6r dig n\u00e4rmare och n\u00e4rmare slutet. Varje spel inneh\u00e5ller en unik ber\u00e4ttelse som [&hellip;]<\/p>\n","protected":false},"featured_media":0,"template":"","meta":{"content-type":"","_monsterinsights_skip_tracking":false,"_monsterinsights_sitenote_active":false,"_monsterinsights_sitenote_note":"","_monsterinsights_sitenote_category":0},"product_brand":[],"product_cat":[683],"product_tag":[],"brand":[{"id":881,"name":"Gamestorm Studio","slug":"gamestormstudio"}],"target-group":[],"discontinued":[],"class_list":{"0":"post-1361382","1":"product","2":"type-product","3":"status-publish","5":"product_cat-vuxenspel","6":"brand-gamestormstudio","8":"first","9":"instock","10":"taxable","11":"shipping-taxable","12":"product-type-simple"},"aioseo_notices":[],"_links":{"self":[{"href":"https:\/\/games.tactic.net\/sv\/wp-json\/wp\/v2\/product\/1361382","targetHints":{"allow":["GET"]}}],"collection":[{"href":"https:\/\/games.tactic.net\/sv\/wp-json\/wp\/v2\/product"}],"about":[{"href":"https:\/\/games.tactic.net\/sv\/wp-json\/wp\/v2\/types\/product"}],"wp:attachment":[{"href":"https:\/\/games.tactic.net\/sv\/wp-json\/wp\/v2\/media?parent=1361382"}],"wp:term":[{"taxonomy":"product_brand","embeddable":true,"href":"https:\/\/games.tactic.net\/sv\/wp-json\/wp\/v2\/product_brand?post=1361382"},{"taxonomy":"product_cat","embeddable":true,"href":"https:\/\/games.tactic.net\/sv\/wp-json\/wp\/v2\/product_cat?post=1361382"},{"taxonomy":"product_tag","embeddable":true,"href":"https:\/\/games.tactic.net\/sv\/wp-json\/wp\/v2\/product_tag?post=1361382"},{"taxonomy":"brand","embeddable":true,"href":"https:\/\/games.tactic.net\/sv\/wp-json\/wp\/v2\/brand?post=1361382"},{"taxonomy":"target-group","embeddable":true,"href":"https:\/\/games.tactic.net\/sv\/wp-json\/wp\/v2\/target-group?post=1361382"},{"taxonomy":"discontinued","embeddable":true,"href":"https:\/\/games.tactic.net\/sv\/wp-json\/wp\/v2\/discontinued?post=1361382"}],"curies":[{"name":"wp","href":"https:\/\/api.w.org\/{rel}","templated":true}]}}