{"id":1361379,"date":"2024-08-26T16:09:33","date_gmt":"2024-08-26T13:09:33","guid":{"rendered":"https:\/\/games.tactic.net\/tuote\/tactic-ludo-original\/"},"modified":"2024-08-26T16:09:33","modified_gmt":"2024-08-26T13:09:33","slug":"tactic-ludo-original","status":"publish","type":"product","link":"https:\/\/games.tactic.net\/sv\/tuote\/tactic-ludo-original\/","title":{"rendered":"Ludo Fia"},"content":{"rendered":"<p>I Fia spelar varje spelare med fyra pj\u00e4ser som ska flyttas runt spelplanen fr\u00e5n start till m\u00e5l. F\u00f6r att b\u00f6rja m\u00e5ste du sl\u00e5 en etta eller sexa p\u00e5 t\u00e4rningen. N\u00e4r dina pj\u00e4ser \u00e4r i spel flyttar du dem enligt antalet prickar p\u00e5 t\u00e4rningen. Om din pj\u00e4s landar p\u00e5 en motspelares pj\u00e4s, skickas den tillbaka till start. M\u00e5let \u00e4r att f\u00e5 alla dina pj\u00e4ser i m\u00e5l f\u00f6re de andra spelarna. Klarar du det \u00e4r du vinnaren!<\/p>\n","protected":false},"excerpt":{"rendered":"<p>Vad \u00e4r mer klassiskt \u00e4n ett Fia-spel? Fia \u00e4r det perfekta spelet f\u00f6r hela familjen, d\u00e4r enkel taktik och tur leder till sp\u00e4nnande stunder. Flytta dina fyra spelpj\u00e4ser runt spelplanen till m\u00e5let utan att bli knuffad, samtidigt som du f\u00f6rs\u00f6ker knuffa ut dina medspelare. Kommer du att lyckas ta alla pj\u00e4ser i m\u00e5l f\u00f6rst?<\/p>\n","protected":false},"featured_media":0,"template":"","meta":{"content-type":"","_monsterinsights_skip_tracking":false,"_monsterinsights_sitenote_active":false,"_monsterinsights_sitenote_note":"","_monsterinsights_sitenote_category":0},"product_brand":[],"product_cat":[1462],"product_tag":[1238,857],"brand":[],"target-group":[],"discontinued":[],"class_list":{"0":"post-1361379","1":"product","2":"type-product","3":"status-publish","5":"product_cat-bradspel-barnspel","6":"product_tag-strategi-sv","7":"product_tag-tur","9":"first","10":"instock","11":"taxable","12":"shipping-taxable","13":"product-type-simple"},"aioseo_notices":[],"_links":{"self":[{"href":"https:\/\/games.tactic.net\/sv\/wp-json\/wp\/v2\/product\/1361379","targetHints":{"allow":["GET"]}}],"collection":[{"href":"https:\/\/games.tactic.net\/sv\/wp-json\/wp\/v2\/product"}],"about":[{"href":"https:\/\/games.tactic.net\/sv\/wp-json\/wp\/v2\/types\/product"}],"wp:attachment":[{"href":"https:\/\/games.tactic.net\/sv\/wp-json\/wp\/v2\/media?parent=1361379"}],"wp:term":[{"taxonomy":"product_brand","embeddable":true,"href":"https:\/\/games.tactic.net\/sv\/wp-json\/wp\/v2\/product_brand?post=1361379"},{"taxonomy":"product_cat","embeddable":true,"href":"https:\/\/games.tactic.net\/sv\/wp-json\/wp\/v2\/product_cat?post=1361379"},{"taxonomy":"product_tag","embeddable":true,"href":"https:\/\/games.tactic.net\/sv\/wp-json\/wp\/v2\/product_tag?post=1361379"},{"taxonomy":"brand","embeddable":true,"href":"https:\/\/games.tactic.net\/sv\/wp-json\/wp\/v2\/brand?post=1361379"},{"taxonomy":"target-group","embeddable":true,"href":"https:\/\/games.tactic.net\/sv\/wp-json\/wp\/v2\/target-group?post=1361379"},{"taxonomy":"discontinued","embeddable":true,"href":"https:\/\/games.tactic.net\/sv\/wp-json\/wp\/v2\/discontinued?post=1361379"}],"curies":[{"name":"wp","href":"https:\/\/api.w.org\/{rel}","templated":true}]}}