{"id":1361378,"date":"2024-08-26T15:09:19","date_gmt":"2024-08-26T12:09:19","guid":{"rendered":"https:\/\/games.tactic.net\/tuote\/stegspelet\/"},"modified":"2024-08-26T15:09:19","modified_gmt":"2024-08-26T12:09:19","slug":"stegspelet","status":"publish","type":"product","link":"https:\/\/games.tactic.net\/sv\/tuote\/stegspelet\/","title":{"rendered":"Tactic Stegspelet br\u00e4dspel"},"content":{"rendered":"<p>Stegspelet \u00e4r ett klassiskt och roligt t\u00e4rningsspel som passar hela familjen. P\u00e5 spelbr\u00e4det m\u00f6ter du b\u00e5de bl\u00e5 rutor som l\u00e5ter dig kl\u00e4ttra snabbt upp\u00e5t med hj\u00e4lp av stegar, och r\u00f6da rutor som f\u00e5r dig att kana ner och b\u00f6rja om l\u00e4ngre ner p\u00e5 br\u00e4det. Med enkla regler och en perfekt mix av tur och strategi blir varje spelomg\u00e5ng sp\u00e4nnande och of\u00f6ruts\u00e4gbar. Utmana familj och v\u00e4nner i detta roliga spel d\u00e4r det g\u00e4ller att kl\u00e4ttra, undvika fallgropar och n\u00e5 toppen f\u00f6rst!<\/p>\n","protected":false},"excerpt":{"rendered":"<p>Stegspelet \u00e4r ett sp\u00e4nnande familjespel d\u00e4r spelarna t\u00e4vlar om att n\u00e5 toppen f\u00f6rst! Sl\u00e5 t\u00e4rningen, kl\u00e4ttra uppf\u00f6r stegarna och undvik att kana ner p\u00e5 de farliga r\u00f6da rutorna. Vem har turen p\u00e5 sin sida?<\/p>\n","protected":false},"featured_media":0,"template":"","meta":{"content-type":"","_monsterinsights_skip_tracking":false,"_monsterinsights_sitenote_active":false,"_monsterinsights_sitenote_note":"","_monsterinsights_sitenote_category":0},"product_brand":[],"product_cat":[1462],"product_tag":[857],"brand":[],"target-group":[],"discontinued":[],"class_list":{"0":"post-1361378","1":"product","2":"type-product","3":"status-publish","5":"product_cat-bradspel-barnspel","6":"product_tag-tur","8":"first","9":"instock","10":"taxable","11":"shipping-taxable","12":"product-type-simple"},"aioseo_notices":[],"_links":{"self":[{"href":"https:\/\/games.tactic.net\/sv\/wp-json\/wp\/v2\/product\/1361378","targetHints":{"allow":["GET"]}}],"collection":[{"href":"https:\/\/games.tactic.net\/sv\/wp-json\/wp\/v2\/product"}],"about":[{"href":"https:\/\/games.tactic.net\/sv\/wp-json\/wp\/v2\/types\/product"}],"wp:attachment":[{"href":"https:\/\/games.tactic.net\/sv\/wp-json\/wp\/v2\/media?parent=1361378"}],"wp:term":[{"taxonomy":"product_brand","embeddable":true,"href":"https:\/\/games.tactic.net\/sv\/wp-json\/wp\/v2\/product_brand?post=1361378"},{"taxonomy":"product_cat","embeddable":true,"href":"https:\/\/games.tactic.net\/sv\/wp-json\/wp\/v2\/product_cat?post=1361378"},{"taxonomy":"product_tag","embeddable":true,"href":"https:\/\/games.tactic.net\/sv\/wp-json\/wp\/v2\/product_tag?post=1361378"},{"taxonomy":"brand","embeddable":true,"href":"https:\/\/games.tactic.net\/sv\/wp-json\/wp\/v2\/brand?post=1361378"},{"taxonomy":"target-group","embeddable":true,"href":"https:\/\/games.tactic.net\/sv\/wp-json\/wp\/v2\/target-group?post=1361378"},{"taxonomy":"discontinued","embeddable":true,"href":"https:\/\/games.tactic.net\/sv\/wp-json\/wp\/v2\/discontinued?post=1361378"}],"curies":[{"name":"wp","href":"https:\/\/api.w.org\/{rel}","templated":true}]}}