{"id":1361370,"date":"2024-08-26T14:09:08","date_gmt":"2024-08-26T11:09:08","guid":{"rendered":"https:\/\/games.tactic.net\/tuote\/sanka-skepp\/"},"modified":"2024-08-26T14:09:08","modified_gmt":"2024-08-26T11:09:08","slug":"sanka-skepp","status":"publish","type":"product","link":"https:\/\/games.tactic.net\/sv\/tuote\/sanka-skepp\/","title":{"rendered":"Tactic S\u00e4nka skepp br\u00e4dspel"},"content":{"rendered":"<p>Det klassiska spelet s\u00e4nka skepp. Tv\u00e5 spelare m\u00f6ts och f\u00f6rs\u00f6ker vinna en sj\u00f6strid genom att s\u00e4nka motst\u00e5ndarens skepp innan de egna skeppen s\u00e4nkts. <\/p>\n","protected":false},"excerpt":{"rendered":"<p>Det klassiska spelet s\u00e4nka skepp. Tv\u00e5 spelare m\u00f6ts och f\u00f6rs\u00f6ker vinna en sj\u00f6strid genom att s\u00e4nka motst\u00e5ndarens skepp innan de egna skeppen s\u00e4nkts.<\/p>\n","protected":false},"featured_media":119305,"template":"","meta":{"content-type":"","_monsterinsights_skip_tracking":false,"_monsterinsights_sitenote_active":false,"_monsterinsights_sitenote_note":"","_monsterinsights_sitenote_category":0},"product_brand":[],"product_cat":[1462,772],"product_tag":[1265],"brand":[],"target-group":[],"discontinued":[],"class_list":{"0":"post-1361370","1":"product","2":"type-product","3":"status-publish","4":"has-post-thumbnail","6":"product_cat-bradspel-barnspel","7":"product_cat-strategispel","8":"product_tag-taktik-sv","10":"first","11":"instock","12":"taxable","13":"shipping-taxable","14":"product-type-simple"},"aioseo_notices":[],"_links":{"self":[{"href":"https:\/\/games.tactic.net\/sv\/wp-json\/wp\/v2\/product\/1361370","targetHints":{"allow":["GET"]}}],"collection":[{"href":"https:\/\/games.tactic.net\/sv\/wp-json\/wp\/v2\/product"}],"about":[{"href":"https:\/\/games.tactic.net\/sv\/wp-json\/wp\/v2\/types\/product"}],"wp:featuredmedia":[{"embeddable":true,"href":"https:\/\/games.tactic.net\/sv\/wp-json\/wp\/v2\/media\/119305"}],"wp:attachment":[{"href":"https:\/\/games.tactic.net\/sv\/wp-json\/wp\/v2\/media?parent=1361370"}],"wp:term":[{"taxonomy":"product_brand","embeddable":true,"href":"https:\/\/games.tactic.net\/sv\/wp-json\/wp\/v2\/product_brand?post=1361370"},{"taxonomy":"product_cat","embeddable":true,"href":"https:\/\/games.tactic.net\/sv\/wp-json\/wp\/v2\/product_cat?post=1361370"},{"taxonomy":"product_tag","embeddable":true,"href":"https:\/\/games.tactic.net\/sv\/wp-json\/wp\/v2\/product_tag?post=1361370"},{"taxonomy":"brand","embeddable":true,"href":"https:\/\/games.tactic.net\/sv\/wp-json\/wp\/v2\/brand?post=1361370"},{"taxonomy":"target-group","embeddable":true,"href":"https:\/\/games.tactic.net\/sv\/wp-json\/wp\/v2\/target-group?post=1361370"},{"taxonomy":"discontinued","embeddable":true,"href":"https:\/\/games.tactic.net\/sv\/wp-json\/wp\/v2\/discontinued?post=1361370"}],"curies":[{"name":"wp","href":"https:\/\/api.w.org\/{rel}","templated":true}]}}