{"id":1361365,"date":"2024-08-23T15:10:04","date_gmt":"2024-08-23T12:10:04","guid":{"rendered":"https:\/\/games.tactic.net\/tuote\/tactic-alias-mitt-forsta\/"},"modified":"2025-10-20T10:32:04","modified_gmt":"2025-10-20T07:32:04","slug":"tactic-alias-mitt-forsta","status":"publish","type":"product","link":"https:\/\/games.tactic.net\/sv\/tuote\/tactic-alias-mitt-forsta\/","title":{"rendered":"Mitt f\u00f6rsta Alias"},"content":{"rendered":"<p>Ett ordf\u00f6rklaringsspel f\u00f6r de yngsta spelarna. Spelet \u00e4r utformat f\u00f6r att sm\u00e5 barn ska ha riktigt roligt: Ordkorten \u00e4r enkla och har f\u00e4rggranna bilder f\u00f6r de som inte kan l\u00e4sa. Att flytta p\u00e5 spelbr\u00e4det g\u00e5r snabbt. Alla spelar samtidigt! Inneh\u00e5ller h\u00e4rliga och unika illustrationer. Turfaktorn \u00e4r precis avv\u00e4gd f\u00f6r ett spel f\u00f6r sm\u00e5 barn.<\/p>\n","protected":false},"excerpt":{"rendered":"<p>Ett ordf\u00f6rklaringsspel f\u00f6r de yngsta spelarna.<\/p>\n","protected":false},"featured_media":0,"template":"","meta":{"content-type":"","_monsterinsights_skip_tracking":false,"_monsterinsights_sitenote_active":false,"_monsterinsights_sitenote_note":"","_monsterinsights_sitenote_category":0},"product_brand":[],"product_cat":[1462],"product_tag":[],"brand":[{"id":599,"name":"Alias","slug":"alias_se"}],"target-group":[],"discontinued":[],"class_list":{"0":"post-1361365","1":"product","2":"type-product","3":"status-publish","5":"product_cat-bradspel-barnspel","6":"brand-alias_se","8":"first","9":"instock","10":"taxable","11":"shipping-taxable","12":"product-type-simple"},"aioseo_notices":[],"_links":{"self":[{"href":"https:\/\/games.tactic.net\/sv\/wp-json\/wp\/v2\/product\/1361365","targetHints":{"allow":["GET"]}}],"collection":[{"href":"https:\/\/games.tactic.net\/sv\/wp-json\/wp\/v2\/product"}],"about":[{"href":"https:\/\/games.tactic.net\/sv\/wp-json\/wp\/v2\/types\/product"}],"wp:attachment":[{"href":"https:\/\/games.tactic.net\/sv\/wp-json\/wp\/v2\/media?parent=1361365"}],"wp:term":[{"taxonomy":"product_brand","embeddable":true,"href":"https:\/\/games.tactic.net\/sv\/wp-json\/wp\/v2\/product_brand?post=1361365"},{"taxonomy":"product_cat","embeddable":true,"href":"https:\/\/games.tactic.net\/sv\/wp-json\/wp\/v2\/product_cat?post=1361365"},{"taxonomy":"product_tag","embeddable":true,"href":"https:\/\/games.tactic.net\/sv\/wp-json\/wp\/v2\/product_tag?post=1361365"},{"taxonomy":"brand","embeddable":true,"href":"https:\/\/games.tactic.net\/sv\/wp-json\/wp\/v2\/brand?post=1361365"},{"taxonomy":"target-group","embeddable":true,"href":"https:\/\/games.tactic.net\/sv\/wp-json\/wp\/v2\/target-group?post=1361365"},{"taxonomy":"discontinued","embeddable":true,"href":"https:\/\/games.tactic.net\/sv\/wp-json\/wp\/v2\/discontinued?post=1361365"}],"curies":[{"name":"wp","href":"https:\/\/api.w.org\/{rel}","templated":true}]}}