{"id":1361363,"date":"2024-08-23T12:09:07","date_gmt":"2024-08-23T09:09:07","guid":{"rendered":"https:\/\/games.tactic.net\/tuote\/gamestorm-crime-scene-luxor-1932\/"},"modified":"2024-08-23T12:09:07","modified_gmt":"2024-08-23T09:09:07","slug":"gamestorm-crime-scene-luxor-1932","status":"publish","type":"product","link":"https:\/\/games.tactic.net\/sv\/tuote\/gamestorm-crime-scene-luxor-1932\/","title":{"rendered":"Gamestorm Crime Scene Luxor 1932"},"content":{"rendered":"<p>Jakten p\u00e5 en f\u00f6rsvunnen engelsman i Kairo tar en ov\u00e4ntad v\u00e4ndning till mystik. Mitt i en mordutredning och visioner av en d\u00f6dsgud fr\u00e5n det forntida Egypten beh\u00f6ver du ha huvudet p\u00e5 skaft f\u00f6r att klara dig vidare.<br \/>\n\u2013 L\u00f6s kluringar och ta dig n\u00e4rmare ber\u00e4ttelsens avg\u00f6rande.<br \/>\n\u2013 Inneh\u00e5ller en unik ber\u00e4ttelse skriven av den finske deckarf\u00f6rfattaren Arttu Tuominen.<\/p>\n","protected":false},"excerpt":{"rendered":"<p>Jakten p\u00e5 en f\u00f6rsvunnen engelsman i Kairo tar en ov\u00e4ntad v\u00e4ndning till mystik. Mitt i en mordutredning och visioner av en d\u00f6dsgud fr\u00e5n det forntida Egypten beh\u00f6ver du ha huvudet p\u00e5 skaft f\u00f6r att klara dig vidare. \u2013 L\u00f6s kluringar och ta dig n\u00e4rmare ber\u00e4ttelsens avg\u00f6rande. \u2013 Inneh\u00e5ller en unik ber\u00e4ttelse skriven av den finske [&hellip;]<\/p>\n","protected":false},"featured_media":0,"template":"","meta":{"content-type":"","_monsterinsights_skip_tracking":false,"_monsterinsights_sitenote_active":false,"_monsterinsights_sitenote_note":"","_monsterinsights_sitenote_category":0},"product_brand":[],"product_cat":[1549],"product_tag":[],"brand":[{"id":881,"name":"Gamestorm Studio","slug":"gamestormstudio"}],"target-group":[],"discontinued":[],"class_list":{"0":"post-1361363","1":"product","2":"type-product","3":"status-publish","5":"product_cat-1549","6":"brand-gamestormstudio","8":"first","9":"instock","10":"taxable","11":"shipping-taxable","12":"product-type-simple"},"aioseo_notices":[],"_links":{"self":[{"href":"https:\/\/games.tactic.net\/sv\/wp-json\/wp\/v2\/product\/1361363","targetHints":{"allow":["GET"]}}],"collection":[{"href":"https:\/\/games.tactic.net\/sv\/wp-json\/wp\/v2\/product"}],"about":[{"href":"https:\/\/games.tactic.net\/sv\/wp-json\/wp\/v2\/types\/product"}],"wp:attachment":[{"href":"https:\/\/games.tactic.net\/sv\/wp-json\/wp\/v2\/media?parent=1361363"}],"wp:term":[{"taxonomy":"product_brand","embeddable":true,"href":"https:\/\/games.tactic.net\/sv\/wp-json\/wp\/v2\/product_brand?post=1361363"},{"taxonomy":"product_cat","embeddable":true,"href":"https:\/\/games.tactic.net\/sv\/wp-json\/wp\/v2\/product_cat?post=1361363"},{"taxonomy":"product_tag","embeddable":true,"href":"https:\/\/games.tactic.net\/sv\/wp-json\/wp\/v2\/product_tag?post=1361363"},{"taxonomy":"brand","embeddable":true,"href":"https:\/\/games.tactic.net\/sv\/wp-json\/wp\/v2\/brand?post=1361363"},{"taxonomy":"target-group","embeddable":true,"href":"https:\/\/games.tactic.net\/sv\/wp-json\/wp\/v2\/target-group?post=1361363"},{"taxonomy":"discontinued","embeddable":true,"href":"https:\/\/games.tactic.net\/sv\/wp-json\/wp\/v2\/discontinued?post=1361363"}],"curies":[{"name":"wp","href":"https:\/\/api.w.org\/{rel}","templated":true}]}}