{"id":1361355,"date":"2024-08-22T09:31:47","date_gmt":"2024-08-22T06:31:47","guid":{"rendered":"https:\/\/games.tactic.net\/tuote\/top-pranks-funny-face-jokes\/"},"modified":"2024-08-22T09:31:47","modified_gmt":"2024-08-22T06:31:47","slug":"top-pranks-funny-face-jokes","status":"archive","type":"product","link":"https:\/\/games.tactic.net\/sv\/tuote\/top-pranks-funny-face-jokes\/","title":{"rendered":"Top Pranks Funny Face Jokes"},"content":{"rendered":"<p>Var en m\u00e4stare och lura dina v\u00e4nner! Sju mustascher av plast Kanint\u00e4nder <\/p>\n","protected":false},"excerpt":{"rendered":"<p>Var en m\u00e4stare och lura dina v\u00e4nner! Sju mustascher av plast Kanint\u00e4nder<\/p>\n","protected":false},"featured_media":0,"template":"","meta":{"content-type":"","_monsterinsights_skip_tracking":false,"_monsterinsights_sitenote_active":false,"_monsterinsights_sitenote_note":"","_monsterinsights_sitenote_category":0},"product_brand":[],"product_cat":[1616],"product_tag":[1220,1227,932],"brand":[],"target-group":[],"discontinued":[],"class_list":{"0":"post-1361355","1":"product","2":"type-product","3":"status-archive","5":"product_cat-magiska-trick-och-skamt","6":"product_tag-aktion-sv","7":"product_tag-kreativitet-sv","8":"product_tag-tidsfordriv","10":"first","11":"outofstock","12":"taxable","13":"shipping-taxable","14":"product-type-simple"},"aioseo_notices":[],"_links":{"self":[{"href":"https:\/\/games.tactic.net\/sv\/wp-json\/wp\/v2\/product\/1361355","targetHints":{"allow":["GET"]}}],"collection":[{"href":"https:\/\/games.tactic.net\/sv\/wp-json\/wp\/v2\/product"}],"about":[{"href":"https:\/\/games.tactic.net\/sv\/wp-json\/wp\/v2\/types\/product"}],"wp:attachment":[{"href":"https:\/\/games.tactic.net\/sv\/wp-json\/wp\/v2\/media?parent=1361355"}],"wp:term":[{"taxonomy":"product_brand","embeddable":true,"href":"https:\/\/games.tactic.net\/sv\/wp-json\/wp\/v2\/product_brand?post=1361355"},{"taxonomy":"product_cat","embeddable":true,"href":"https:\/\/games.tactic.net\/sv\/wp-json\/wp\/v2\/product_cat?post=1361355"},{"taxonomy":"product_tag","embeddable":true,"href":"https:\/\/games.tactic.net\/sv\/wp-json\/wp\/v2\/product_tag?post=1361355"},{"taxonomy":"brand","embeddable":true,"href":"https:\/\/games.tactic.net\/sv\/wp-json\/wp\/v2\/brand?post=1361355"},{"taxonomy":"target-group","embeddable":true,"href":"https:\/\/games.tactic.net\/sv\/wp-json\/wp\/v2\/target-group?post=1361355"},{"taxonomy":"discontinued","embeddable":true,"href":"https:\/\/games.tactic.net\/sv\/wp-json\/wp\/v2\/discontinued?post=1361355"}],"curies":[{"name":"wp","href":"https:\/\/api.w.org\/{rel}","templated":true}]}}