{"id":1361320,"date":"2024-08-21T13:14:52","date_gmt":"2024-08-21T10:14:52","guid":{"rendered":"https:\/\/games.tactic.net\/tuote\/collecta-box-of-mini-insect-spider\/"},"modified":"2024-08-21T13:14:52","modified_gmt":"2024-08-21T10:14:52","slug":"collecta-box-of-mini-insect-spider","status":"publish","type":"product","link":"https:\/\/games.tactic.net\/sv\/tuote\/collecta-box-of-mini-insect-spider\/","title":{"rendered":"CollectA box of Mini Insect &#038; Spider"},"content":{"rendered":"<p>I detta set ing\u00e5r 12 olika insekter f\u00f6r den som \u00e4r fascinerad av insektsv\u00e4rlden i en praktisk f\u00f6rvaringsl\u00e5da av plast. <\/p>\n<p>Inneh\u00e5ller f\u00f6ljande insektsfigurer:<br \/>\nNoshornsbagge<br \/>\nR\u00f6dkn\u00e4ad f\u00e5gelspindel<br \/>\nEkoxe<br \/>\nNordafrikansk tjocksvansskorpion<br \/>\nKungstrollsl\u00e4nda<br \/>\nB\u00f6nsyrsa<br \/>\nGr\u00e4shoppa<br \/>\nNyckelpiga<br \/>\nHumla<br \/>\nN\u00e4sselfj\u00e4ril<br \/>\nTusenfoting<br \/>\nSvarta \u00e4nkan-spindel I Collectas utbud hittar du djurfigurer fr\u00e5n ut\u00e5ldriga dinosaurier till sm\u00e5 bondg\u00e5rdsdjur. Figurerna finns i flera olika storlekar som passar f\u00f6r alla lekar.<\/p>\n","protected":false},"excerpt":{"rendered":"<p>I detta set ing\u00e5r 12 olika insekter f\u00f6r den som \u00e4r fascinerad av insektsv\u00e4rlden i en praktisk f\u00f6rvaringsl\u00e5da av plast. Inneh\u00e5ller f\u00f6ljande insektsfigurer: Noshornsbagge R\u00f6dkn\u00e4ad f\u00e5gelspindel Ekoxe Nordafrikansk tjocksvansskorpion Kungstrollsl\u00e4nda B\u00f6nsyrsa Gr\u00e4shoppa Nyckelpiga Humla N\u00e4sselfj\u00e4ril Tusenfoting Svarta \u00e4nkan-spindel I Collectas utbud hittar du djurfigurer fr\u00e5n ut\u00e5ldriga dinosaurier till sm\u00e5 bondg\u00e5rdsdjur. Figurerna finns i flera olika [&hellip;]<\/p>\n","protected":false},"featured_media":0,"template":"","meta":{"content-type":"","_monsterinsights_skip_tracking":false,"_monsterinsights_sitenote_active":false,"_monsterinsights_sitenote_note":"","_monsterinsights_sitenote_category":0},"product_brand":[],"product_cat":[2197],"product_tag":[],"brand":[],"target-group":[],"discontinued":[],"class_list":{"0":"post-1361320","1":"product","2":"type-product","3":"status-publish","5":"product_cat-collecta-leksaker","7":"first","8":"instock","9":"taxable","10":"shipping-taxable","11":"product-type-simple"},"aioseo_notices":[],"_links":{"self":[{"href":"https:\/\/games.tactic.net\/sv\/wp-json\/wp\/v2\/product\/1361320","targetHints":{"allow":["GET"]}}],"collection":[{"href":"https:\/\/games.tactic.net\/sv\/wp-json\/wp\/v2\/product"}],"about":[{"href":"https:\/\/games.tactic.net\/sv\/wp-json\/wp\/v2\/types\/product"}],"wp:attachment":[{"href":"https:\/\/games.tactic.net\/sv\/wp-json\/wp\/v2\/media?parent=1361320"}],"wp:term":[{"taxonomy":"product_brand","embeddable":true,"href":"https:\/\/games.tactic.net\/sv\/wp-json\/wp\/v2\/product_brand?post=1361320"},{"taxonomy":"product_cat","embeddable":true,"href":"https:\/\/games.tactic.net\/sv\/wp-json\/wp\/v2\/product_cat?post=1361320"},{"taxonomy":"product_tag","embeddable":true,"href":"https:\/\/games.tactic.net\/sv\/wp-json\/wp\/v2\/product_tag?post=1361320"},{"taxonomy":"brand","embeddable":true,"href":"https:\/\/games.tactic.net\/sv\/wp-json\/wp\/v2\/brand?post=1361320"},{"taxonomy":"target-group","embeddable":true,"href":"https:\/\/games.tactic.net\/sv\/wp-json\/wp\/v2\/target-group?post=1361320"},{"taxonomy":"discontinued","embeddable":true,"href":"https:\/\/games.tactic.net\/sv\/wp-json\/wp\/v2\/discontinued?post=1361320"}],"curies":[{"name":"wp","href":"https:\/\/api.w.org\/{rel}","templated":true}]}}