{"id":1360836,"date":"2024-05-24T12:09:34","date_gmt":"2024-05-24T09:09:34","guid":{"rendered":"https:\/\/games.tactic.net\/tuote\/moomin-lotto-memo-domino\/"},"modified":"2024-05-24T12:09:34","modified_gmt":"2024-05-24T09:09:34","slug":"moomin-lotto-memo-domino","status":"publish","type":"product","link":"https:\/\/games.tactic.net\/sv\/tuote\/moomin-lotto-memo-domino\/","title":{"rendered":"Tactic Moomin 3 in 1 Lotto, Memo, Domino"},"content":{"rendered":"<p>Ett nostalgist 3-i-ett spel med Mumin-tema.<br \/>\nH\u00e4r kan du spela Lotto, Memo och Domino tillsammans med de h\u00e4rliga karakt\u00e4rerna.<br \/>\nSpelet passar fr\u00e5n 3 \u00e5r och upp. <\/p>\n","protected":false},"excerpt":{"rendered":"<p>Ett nostalgist 3-i-ett spel med Mumin-tema. H\u00e4r kan du spela Lotto, Memo och Domino tillsammans med de h\u00e4rliga karakt\u00e4rerna. Spelet passar fr\u00e5n 3 \u00e5r och upp.<\/p>\n","protected":false},"featured_media":0,"template":"","meta":{"content-type":"","_monsterinsights_skip_tracking":false,"_monsterinsights_sitenote_active":false,"_monsterinsights_sitenote_note":"","_monsterinsights_sitenote_category":0},"product_brand":[],"product_cat":[1462,1567],"product_tag":[1235,932],"brand":[],"target-group":[],"discontinued":[],"class_list":{"0":"post-1360836","1":"product","2":"type-product","3":"status-publish","5":"product_cat-bradspel-barnspel","6":"product_cat-memo-spel-barnspel","7":"product_tag-kombinera-sv","8":"product_tag-tidsfordriv","10":"first","11":"instock","12":"taxable","13":"shipping-taxable","14":"product-type-simple"},"aioseo_notices":[],"_links":{"self":[{"href":"https:\/\/games.tactic.net\/sv\/wp-json\/wp\/v2\/product\/1360836","targetHints":{"allow":["GET"]}}],"collection":[{"href":"https:\/\/games.tactic.net\/sv\/wp-json\/wp\/v2\/product"}],"about":[{"href":"https:\/\/games.tactic.net\/sv\/wp-json\/wp\/v2\/types\/product"}],"wp:attachment":[{"href":"https:\/\/games.tactic.net\/sv\/wp-json\/wp\/v2\/media?parent=1360836"}],"wp:term":[{"taxonomy":"product_brand","embeddable":true,"href":"https:\/\/games.tactic.net\/sv\/wp-json\/wp\/v2\/product_brand?post=1360836"},{"taxonomy":"product_cat","embeddable":true,"href":"https:\/\/games.tactic.net\/sv\/wp-json\/wp\/v2\/product_cat?post=1360836"},{"taxonomy":"product_tag","embeddable":true,"href":"https:\/\/games.tactic.net\/sv\/wp-json\/wp\/v2\/product_tag?post=1360836"},{"taxonomy":"brand","embeddable":true,"href":"https:\/\/games.tactic.net\/sv\/wp-json\/wp\/v2\/brand?post=1360836"},{"taxonomy":"target-group","embeddable":true,"href":"https:\/\/games.tactic.net\/sv\/wp-json\/wp\/v2\/target-group?post=1360836"},{"taxonomy":"discontinued","embeddable":true,"href":"https:\/\/games.tactic.net\/sv\/wp-json\/wp\/v2\/discontinued?post=1360836"}],"curies":[{"name":"wp","href":"https:\/\/api.w.org\/{rel}","templated":true}]}}