{"id":1360704,"date":"2024-05-07T14:10:58","date_gmt":"2024-05-07T11:10:58","guid":{"rendered":"https:\/\/games.tactic.net\/tuote\/mb-sprinter-with-working-platform-ls-module\/"},"modified":"2024-05-07T14:10:58","modified_gmt":"2024-05-07T11:10:58","slug":"mb-sprinter-with-working-platform-ls-module","status":"publish","type":"product","link":"https:\/\/games.tactic.net\/sv\/tuote\/mb-sprinter-with-working-platform-ls-module\/","title":{"rendered":"Bruder Mercedes-Benz Sprinter med arbetsplattform och Ljus &#038; Ljud leksak"},"content":{"rendered":"<p>Banbrytande, effektiv, tillf\u00f6rlitlig \u2013 s\u00e5 beskriver Mercedes-Benz nya Sprinter. BRUDER:s senaste variant \u00e4r MB Sprinter med arbetsplattform. Den anv\u00e4nds f\u00f6r arbete p\u00e5 h\u00f6jd, t.ex. tr\u00e4d, gatubelysning och skyltar. BRUDER:s arbetsplattform lyfter varje bworld-figur s\u00e4kert upp till 70 cm! Tack vare den integrerade tekniken h\u00e5lls personkorgen horisontell n\u00e4r kranarmen f\u00f6rl\u00e4ngs. Fordonet s\u00e4kras med fyra utdragbara st\u00f6dben och fyra koner ing\u00e5r f\u00f6r att sp\u00e4rra av arbetsomr\u00e5det. Hyttd\u00f6rrarna kan \u00f6ppnas och Ljus- &#038; Ljudmodul \u00e4r f\u00f6rinstallerad f\u00f6r s\u00e4kerhet och synlighet.<\/p>\n","protected":false},"excerpt":{"rendered":"<p>MB Sprinter arbetsplattform h\u00f6jer figurer upp till 70 cm! Stabiliseras med st\u00f6dben och avsp\u00e4rrningspyloner. D\u00f6rrar \u00f6ppnas. Med Ljus- &#038; Ljudmodul.<\/p>\n","protected":false},"featured_media":0,"template":"","meta":{"content-type":"","_monsterinsights_skip_tracking":false,"_monsterinsights_sitenote_active":false,"_monsterinsights_sitenote_note":"","_monsterinsights_sitenote_category":0},"product_brand":[],"product_cat":[823],"product_tag":[],"brand":[],"target-group":[],"discontinued":[],"class_list":{"0":"post-1360704","1":"product","2":"type-product","3":"status-publish","5":"product_cat-bruder","7":"first","8":"instock","9":"taxable","10":"shipping-taxable","11":"product-type-simple"},"aioseo_notices":[],"_links":{"self":[{"href":"https:\/\/games.tactic.net\/sv\/wp-json\/wp\/v2\/product\/1360704","targetHints":{"allow":["GET"]}}],"collection":[{"href":"https:\/\/games.tactic.net\/sv\/wp-json\/wp\/v2\/product"}],"about":[{"href":"https:\/\/games.tactic.net\/sv\/wp-json\/wp\/v2\/types\/product"}],"wp:attachment":[{"href":"https:\/\/games.tactic.net\/sv\/wp-json\/wp\/v2\/media?parent=1360704"}],"wp:term":[{"taxonomy":"product_brand","embeddable":true,"href":"https:\/\/games.tactic.net\/sv\/wp-json\/wp\/v2\/product_brand?post=1360704"},{"taxonomy":"product_cat","embeddable":true,"href":"https:\/\/games.tactic.net\/sv\/wp-json\/wp\/v2\/product_cat?post=1360704"},{"taxonomy":"product_tag","embeddable":true,"href":"https:\/\/games.tactic.net\/sv\/wp-json\/wp\/v2\/product_tag?post=1360704"},{"taxonomy":"brand","embeddable":true,"href":"https:\/\/games.tactic.net\/sv\/wp-json\/wp\/v2\/brand?post=1360704"},{"taxonomy":"target-group","embeddable":true,"href":"https:\/\/games.tactic.net\/sv\/wp-json\/wp\/v2\/target-group?post=1360704"},{"taxonomy":"discontinued","embeddable":true,"href":"https:\/\/games.tactic.net\/sv\/wp-json\/wp\/v2\/discontinued?post=1360704"}],"curies":[{"name":"wp","href":"https:\/\/api.w.org\/{rel}","templated":true}]}}