{"id":1360567,"date":"2024-05-06T16:08:19","date_gmt":"2024-05-06T13:08:19","guid":{"rendered":"https:\/\/games.tactic.net\/tuote\/crime-scene-cyber\/"},"modified":"2024-05-06T16:08:19","modified_gmt":"2024-05-06T13:08:19","slug":"crime-scene-cyber","status":"publish","type":"product","link":"https:\/\/games.tactic.net\/sv\/tuote\/crime-scene-cyber\/","title":{"rendered":"Gamestorm Crime Scene Cyber"},"content":{"rendered":"<p>En osynlig hand orsakar en katastrof som faller p\u00e5 en intet ont anande man. Kan han st\u00e5 emot cyber-monstret som hotar att f\u00f6rst\u00f6ra hans och andras liv, eller kommer han att f\u00f6rlora allt?<br \/>\n&#8211; L\u00f6s kluringar f\u00f6r att ta dig fram\u00e5t i ber\u00e4ttelsen och komma till slutet.<br \/>\n&#8211; Inneh\u00e5ller en unik ber\u00e4ttelse av den finske deckarf\u00f6rfattaren Arttu Tuominen.<\/p>\n","protected":false},"excerpt":{"rendered":"<p>En osynlig hand orsakar en katastrof som faller p\u00e5 en intet ont anande man. Kan han st\u00e5 emot cyber-monstret som hotar att f\u00f6rst\u00f6ra hans och andras liv, eller kommer han att f\u00f6rlora allt? &#8211; L\u00f6s kluringar f\u00f6r att ta dig fram\u00e5t i ber\u00e4ttelsen och komma till slutet. &#8211; Inneh\u00e5ller en unik ber\u00e4ttelse av den finske [&hellip;]<\/p>\n","protected":false},"featured_media":0,"template":"","meta":{"content-type":"","_monsterinsights_skip_tracking":false,"_monsterinsights_sitenote_active":false,"_monsterinsights_sitenote_note":"","_monsterinsights_sitenote_category":0},"product_brand":[],"product_cat":[1549],"product_tag":[],"brand":[{"id":881,"name":"Gamestorm Studio","slug":"gamestormstudio"}],"target-group":[],"discontinued":[],"class_list":{"0":"post-1360567","1":"product","2":"type-product","3":"status-publish","5":"product_cat-1549","6":"brand-gamestormstudio","8":"first","9":"instock","10":"taxable","11":"shipping-taxable","12":"product-type-simple"},"aioseo_notices":[],"_links":{"self":[{"href":"https:\/\/games.tactic.net\/sv\/wp-json\/wp\/v2\/product\/1360567","targetHints":{"allow":["GET"]}}],"collection":[{"href":"https:\/\/games.tactic.net\/sv\/wp-json\/wp\/v2\/product"}],"about":[{"href":"https:\/\/games.tactic.net\/sv\/wp-json\/wp\/v2\/types\/product"}],"wp:attachment":[{"href":"https:\/\/games.tactic.net\/sv\/wp-json\/wp\/v2\/media?parent=1360567"}],"wp:term":[{"taxonomy":"product_brand","embeddable":true,"href":"https:\/\/games.tactic.net\/sv\/wp-json\/wp\/v2\/product_brand?post=1360567"},{"taxonomy":"product_cat","embeddable":true,"href":"https:\/\/games.tactic.net\/sv\/wp-json\/wp\/v2\/product_cat?post=1360567"},{"taxonomy":"product_tag","embeddable":true,"href":"https:\/\/games.tactic.net\/sv\/wp-json\/wp\/v2\/product_tag?post=1360567"},{"taxonomy":"brand","embeddable":true,"href":"https:\/\/games.tactic.net\/sv\/wp-json\/wp\/v2\/brand?post=1360567"},{"taxonomy":"target-group","embeddable":true,"href":"https:\/\/games.tactic.net\/sv\/wp-json\/wp\/v2\/target-group?post=1360567"},{"taxonomy":"discontinued","embeddable":true,"href":"https:\/\/games.tactic.net\/sv\/wp-json\/wp\/v2\/discontinued?post=1360567"}],"curies":[{"name":"wp","href":"https:\/\/api.w.org\/{rel}","templated":true}]}}